{"id":10049,"date":"2017-06-28T13:19:00","date_gmt":"2017-06-28T17:19:00","guid":{"rendered":"http:\/\/www.pitpitpit.com\/blogue\/?page_id=10049"},"modified":"2017-11-03T11:52:20","modified_gmt":"2017-11-03T15:52:20","slug":"2017-03-costa-rica","status":"publish","type":"page","link":"https:\/\/www.pitpitpit.com\/blogue\/2017-03-costa-rica\/","title":{"rendered":"Voyage au Costa Rica \u2013 Mars 2017"},"content":{"rendered":"<p><strong>Voyez la <a title=\"COSTA RICA 2017 (mars)\" href=\"https:\/\/www.pitpitpit.com\/blogue\/cgm\/costa-rica-2017-mars\/\" target=\"_blank\">galerie compl\u00e8te des photos<\/a> de ce voyage !<\/strong> (217 photos)<br \/>\n<span style=\"color: #ff0000;\">ATTENTION<\/span>! Attendez que toutes les images miniatures soient visibles jusqu&rsquo;\u00e0 la fin de la page avant de cliquer pour les visualiser en diaporama!<\/p>\n<p><strong>Revivez les observations du journal quotidien du voyage<\/strong> envoy\u00e9 \u00e0 la liste \u00e9lectronique \u00ab<a title=\"Liste PITPIT en voyage\" href=\"https:\/\/www.pitpitpit.com\/blogue\/inscription\" target=\"_blank\">PITPIT en voyage<\/a>\u00bb ! Vous pouvez d\u00e9couvrir ces billets :<\/p>\n<ul>\n<li>soit en cliquant sur les diff\u00e9rents liens ci-dessous un apr\u00e8s l&rsquo;autre,<\/li>\n<li>soit en cliquant tout d&rsquo;abord sur le premier lien ci-dessous (Jour 1), puis en passant d&rsquo;un billet \u00e0 l&rsquo;autre en cliquant, \u00e0 la fin du billet (avant les commentaires), sur le lien: <em>COSTA RICA 2017 (mars) #2<\/em>, puis ensuite sur le lien: <em>COSTA RICA 2017 (mars) #3, etc.<\/em><\/li>\n<\/ul>\n<p><a title=\"COSTA RICA 2017 (mars) #1\" href=\"https:\/\/www.pitpitpit.com\/blogue\/costa-rica-circuit-grand-sud-mars-2017-01\/\">Jour 1<\/a><br \/>\n<a title=\"COSTA RICA 2017 (mars) #2\" href=\"https:\/\/www.pitpitpit.com\/blogue\/costa-rica-circuit-grand-sud-mars-2017-02\/\">Jour 2<\/a><br \/>\n<a title=\"COSTA RICA 2017 (mars) #3\" href=\"https:\/\/www.pitpitpit.com\/blogue\/costa-rica-circuit-grand-sud-mars-2017-03\/\">Jour 3<\/a><br \/>\n<a title=\"COSTA RICA 2017 (mars) #4\" href=\"https:\/\/www.pitpitpit.com\/blogue\/costa-rica-circuit-grand-sud-mars-2017-04\/\">Jour 4<\/a><br \/>\n<a title=\"COSTA RICA 2017 (mars) #5\" href=\"https:\/\/www.pitpitpit.com\/blogue\/costa-rica-circuit-grand-sud-mars-2017-05\/\">Jour 5<\/a><br \/>\n<a title=\"COSTA RICA 2017 (mars) #6\" href=\"https:\/\/www.pitpitpit.com\/blogue\/costa-rica-circuit-grand-sud-mars-2017-06\/\">Jour 6<\/a><br \/>\n<a title=\"COSTA RICA 2017 (mars) #7\" href=\"https:\/\/www.pitpitpit.com\/blogue\/costa-rica-circuit-grand-sud-mars-2017-07\/\">Jour 7<\/a><br \/>\n<a title=\"COSTA RICA 2017 (mars) #8\" href=\"https:\/\/www.pitpitpit.com\/blogue\/costa-rica-circuit-grand-sud-mars-2017-08\/\">Jour 8<\/a><br \/>\n<a title=\"COSTA RICA 2017 (mars) #9\" href=\"https:\/\/www.pitpitpit.com\/blogue\/costa-rica-circuit-grand-sud-mars-2017-09\/\">Jour 9<\/a><br \/>\n<a title=\"COSTA RICA 2017 (mars) #10\" href=\"https:\/\/www.pitpitpit.com\/blogue\/costa-rica-circuit-grand-sud-mars-2017-10\/\">Jour 10<\/a><br \/>\n<a title=\"COSTA RICA 2017 (mars) #11\" href=\"https:\/\/www.pitpitpit.com\/blogue\/costa-rica-circuit-grand-sud-mars-2017-11\/\">Jour 11<\/a><br \/>\n<a title=\"COSTA RICA 2017 (mars) #12\" href=\"https:\/\/www.pitpitpit.com\/blogue\/costa-rica-circuit-grand-sud-mars-2017-12\/\">Jour 12<\/a><br \/>\n<a title=\"COSTA RICA 2017 (mars) #13\" href=\"https:\/\/www.pitpitpit.com\/blogue\/costa-rica-circuit-grand-sud-mars-2017-13\/\">Jour 13<\/a><br \/>\n<a title=\"COSTA RICA 2017 (mars) #14\" href=\"https:\/\/www.pitpitpit.com\/blogue\/costa-rica-circuit-grand-sud-mars-2017-14\/\">Jour 14<\/a><br \/>\n<a title=\"COSTA RICA 2017 (mars) #14\" href=\"https:\/\/www.pitpitpit.com\/blogue\/costa-rica-circuit-grand-sud-mars-2017-15\/\">Jour 15<\/a><br \/>\n<a title=\"COSTA RICA 2017 (mars) #14\" href=\"https:\/\/www.pitpitpit.com\/blogue\/costa-rica-circuit-grand-sud-mars-2017-16\/\">Jour 16<\/a><br \/>\n<a title=\"COSTA RICA 2017 (mars) #14\" href=\"https:\/\/www.pitpitpit.com\/blogue\/costa-rica-circuit-grand-sud-mars-2017-17-fin\/\">Jour 17 &#8211; Fin<\/a><\/p>\n","protected":false},"excerpt":{"rendered":"<p>Voyez la galerie compl\u00e8te des photos de ce voyage ! (217 photos) ATTENTION! Attendez que toutes les images miniatures soient visibles jusqu&rsquo;\u00e0 la fin de la page avant de cliquer pour les visualiser en diaporama! Revivez les observations du journal quotidien du voyage envoy\u00e9 \u00e0 la liste \u00e9lectronique \u00abPITPIT en voyage\u00bb ! Vous pouvez d\u00e9couvrir [&hellip;]<\/p>\n","protected":false},"author":2,"featured_media":0,"parent":0,"menu_order":0,"comment_status":"closed","ping_status":"closed","template":"","meta":[],"yoast_head":"<!-- This site is optimized with the Yoast SEO plugin v19.13 - https:\/\/yoast.com\/wordpress\/plugins\/seo\/ -->\n<title>Voyage au Costa Rica \u2013 Mars 2017 - Voyages ornithologiques Serge Beaudette<\/title>\n<meta name=\"robots\" content=\"index, follow, max-snippet:-1, max-image-preview:large, max-video-preview:-1\" \/>\n<link rel=\"canonical\" href=\"https:\/\/www.pitpitpit.com\/blogue\/2017-03-costa-rica\/\" \/>\n<meta property=\"og:locale\" content=\"fr_FR\" \/>\n<meta property=\"og:type\" content=\"article\" \/>\n<meta property=\"og:title\" content=\"Voyage au Costa Rica \u2013 Mars 2017 - Voyages ornithologiques Serge Beaudette\" \/>\n<meta property=\"og:description\" content=\"Voyez la galerie compl\u00e8te des photos de ce voyage ! (217 photos) ATTENTION! Attendez que toutes les images miniatures soient visibles jusqu&rsquo;\u00e0 la fin de la page avant de cliquer pour les visualiser en diaporama! Revivez les observations du journal quotidien du voyage envoy\u00e9 \u00e0 la liste \u00e9lectronique \u00abPITPIT en voyage\u00bb ! Vous pouvez d\u00e9couvrir [&hellip;]\" \/>\n<meta property=\"og:url\" content=\"https:\/\/www.pitpitpit.com\/blogue\/2017-03-costa-rica\/\" \/>\n<meta property=\"og:site_name\" content=\"Voyages ornithologiques Serge Beaudette\" \/>\n<meta property=\"article:publisher\" content=\"https:\/\/www.facebook.com\/pitpitpitoiseaux\" \/>\n<meta property=\"article:modified_time\" content=\"2017-11-03T15:52:20+00:00\" \/>\n<meta name=\"twitter:card\" content=\"summary_large_image\" \/>\n<meta name=\"twitter:label1\" content=\"Dur\u00e9e de lecture estim\u00e9e\" \/>\n\t<meta name=\"twitter:data1\" content=\"1 minute\" \/>\n<script type=\"application\/ld+json\" class=\"yoast-schema-graph\">{\"@context\":\"https:\/\/schema.org\",\"@graph\":[{\"@type\":\"WebPage\",\"@id\":\"https:\/\/www.pitpitpit.com\/blogue\/2017-03-costa-rica\/\",\"url\":\"https:\/\/www.pitpitpit.com\/blogue\/2017-03-costa-rica\/\",\"name\":\"Voyage au Costa Rica \u2013 Mars 2017 - Voyages ornithologiques Serge Beaudette\",\"isPartOf\":{\"@id\":\"https:\/\/www.pitpitpit.com\/blogue\/#website\"},\"datePublished\":\"2017-06-28T17:19:00+00:00\",\"dateModified\":\"2017-11-03T15:52:20+00:00\",\"breadcrumb\":{\"@id\":\"https:\/\/www.pitpitpit.com\/blogue\/2017-03-costa-rica\/#breadcrumb\"},\"inLanguage\":\"fr-FR\",\"potentialAction\":[{\"@type\":\"ReadAction\",\"target\":[\"https:\/\/www.pitpitpit.com\/blogue\/2017-03-costa-rica\/\"]}]},{\"@type\":\"BreadcrumbList\",\"@id\":\"https:\/\/www.pitpitpit.com\/blogue\/2017-03-costa-rica\/#breadcrumb\",\"itemListElement\":[{\"@type\":\"ListItem\",\"position\":1,\"name\":\"Accueil\",\"item\":\"https:\/\/www.pitpitpit.com\/blogue\/\"},{\"@type\":\"ListItem\",\"position\":2,\"name\":\"Voyage au Costa Rica \u2013 Mars 2017\"}]},{\"@type\":\"WebSite\",\"@id\":\"https:\/\/www.pitpitpit.com\/blogue\/#website\",\"url\":\"https:\/\/www.pitpitpit.com\/blogue\/\",\"name\":\"Serge Beaudette Nature\",\"description\":\"Explorer, D\u00e9couvrir, Conna\u00eetre, S&#039;\u00e9merveiller!\",\"publisher\":{\"@id\":\"https:\/\/www.pitpitpit.com\/blogue\/#organization\"},\"potentialAction\":[{\"@type\":\"SearchAction\",\"target\":{\"@type\":\"EntryPoint\",\"urlTemplate\":\"https:\/\/www.pitpitpit.com\/blogue\/?s={search_term_string}\"},\"query-input\":\"required name=search_term_string\"}],\"inLanguage\":\"fr-FR\"},{\"@type\":\"Organization\",\"@id\":\"https:\/\/www.pitpitpit.com\/blogue\/#organization\",\"name\":\"Serge Beaudette Nature\",\"url\":\"https:\/\/www.pitpitpit.com\/blogue\/\",\"logo\":{\"@type\":\"ImageObject\",\"inLanguage\":\"fr-FR\",\"@id\":\"https:\/\/www.pitpitpit.com\/blogue\/#\/schema\/logo\/image\/\",\"url\":\"https:\/\/www.pitpitpit.com\/blogue\/wp-content\/uploads\/logo-web.jpg\",\"contentUrl\":\"https:\/\/www.pitpitpit.com\/blogue\/wp-content\/uploads\/logo-web.jpg\",\"width\":284,\"height\":172,\"caption\":\"Serge Beaudette Nature\"},\"image\":{\"@id\":\"https:\/\/www.pitpitpit.com\/blogue\/#\/schema\/logo\/image\/\"},\"sameAs\":[\"https:\/\/www.facebook.com\/pitpitpitoiseaux\"]}]}<\/script>\n<!-- \/ Yoast SEO plugin. -->","yoast_head_json":{"title":"Voyage au Costa Rica \u2013 Mars 2017 - Voyages ornithologiques Serge Beaudette","robots":{"index":"index","follow":"follow","max-snippet":"max-snippet:-1","max-image-preview":"max-image-preview:large","max-video-preview":"max-video-preview:-1"},"canonical":"https:\/\/www.pitpitpit.com\/blogue\/2017-03-costa-rica\/","og_locale":"fr_FR","og_type":"article","og_title":"Voyage au Costa Rica \u2013 Mars 2017 - Voyages ornithologiques Serge Beaudette","og_description":"Voyez la galerie compl\u00e8te des photos de ce voyage ! (217 photos) ATTENTION! Attendez que toutes les images miniatures soient visibles jusqu&rsquo;\u00e0 la fin de la page avant de cliquer pour les visualiser en diaporama! Revivez les observations du journal quotidien du voyage envoy\u00e9 \u00e0 la liste \u00e9lectronique \u00abPITPIT en voyage\u00bb ! Vous pouvez d\u00e9couvrir [&hellip;]","og_url":"https:\/\/www.pitpitpit.com\/blogue\/2017-03-costa-rica\/","og_site_name":"Voyages ornithologiques Serge Beaudette","article_publisher":"https:\/\/www.facebook.com\/pitpitpitoiseaux","article_modified_time":"2017-11-03T15:52:20+00:00","twitter_card":"summary_large_image","twitter_misc":{"Dur\u00e9e de lecture estim\u00e9e":"1 minute"},"schema":{"@context":"https:\/\/schema.org","@graph":[{"@type":"WebPage","@id":"https:\/\/www.pitpitpit.com\/blogue\/2017-03-costa-rica\/","url":"https:\/\/www.pitpitpit.com\/blogue\/2017-03-costa-rica\/","name":"Voyage au Costa Rica \u2013 Mars 2017 - Voyages ornithologiques Serge Beaudette","isPartOf":{"@id":"https:\/\/www.pitpitpit.com\/blogue\/#website"},"datePublished":"2017-06-28T17:19:00+00:00","dateModified":"2017-11-03T15:52:20+00:00","breadcrumb":{"@id":"https:\/\/www.pitpitpit.com\/blogue\/2017-03-costa-rica\/#breadcrumb"},"inLanguage":"fr-FR","potentialAction":[{"@type":"ReadAction","target":["https:\/\/www.pitpitpit.com\/blogue\/2017-03-costa-rica\/"]}]},{"@type":"BreadcrumbList","@id":"https:\/\/www.pitpitpit.com\/blogue\/2017-03-costa-rica\/#breadcrumb","itemListElement":[{"@type":"ListItem","position":1,"name":"Accueil","item":"https:\/\/www.pitpitpit.com\/blogue\/"},{"@type":"ListItem","position":2,"name":"Voyage au Costa Rica \u2013 Mars 2017"}]},{"@type":"WebSite","@id":"https:\/\/www.pitpitpit.com\/blogue\/#website","url":"https:\/\/www.pitpitpit.com\/blogue\/","name":"Serge Beaudette Nature","description":"Explorer, D\u00e9couvrir, Conna\u00eetre, S&#039;\u00e9merveiller!","publisher":{"@id":"https:\/\/www.pitpitpit.com\/blogue\/#organization"},"potentialAction":[{"@type":"SearchAction","target":{"@type":"EntryPoint","urlTemplate":"https:\/\/www.pitpitpit.com\/blogue\/?s={search_term_string}"},"query-input":"required name=search_term_string"}],"inLanguage":"fr-FR"},{"@type":"Organization","@id":"https:\/\/www.pitpitpit.com\/blogue\/#organization","name":"Serge Beaudette Nature","url":"https:\/\/www.pitpitpit.com\/blogue\/","logo":{"@type":"ImageObject","inLanguage":"fr-FR","@id":"https:\/\/www.pitpitpit.com\/blogue\/#\/schema\/logo\/image\/","url":"https:\/\/www.pitpitpit.com\/blogue\/wp-content\/uploads\/logo-web.jpg","contentUrl":"https:\/\/www.pitpitpit.com\/blogue\/wp-content\/uploads\/logo-web.jpg","width":284,"height":172,"caption":"Serge Beaudette Nature"},"image":{"@id":"https:\/\/www.pitpitpit.com\/blogue\/#\/schema\/logo\/image\/"},"sameAs":["https:\/\/www.facebook.com\/pitpitpitoiseaux"]}]}},"_links":{"self":[{"href":"https:\/\/www.pitpitpit.com\/blogue\/wp-json\/wp\/v2\/pages\/10049"}],"collection":[{"href":"https:\/\/www.pitpitpit.com\/blogue\/wp-json\/wp\/v2\/pages"}],"about":[{"href":"https:\/\/www.pitpitpit.com\/blogue\/wp-json\/wp\/v2\/types\/page"}],"author":[{"embeddable":true,"href":"https:\/\/www.pitpitpit.com\/blogue\/wp-json\/wp\/v2\/users\/2"}],"replies":[{"embeddable":true,"href":"https:\/\/www.pitpitpit.com\/blogue\/wp-json\/wp\/v2\/comments?post=10049"}],"version-history":[{"count":3,"href":"https:\/\/www.pitpitpit.com\/blogue\/wp-json\/wp\/v2\/pages\/10049\/revisions"}],"predecessor-version":[{"id":10055,"href":"https:\/\/www.pitpitpit.com\/blogue\/wp-json\/wp\/v2\/pages\/10049\/revisions\/10055"}],"wp:attachment":[{"href":"https:\/\/www.pitpitpit.com\/blogue\/wp-json\/wp\/v2\/media?parent=10049"}],"curies":[{"name":"wp","href":"https:\/\/api.w.org\/{rel}","templated":true}]}}