{"id":13287,"date":"2021-02-22T12:27:10","date_gmt":"2021-02-22T17:27:10","guid":{"rendered":"http:\/\/www.pitpitpit.com\/blogue\/?page_id=13287"},"modified":"2021-02-22T12:27:10","modified_gmt":"2021-02-22T17:27:10","slug":"sauver-la-planete-les-oiseaux-savent-comment","status":"publish","type":"page","link":"https:\/\/www.pitpitpit.com\/blogue\/sauver-la-planete-les-oiseaux-savent-comment\/","title":{"rendered":"Sauver la plan\u00e8te, les oiseaux savent comment!"},"content":{"rendered":"<h1>Sauver la plan\u00e8te, les oiseaux savent comment!<\/h1>\n<p>Notre plan\u00e8te n&rsquo;a jamais connue de transformation aussi brutale et rapide que dans les 200 derni\u00e8res ann\u00e9es.<\/p>\n<p>Comment r\u00e9agissent les oiseaux \u00e0 ces grands bouleversements? Eux qui ont surv\u00e9cu \u00e0 l&rsquo;extinction des dinosaures! Comment ils s&rsquo;y adaptent? \u2026et les humains?<\/p>\n<p>Que pouvons-nous apprendre des oiseaux et de leurs facult\u00e9s exceptionnelles physiques, et m\u00eame intellectuelles pour d\u00e9velopper comme eux, un mode de vie soutenable et durable?<\/p>\n<p>Quelles diff\u00e9rences il existe entre notre intelligence et la leur? Et quels effets \u00e7a a sur notre mode de vie\u2026 et notre avenir?<\/p>\n<p>Les oiseaux et les humains, dans un m\u00eame bateau\u2026 Laissons-les nous guider un peu, pour arriver \u00e0 bon port!<\/p>\n<p>D\u00e9couvertes scientifiques, photos et vid\u00e9os, pour appuyer des pistes de r\u00e9flexion non moralisatrices, avec peu d&rsquo;humour et beaucoup d&rsquo;humilit\u00e9! Venez entendre ce que les oiseaux ont \u00e0 nous dire!<\/p>\n","protected":false},"excerpt":{"rendered":"<p>Sauver la plan\u00e8te, les oiseaux savent comment! Notre plan\u00e8te n&rsquo;a jamais connue de transformation aussi brutale et rapide que dans les 200 derni\u00e8res ann\u00e9es. Comment r\u00e9agissent les oiseaux \u00e0 ces grands bouleversements? Eux qui ont surv\u00e9cu \u00e0 l&rsquo;extinction des dinosaures! Comment ils s&rsquo;y adaptent? \u2026et les humains? Que pouvons-nous apprendre des oiseaux et de leurs [&hellip;]<\/p>\n","protected":false},"author":2,"featured_media":0,"parent":0,"menu_order":0,"comment_status":"open","ping_status":"open","template":"","meta":[],"yoast_head":"<!-- This site is optimized with the Yoast SEO plugin v19.13 - https:\/\/yoast.com\/wordpress\/plugins\/seo\/ -->\n<title>Sauver la plan\u00e8te, les oiseaux savent comment! - Voyages ornithologiques Serge Beaudette<\/title>\n<meta name=\"robots\" content=\"index, follow, max-snippet:-1, max-image-preview:large, max-video-preview:-1\" \/>\n<link rel=\"canonical\" href=\"https:\/\/www.pitpitpit.com\/blogue\/sauver-la-planete-les-oiseaux-savent-comment\/\" \/>\n<meta property=\"og:locale\" content=\"fr_FR\" \/>\n<meta property=\"og:type\" content=\"article\" \/>\n<meta property=\"og:title\" content=\"Sauver la plan\u00e8te, les oiseaux savent comment! - Voyages ornithologiques Serge Beaudette\" \/>\n<meta property=\"og:description\" content=\"Sauver la plan\u00e8te, les oiseaux savent comment! Notre plan\u00e8te n&rsquo;a jamais connue de transformation aussi brutale et rapide que dans les 200 derni\u00e8res ann\u00e9es. Comment r\u00e9agissent les oiseaux \u00e0 ces grands bouleversements? Eux qui ont surv\u00e9cu \u00e0 l&rsquo;extinction des dinosaures! Comment ils s&rsquo;y adaptent? \u2026et les humains? Que pouvons-nous apprendre des oiseaux et de leurs [&hellip;]\" \/>\n<meta property=\"og:url\" content=\"https:\/\/www.pitpitpit.com\/blogue\/sauver-la-planete-les-oiseaux-savent-comment\/\" \/>\n<meta property=\"og:site_name\" content=\"Voyages ornithologiques Serge Beaudette\" \/>\n<meta property=\"article:publisher\" content=\"https:\/\/www.facebook.com\/pitpitpitoiseaux\" \/>\n<meta name=\"twitter:card\" content=\"summary_large_image\" \/>\n<meta name=\"twitter:label1\" content=\"Dur\u00e9e de lecture estim\u00e9e\" \/>\n\t<meta name=\"twitter:data1\" content=\"1 minute\" \/>\n<script type=\"application\/ld+json\" class=\"yoast-schema-graph\">{\"@context\":\"https:\/\/schema.org\",\"@graph\":[{\"@type\":\"WebPage\",\"@id\":\"https:\/\/www.pitpitpit.com\/blogue\/sauver-la-planete-les-oiseaux-savent-comment\/\",\"url\":\"https:\/\/www.pitpitpit.com\/blogue\/sauver-la-planete-les-oiseaux-savent-comment\/\",\"name\":\"Sauver la plan\u00e8te, les oiseaux savent comment! - Voyages ornithologiques Serge Beaudette\",\"isPartOf\":{\"@id\":\"https:\/\/www.pitpitpit.com\/blogue\/#website\"},\"datePublished\":\"2021-02-22T17:27:10+00:00\",\"dateModified\":\"2021-02-22T17:27:10+00:00\",\"breadcrumb\":{\"@id\":\"https:\/\/www.pitpitpit.com\/blogue\/sauver-la-planete-les-oiseaux-savent-comment\/#breadcrumb\"},\"inLanguage\":\"fr-FR\",\"potentialAction\":[{\"@type\":\"ReadAction\",\"target\":[\"https:\/\/www.pitpitpit.com\/blogue\/sauver-la-planete-les-oiseaux-savent-comment\/\"]}]},{\"@type\":\"BreadcrumbList\",\"@id\":\"https:\/\/www.pitpitpit.com\/blogue\/sauver-la-planete-les-oiseaux-savent-comment\/#breadcrumb\",\"itemListElement\":[{\"@type\":\"ListItem\",\"position\":1,\"name\":\"Accueil\",\"item\":\"https:\/\/www.pitpitpit.com\/blogue\/\"},{\"@type\":\"ListItem\",\"position\":2,\"name\":\"Sauver la plan\u00e8te, les oiseaux savent comment!\"}]},{\"@type\":\"WebSite\",\"@id\":\"https:\/\/www.pitpitpit.com\/blogue\/#website\",\"url\":\"https:\/\/www.pitpitpit.com\/blogue\/\",\"name\":\"Serge Beaudette Nature\",\"description\":\"Explorer, D\u00e9couvrir, Conna\u00eetre, S&#039;\u00e9merveiller!\",\"publisher\":{\"@id\":\"https:\/\/www.pitpitpit.com\/blogue\/#organization\"},\"potentialAction\":[{\"@type\":\"SearchAction\",\"target\":{\"@type\":\"EntryPoint\",\"urlTemplate\":\"https:\/\/www.pitpitpit.com\/blogue\/?s={search_term_string}\"},\"query-input\":\"required name=search_term_string\"}],\"inLanguage\":\"fr-FR\"},{\"@type\":\"Organization\",\"@id\":\"https:\/\/www.pitpitpit.com\/blogue\/#organization\",\"name\":\"Serge Beaudette Nature\",\"url\":\"https:\/\/www.pitpitpit.com\/blogue\/\",\"logo\":{\"@type\":\"ImageObject\",\"inLanguage\":\"fr-FR\",\"@id\":\"https:\/\/www.pitpitpit.com\/blogue\/#\/schema\/logo\/image\/\",\"url\":\"https:\/\/www.pitpitpit.com\/blogue\/wp-content\/uploads\/logo-web.jpg\",\"contentUrl\":\"https:\/\/www.pitpitpit.com\/blogue\/wp-content\/uploads\/logo-web.jpg\",\"width\":284,\"height\":172,\"caption\":\"Serge Beaudette Nature\"},\"image\":{\"@id\":\"https:\/\/www.pitpitpit.com\/blogue\/#\/schema\/logo\/image\/\"},\"sameAs\":[\"https:\/\/www.facebook.com\/pitpitpitoiseaux\"]}]}<\/script>\n<!-- \/ Yoast SEO plugin. -->","yoast_head_json":{"title":"Sauver la plan\u00e8te, les oiseaux savent comment! - Voyages ornithologiques Serge Beaudette","robots":{"index":"index","follow":"follow","max-snippet":"max-snippet:-1","max-image-preview":"max-image-preview:large","max-video-preview":"max-video-preview:-1"},"canonical":"https:\/\/www.pitpitpit.com\/blogue\/sauver-la-planete-les-oiseaux-savent-comment\/","og_locale":"fr_FR","og_type":"article","og_title":"Sauver la plan\u00e8te, les oiseaux savent comment! - Voyages ornithologiques Serge Beaudette","og_description":"Sauver la plan\u00e8te, les oiseaux savent comment! Notre plan\u00e8te n&rsquo;a jamais connue de transformation aussi brutale et rapide que dans les 200 derni\u00e8res ann\u00e9es. Comment r\u00e9agissent les oiseaux \u00e0 ces grands bouleversements? Eux qui ont surv\u00e9cu \u00e0 l&rsquo;extinction des dinosaures! Comment ils s&rsquo;y adaptent? \u2026et les humains? Que pouvons-nous apprendre des oiseaux et de leurs [&hellip;]","og_url":"https:\/\/www.pitpitpit.com\/blogue\/sauver-la-planete-les-oiseaux-savent-comment\/","og_site_name":"Voyages ornithologiques Serge Beaudette","article_publisher":"https:\/\/www.facebook.com\/pitpitpitoiseaux","twitter_card":"summary_large_image","twitter_misc":{"Dur\u00e9e de lecture estim\u00e9e":"1 minute"},"schema":{"@context":"https:\/\/schema.org","@graph":[{"@type":"WebPage","@id":"https:\/\/www.pitpitpit.com\/blogue\/sauver-la-planete-les-oiseaux-savent-comment\/","url":"https:\/\/www.pitpitpit.com\/blogue\/sauver-la-planete-les-oiseaux-savent-comment\/","name":"Sauver la plan\u00e8te, les oiseaux savent comment! - Voyages ornithologiques Serge Beaudette","isPartOf":{"@id":"https:\/\/www.pitpitpit.com\/blogue\/#website"},"datePublished":"2021-02-22T17:27:10+00:00","dateModified":"2021-02-22T17:27:10+00:00","breadcrumb":{"@id":"https:\/\/www.pitpitpit.com\/blogue\/sauver-la-planete-les-oiseaux-savent-comment\/#breadcrumb"},"inLanguage":"fr-FR","potentialAction":[{"@type":"ReadAction","target":["https:\/\/www.pitpitpit.com\/blogue\/sauver-la-planete-les-oiseaux-savent-comment\/"]}]},{"@type":"BreadcrumbList","@id":"https:\/\/www.pitpitpit.com\/blogue\/sauver-la-planete-les-oiseaux-savent-comment\/#breadcrumb","itemListElement":[{"@type":"ListItem","position":1,"name":"Accueil","item":"https:\/\/www.pitpitpit.com\/blogue\/"},{"@type":"ListItem","position":2,"name":"Sauver la plan\u00e8te, les oiseaux savent comment!"}]},{"@type":"WebSite","@id":"https:\/\/www.pitpitpit.com\/blogue\/#website","url":"https:\/\/www.pitpitpit.com\/blogue\/","name":"Serge Beaudette Nature","description":"Explorer, D\u00e9couvrir, Conna\u00eetre, S&#039;\u00e9merveiller!","publisher":{"@id":"https:\/\/www.pitpitpit.com\/blogue\/#organization"},"potentialAction":[{"@type":"SearchAction","target":{"@type":"EntryPoint","urlTemplate":"https:\/\/www.pitpitpit.com\/blogue\/?s={search_term_string}"},"query-input":"required name=search_term_string"}],"inLanguage":"fr-FR"},{"@type":"Organization","@id":"https:\/\/www.pitpitpit.com\/blogue\/#organization","name":"Serge Beaudette Nature","url":"https:\/\/www.pitpitpit.com\/blogue\/","logo":{"@type":"ImageObject","inLanguage":"fr-FR","@id":"https:\/\/www.pitpitpit.com\/blogue\/#\/schema\/logo\/image\/","url":"https:\/\/www.pitpitpit.com\/blogue\/wp-content\/uploads\/logo-web.jpg","contentUrl":"https:\/\/www.pitpitpit.com\/blogue\/wp-content\/uploads\/logo-web.jpg","width":284,"height":172,"caption":"Serge Beaudette Nature"},"image":{"@id":"https:\/\/www.pitpitpit.com\/blogue\/#\/schema\/logo\/image\/"},"sameAs":["https:\/\/www.facebook.com\/pitpitpitoiseaux"]}]}},"_links":{"self":[{"href":"https:\/\/www.pitpitpit.com\/blogue\/wp-json\/wp\/v2\/pages\/13287"}],"collection":[{"href":"https:\/\/www.pitpitpit.com\/blogue\/wp-json\/wp\/v2\/pages"}],"about":[{"href":"https:\/\/www.pitpitpit.com\/blogue\/wp-json\/wp\/v2\/types\/page"}],"author":[{"embeddable":true,"href":"https:\/\/www.pitpitpit.com\/blogue\/wp-json\/wp\/v2\/users\/2"}],"replies":[{"embeddable":true,"href":"https:\/\/www.pitpitpit.com\/blogue\/wp-json\/wp\/v2\/comments?post=13287"}],"version-history":[{"count":1,"href":"https:\/\/www.pitpitpit.com\/blogue\/wp-json\/wp\/v2\/pages\/13287\/revisions"}],"predecessor-version":[{"id":13288,"href":"https:\/\/www.pitpitpit.com\/blogue\/wp-json\/wp\/v2\/pages\/13287\/revisions\/13288"}],"wp:attachment":[{"href":"https:\/\/www.pitpitpit.com\/blogue\/wp-json\/wp\/v2\/media?parent=13287"}],"curies":[{"name":"wp","href":"https:\/\/api.w.org\/{rel}","templated":true}]}}