{"id":13371,"date":"2021-08-26T23:08:52","date_gmt":"2021-08-27T03:08:52","guid":{"rendered":"https:\/\/www.pitpitpit.com\/blogue\/?page_id=13371"},"modified":"2025-09-02T18:32:36","modified_gmt":"2025-09-02T22:32:36","slug":"champignons","status":"publish","type":"page","link":"https:\/\/www.pitpitpit.com\/blogue\/champignons\/","title":{"rendered":"Champignons"},"content":{"rendered":"\n<p class=\"has-text-align-center has-medium-font-size\">ATELIERS sur <strong>les champignons sauvages comestibles<\/strong>! <br>&#8230;Richesses de nos for\u00eats, go\u00fbts exquis, abondance de r\u00e9coltes! <\/p>\n\n\n\n<div style=\"height:35px\" aria-hidden=\"true\" class=\"wp-block-spacer\"><\/div>\n\n\n\n<figure class=\"wp-block-image size-large\"><img decoding=\"async\" loading=\"lazy\" width=\"1024\" height=\"576\" src=\"https:\/\/www.pitpitpit.com\/blogue\/wp-content\/uploads\/annonceFB-V3-1-1024x576.jpg\" alt=\"\" class=\"wp-image-19379\" srcset=\"https:\/\/www.pitpitpit.com\/blogue\/wp-content\/uploads\/annonceFB-V3-1-1024x576.jpg 1024w, https:\/\/www.pitpitpit.com\/blogue\/wp-content\/uploads\/annonceFB-V3-1-560x315.jpg 560w, https:\/\/www.pitpitpit.com\/blogue\/wp-content\/uploads\/annonceFB-V3-1-768x432.jpg 768w, https:\/\/www.pitpitpit.com\/blogue\/wp-content\/uploads\/annonceFB-V3-1-1536x864.jpg 1536w, https:\/\/www.pitpitpit.com\/blogue\/wp-content\/uploads\/annonceFB-V3-1-2048x1152.jpg 2048w, https:\/\/www.pitpitpit.com\/blogue\/wp-content\/uploads\/annonceFB-V3-1-624x351.jpg 624w\" sizes=\"(max-width: 1024px) 100vw, 1024px\" \/><\/figure>\n\n\n\n<hr class=\"wp-block-separator has-text-color has-blue-color has-css-opacity has-blue-background-color has-background is-style-wide\"\/>\n\n\n\n<p class=\"has-text-align-center has-large-font-size\">Une approche originale et unique!<\/p>\n\n\n\n<p class=\"has-text-align-center has-medium-font-size\">Au terme de seulement <strong>une journ\u00e9e d&rsquo;atelier<\/strong>, vous serez en mesure de r\u00e9colter <strong>plus de<\/strong><span style=\"color:#21759b\" class=\"tadv-color\"> <strong>200 esp\u00e8ces <\/strong><\/span>de champignons sauvages comestibles, avec assurance, et <strong>de fa\u00e7on 100% s\u00e9curitaire<\/strong>!<\/p>\n\n\n\n<figure class=\"wp-block-image size-large is-style-rounded\"><img decoding=\"async\" loading=\"lazy\" width=\"1024\" height=\"768\" src=\"https:\/\/www.pitpitpit.com\/blogue\/wp-content\/uploads\/2020-09-13_15-33-51_20200913_153352-1024x768.jpg\" alt=\"\" class=\"wp-image-13381\" srcset=\"https:\/\/www.pitpitpit.com\/blogue\/wp-content\/uploads\/2020-09-13_15-33-51_20200913_153352-1024x768.jpg 1024w, https:\/\/www.pitpitpit.com\/blogue\/wp-content\/uploads\/2020-09-13_15-33-51_20200913_153352-560x420.jpg 560w, https:\/\/www.pitpitpit.com\/blogue\/wp-content\/uploads\/2020-09-13_15-33-51_20200913_153352-768x576.jpg 768w, https:\/\/www.pitpitpit.com\/blogue\/wp-content\/uploads\/2020-09-13_15-33-51_20200913_153352-1536x1152.jpg 1536w, https:\/\/www.pitpitpit.com\/blogue\/wp-content\/uploads\/2020-09-13_15-33-51_20200913_153352-2048x1536.jpg 2048w, https:\/\/www.pitpitpit.com\/blogue\/wp-content\/uploads\/2020-09-13_15-33-51_20200913_153352-624x468.jpg 624w\" sizes=\"(max-width: 1024px) 100vw, 1024px\" \/><\/figure>\n\n\n\n<ul>\n<li>Tout ce que vous avez besoin de savoir pour <strong>reconna\u00eetre, cueillir, transformer, cuisiner, consommer<\/strong> et <strong>conserver<\/strong> vos trouvailles!<\/li>\n<\/ul>\n\n\n\n<ul>\n<li>Pour des cueillettes abondantes: <strong>Quand<\/strong> et <strong>o\u00f9 <\/strong>chercher?<\/li>\n<\/ul>\n\n\n\n<ul>\n<li>Les <strong>outils<\/strong> essentiels! Comment les utiliser de fa\u00e7on efficace?! <br><strong>&#8230;Obtenez les MEILLEURS OUTILS&#8230; 100% GRATUITS !!!<\/strong><\/li>\n<\/ul>\n\n\n\n<p class=\"has-text-align-center has-medium-font-size\">Tout \u00e7a et plus encore durant cette journ\u00e9e instructive ET agr\u00e9able!<\/p>\n\n\n\n<hr class=\"wp-block-separator has-text-color has-blue-color has-css-opacity has-blue-background-color has-background is-style-wide\"\/>\n\n\n\n<div style=\"height:35px\" aria-hidden=\"true\" class=\"wp-block-spacer\"><\/div>\n\n\n\n<div class=\"is-layout-flex wp-container-5 wp-block-columns\">\n<div class=\"is-layout-flow wp-block-column\">\n<h2 class=\"has-text-align-center has-dark-gray-color has-text-color has-medium-font-size\"><strong><mark style=\"background-color:rgba(0, 0, 0, 0);color:#c11515\" class=\"has-inline-color\">PROCHAINES DATES<\/mark><\/strong><\/h2>\n\n\n\n<p class=\"has-text-align-center has-light-gray-background-color has-background has-medium-font-size\"><strong>2025:<br><\/strong>VENDREDI <strong>5 septembre<\/strong><br><mark style=\"background-color:rgba(0, 0, 0, 0);color:#32aa48\" class=\"has-inline-color\">(1 place restante&#8230;)<\/mark><br><br>DIMANCHE <strong>7 septembre <\/strong><mark style=\"background-color:rgba(0, 0, 0, 0);color:#f90303\" class=\"has-inline-color\">(Complet)<\/mark><br><br>VENDREDI <strong>3 octobre <\/strong><mark style=\"background-color:rgba(0, 0, 0, 0);color:#f90303\" class=\"has-inline-color\">(Complet)<\/mark><\/p>\n\n\n\n<p><\/p>\n<\/div>\n\n\n\n<div class=\"is-layout-flow wp-block-column\" style=\"flex-basis:40%\">\n<div class=\"is-layout-constrained wp-block-group\"><div class=\"wp-block-group__inner-container\">\n<p class=\"has-text-align-center\"><span style=\"color:#21759b\" class=\"tadv-color\"><strong>INSCRIVEZ-VOUS POUR \u00caTRE AVIS\u00c9S EN PRIORIT\u00c9 LORSQUE SORTIRONS LES DATES DES PROCHAINS ATELIERS<\/strong>!<\/span><\/p>\n\n\n\n<div class=\"is-content-justification-center is-layout-flex wp-container-2 wp-block-buttons\">\n<div class=\"wp-block-button aligncenter has-custom-width wp-block-button__width-75 is-style-fill\"><a class=\"wp-block-button__link has-white-color has-blue-background-color has-text-color has-background wp-element-button\" href=\"mailto:sbnature@videotron.ca?subject=Je souhaite m'inscrire \u00e0 un atelier sur les champignons sauvages\" style=\"border-radius:10px\" target=\"_blank\" rel=\"noreferrer noopener\"><br><strong>JE VEUX M&rsquo;INSCRIRE<\/strong><br><span style=\"color:#21759b\" class=\"tadv-color\">.<\/span><\/a><\/div>\n<\/div>\n<\/div><\/div>\n<\/div>\n<\/div>\n\n\n\n<hr class=\"wp-block-separator has-alpha-channel-opacity is-style-wide\"\/>\n\n\n\n<div style=\"height:55px\" aria-hidden=\"true\" class=\"wp-block-spacer\"><\/div>\n\n\n\n<h2 class=\"has-text-align-center\">Les champignons sauvages comestibles, c&rsquo;est:<\/h2>\n\n\n\n<p class=\"has-text-align-center has-blue-color has-text-color has-medium-font-size\"><strong>L&rsquo;ABONDANCE!<\/strong><br>Quelques cueillettes d&rsquo;UNE seule saison, sur UN seul <strong>site!<\/strong><\/p>\n\n\n<div class=\"wp-block-image is-style-default\">\n<figure class=\"aligncenter size-large\"><img decoding=\"async\" loading=\"lazy\" width=\"549\" height=\"1024\" src=\"https:\/\/www.pitpitpit.com\/blogue\/wp-content\/uploads\/recoltes-2020-v2-549x1024.jpg\" alt=\"\" class=\"wp-image-13376\" srcset=\"https:\/\/www.pitpitpit.com\/blogue\/wp-content\/uploads\/recoltes-2020-v2-549x1024.jpg 549w, https:\/\/www.pitpitpit.com\/blogue\/wp-content\/uploads\/recoltes-2020-v2-560x1045.jpg 560w, https:\/\/www.pitpitpit.com\/blogue\/wp-content\/uploads\/recoltes-2020-v2-768x1433.jpg 768w, https:\/\/www.pitpitpit.com\/blogue\/wp-content\/uploads\/recoltes-2020-v2-624x1164.jpg 624w, https:\/\/www.pitpitpit.com\/blogue\/wp-content\/uploads\/recoltes-2020-v2.jpg 804w\" sizes=\"(max-width: 549px) 100vw, 549px\" \/><\/figure><\/div>\n\n\n<ul>\n<li><strong>Plus facile qu&rsquo;un jardin!<\/strong> M\u00eame pas besoin de les faire pousser ni de les entretenir! <\/li>\n<\/ul>\n\n\n\n<ul>\n<li>Ils sont <strong>partout(!)<\/strong> autour de nous, <strong>en abondance!<\/strong><\/li>\n<\/ul>\n\n\n\n<ul>\n<li>Un aliment qui a une <strong>grande valeur<\/strong> sur le march\u00e9. \u00c0 ma premi\u00e8re saison, j&rsquo;ai r\u00e9colt\u00e9 pour l&rsquo;\u00e9quivalent de <strong>4500$<\/strong> au prix de l&rsquo;\u00e9picerie!<\/li>\n<\/ul>\n\n\n<div class=\"wp-block-image\">\n<figure class=\"aligncenter size-medium is-resized\"><img decoding=\"async\" loading=\"lazy\" src=\"https:\/\/www.pitpitpit.com\/blogue\/wp-content\/uploads\/2020-09-10_23-06-32_20200910_230632-2-S-560x753.jpg\" alt=\"\" class=\"wp-image-13383\" width=\"420\" height=\"565\" srcset=\"https:\/\/www.pitpitpit.com\/blogue\/wp-content\/uploads\/2020-09-10_23-06-32_20200910_230632-2-S-560x753.jpg 560w, https:\/\/www.pitpitpit.com\/blogue\/wp-content\/uploads\/2020-09-10_23-06-32_20200910_230632-2-S-761x1024.jpg 761w, https:\/\/www.pitpitpit.com\/blogue\/wp-content\/uploads\/2020-09-10_23-06-32_20200910_230632-2-S-768x1033.jpg 768w, https:\/\/www.pitpitpit.com\/blogue\/wp-content\/uploads\/2020-09-10_23-06-32_20200910_230632-2-S-624x839.jpg 624w, https:\/\/www.pitpitpit.com\/blogue\/wp-content\/uploads\/2020-09-10_23-06-32_20200910_230632-2-S.jpg 800w\" sizes=\"(max-width: 420px) 100vw, 420px\" \/><\/figure><\/div>\n\n\n<ul>\n<li><strong>Un aliment facile \u00e0 conserver,<\/strong> pour en avoir toute l&rsquo;ann\u00e9e! <em>(M\u00eame sans \u00e9lectricit\u00e9!)<\/em><\/li>\n<\/ul>\n\n\n\n<ul>\n<li>Un aliment savoureux, raffin\u00e9, o\u00f9 <strong>chaque esp\u00e8ce a son go\u00fbt unique!<\/strong><\/li>\n<\/ul>\n\n\n\n<ul>\n<li><strong>Un aliment nourrissant! <\/strong>Contrairement \u00e0 la croyance populaire, les champignons sont plein de nutriments essentiels et constituent une excellente source de nourriture <strong><em>(Et le meilleur apport en vitamine D!)<\/em><\/strong><\/li>\n<\/ul>\n\n\n\n<figure class=\"wp-block-image size-large\"><img decoding=\"async\" loading=\"lazy\" width=\"1024\" height=\"576\" src=\"https:\/\/www.pitpitpit.com\/blogue\/wp-content\/uploads\/2019-08-30_13-56-53_20190830_135653-1-1024x576.jpg\" alt=\"\" class=\"wp-image-13391\" srcset=\"https:\/\/www.pitpitpit.com\/blogue\/wp-content\/uploads\/2019-08-30_13-56-53_20190830_135653-1-1024x576.jpg 1024w, https:\/\/www.pitpitpit.com\/blogue\/wp-content\/uploads\/2019-08-30_13-56-53_20190830_135653-1-560x315.jpg 560w, https:\/\/www.pitpitpit.com\/blogue\/wp-content\/uploads\/2019-08-30_13-56-53_20190830_135653-1-768x432.jpg 768w, https:\/\/www.pitpitpit.com\/blogue\/wp-content\/uploads\/2019-08-30_13-56-53_20190830_135653-1-1536x864.jpg 1536w, https:\/\/www.pitpitpit.com\/blogue\/wp-content\/uploads\/2019-08-30_13-56-53_20190830_135653-1-2048x1152.jpg 2048w, https:\/\/www.pitpitpit.com\/blogue\/wp-content\/uploads\/2019-08-30_13-56-53_20190830_135653-1-624x351.jpg 624w\" sizes=\"(max-width: 1024px) 100vw, 1024px\" \/><\/figure>\n\n\n\n<div style=\"height:56px\" aria-hidden=\"true\" class=\"wp-block-spacer\"><\/div>\n\n\n\n<hr class=\"wp-block-separator has-css-opacity is-style-wide\"\/>\n\n\n\n<h1 class=\"has-text-align-center\">TOUS LES D\u00c9TAILS LOGISTIQUES<\/h1>\n\n\n\n<h2 class=\"has-text-align-center\">O\u00f9? Quand? Comment? Combien?<\/h2>\n\n\n\n<p class=\"has-white-color has-blue-background-color has-text-color has-background\"><strong>Lieu:<\/strong> En ESTRIE (\u00c0 20 minutes de Sherbrooke) <br><em>(le lieu pr\u00e9cis et instructions seront envoy\u00e9s aux inscrits)<\/em><\/p>\n\n\n\n<p class=\"has-white-color has-blue-background-color has-text-color has-background\"><strong>Horaire:<\/strong><br>9h: pr\u00e9sentation multim\u00e9dia dynamique<br>12h: d\u00eener (le v\u00f4tre!)<br>13h: randonn\u00e9e et pratique en nature (au Royaume des champignons!)<br>17h: fin!<\/p>\n\n\n\n<p class=\"has-white-color has-blue-background-color has-text-color has-background\"><strong>Tarif:<\/strong> contribution sugg\u00e9r\u00e9e de <strong>105$<\/strong> pour la journ\u00e9e!  <em>(+10$ pour l&rsquo;acc\u00e8s au site)<\/em><br><em>(&#8230;ou un montant \u00e0 la mesure de votre appr\u00e9ciation de l&rsquo;atelier!)<\/em><br><br><mark style=\"background-color:rgba(0, 0, 0, 0);color:#9ff6b0\" class=\"has-inline-color\">(Places limit\u00e9es, inscriptions obligatoires)<\/mark><br><br><em><strong>Psssit! <\/strong>Dans vos premi\u00e8res sorties par vous-m\u00eames, vous cueillerez des champignons pour une valeur beaucoup plus grande que le co\u00fbt de l&rsquo;atelier! <\/em><\/p>\n\n\n\n<p class=\"has-text-align-center has-blue-color has-white-background-color has-text-color has-background has-large-font-size\"><strong><a rel=\"noreferrer noopener\" href=\"mailto:sbnature@videotron.ca?subject=Je souhaite m'inscrire \u00e0 un atelier sur les champignons sauvages\" target=\"_blank\"><span style=\"color:#21759b\" class=\"tadv-color\">JE VEUX M&rsquo;INSCRIRE<\/span><\/a><\/strong><\/p>\n\n\n\n<hr class=\"wp-block-separator has-alpha-channel-opacity is-style-wide\"\/>\n\n\n\n<figure class=\"wp-block-image size-large\"><img decoding=\"async\" loading=\"lazy\" width=\"1024\" height=\"576\" src=\"https:\/\/www.pitpitpit.com\/blogue\/wp-content\/uploads\/2020-09-13_14-16-25_20200913_141625-1-1024x576.jpg\" alt=\"\" class=\"wp-image-13373\" srcset=\"https:\/\/www.pitpitpit.com\/blogue\/wp-content\/uploads\/2020-09-13_14-16-25_20200913_141625-1-1024x576.jpg 1024w, https:\/\/www.pitpitpit.com\/blogue\/wp-content\/uploads\/2020-09-13_14-16-25_20200913_141625-1-560x315.jpg 560w, https:\/\/www.pitpitpit.com\/blogue\/wp-content\/uploads\/2020-09-13_14-16-25_20200913_141625-1-768x432.jpg 768w, https:\/\/www.pitpitpit.com\/blogue\/wp-content\/uploads\/2020-09-13_14-16-25_20200913_141625-1-1536x864.jpg 1536w, https:\/\/www.pitpitpit.com\/blogue\/wp-content\/uploads\/2020-09-13_14-16-25_20200913_141625-1-2048x1152.jpg 2048w, https:\/\/www.pitpitpit.com\/blogue\/wp-content\/uploads\/2020-09-13_14-16-25_20200913_141625-1-624x351.jpg 624w\" sizes=\"(max-width: 1024px) 100vw, 1024px\" \/><\/figure>\n\n\n\n<h2>T\u00c9MOIGNAGES:<\/h2>\n\n\n\n<p class=\"has-text-align-center has-medium-font-size\">\u00ab\u00a0Connaissances acquises avec passion!!! <em>(Comme toujours!) <\/em><br><br>&#8230;et transmises avec clart\u00e9 et efficacit\u00e9, par un p\u00e9dagogue et vulgarisateur hors paire!\u00a0\u00bb <\/p>\n\n\n\n<hr class=\"wp-block-separator has-alpha-channel-opacity is-style-wide\"\/>\n\n\n\n<p><em>\u00ab\u00a0Bonsoir, Serge. Je veux encore une fois te dire comment j&rsquo;ai appr\u00e9ci\u00e9 ma journ\u00e9e. Je te f\u00e9licite pour la&nbsp; clart\u00e9 de tes expos\u00e9s, la qualit\u00e9 de l&rsquo;information et la p\u00e9dagogie dont tu fais preuve. Je viens de recevoir ton document \u00e9crit, que je vais lire et relire pour bien assimiler. Ce que tu nous as enseign\u00e9 et conna\u00eetre mieux mon environnement, gr\u00e2ce \u00e0 ce monde fascinant que j&rsquo;apprends \u00e0 conna\u00eetre cette ann\u00e9e.\u00a0\u00bb<\/em><\/p>\n\n\n\n<hr class=\"wp-block-separator has-alpha-channel-opacity is-style-wide\"\/>\n\n\n\n<p><em>\u00ab\u00a0Un grand merci et bravo pour cette superbe journ\u00e9e atelier sur les champignons sauvages comestibles,&nbsp;pour l&rsquo;organisation, pour le contenu th\u00e9orique et la pr\u00e9sentation que tu en as fait, tr\u00e8s vivante, agr\u00e9able et instructive, pour l&rsquo;accueil et pour la suite pratique \u00ab\u00a0sur le terrain\u00a0\u00bb !!!\u00a0\u00bb<\/em><\/p>\n\n\n\n<hr class=\"wp-block-separator has-alpha-channel-opacity is-style-wide\"\/>\n\n\n\n<p><em>\u00ab\u00a0Merci de nous faire profiter de ta passion en nous partageant tes connaissances ainsi, je me sens privil\u00e9gi\u00e9e d&rsquo;avoir eu la chance d&rsquo;assister \u00e0 ton atelier, d&rsquo;avoir p\u00fb commencer une approche de ce fantastique univers des champignons de cette fa\u00e7on!\u00a0\u00bb<\/em><\/p>\n\n\n\n<hr class=\"wp-block-separator has-alpha-channel-opacity is-style-wide\"\/>\n\n\n\n<p><em>\u00ab\u00a0Les sorties en for\u00eat seront un peu diff\u00e9rentes maintenant, plus riches&#8230; J&rsquo;ai fait juste une mini halte en for\u00eat pr\u00e8s de la maison, en rentrant du travail hier et aujourd&rsquo;hui, un plaisir de d\u00e9couvrir quelques champignons et&nbsp;avec les notions retenues de les regarder d&rsquo;une autre fa\u00e7on!\u00a0\u00bb<\/em><\/p>\n\n\n\n<hr class=\"wp-block-separator has-alpha-channel-opacity is-style-wide\"\/>\n\n\n\n<p><em>\u00ab\u00a0Merci pour ce cours dont tu as su \u00eatre un h\u00f4te incomparable, dans ton beau lieu, chapeau ! Merci de partager avec amour ta passion, \u00e7a se ressent !\u00a0\u00bb<\/em><\/p>\n\n\n\n<hr class=\"wp-block-separator has-alpha-channel-opacity is-style-wide\"\/>\n\n\n\n<p><em>\u00ab\u00a0Bonjour cher Serge, MERCI tellement pour cette magnifique journ\u00e9e que tu as su rendre toute ensoleill\u00e9e! T&rsquo;es un vrai pro, ta passion est contagieuse et pr\u00e9cieuse quand on sait combien l&rsquo;alimentation de qualit\u00e9 (et en autonomie) est importante.\u00a0\u00bb<\/em><\/p>\n\n\n\n<hr class=\"wp-block-separator has-alpha-channel-opacity is-style-wide\"\/>\n\n\n\n<div style=\"height:34px\" aria-hidden=\"true\" class=\"wp-block-spacer\"><\/div>\n\n\n\n<figure class=\"wp-block-pullquote alignleft\"><blockquote><p>Au grand plaisir de partager <br>cette grande passion <br>avec vous!<\/p><\/blockquote><\/figure>\n\n\n<div class=\"wp-block-image is-style-rounded\">\n<figure class=\"alignleft size-large is-resized\"><img decoding=\"async\" loading=\"lazy\" src=\"https:\/\/www.pitpitpit.com\/blogue\/wp-content\/uploads\/226593435_1184247912059176_7853548784955302807_n.jpg\" alt=\"\" class=\"wp-image-13368\" width=\"273\" height=\"360\"\/><\/figure><\/div>\n\n\n<p><\/p>\n","protected":false},"excerpt":{"rendered":"<p>ATELIERS sur les champignons sauvages comestibles! &#8230;Richesses de nos for\u00eats, go\u00fbts exquis, abondance de r\u00e9coltes! Une approche originale et unique! Au terme de seulement une journ\u00e9e d&rsquo;atelier, vous serez en mesure de r\u00e9colter plus de 200 esp\u00e8ces de champignons sauvages comestibles, avec assurance, et de fa\u00e7on 100% s\u00e9curitaire! Tout \u00e7a et plus encore durant cette [&hellip;]<\/p>\n","protected":false},"author":2,"featured_media":0,"parent":0,"menu_order":0,"comment_status":"closed","ping_status":"closed","template":"","meta":[],"yoast_head":"<!-- This site is optimized with the Yoast SEO plugin v19.13 - https:\/\/yoast.com\/wordpress\/plugins\/seo\/ -->\n<title>Champignons - Voyages ornithologiques Serge Beaudette<\/title>\n<meta name=\"robots\" content=\"index, follow, max-snippet:-1, max-image-preview:large, max-video-preview:-1\" \/>\n<link rel=\"canonical\" href=\"https:\/\/www.pitpitpit.com\/blogue\/champignons\/\" \/>\n<meta property=\"og:locale\" content=\"fr_FR\" \/>\n<meta property=\"og:type\" content=\"article\" \/>\n<meta property=\"og:title\" content=\"Champignons - Voyages ornithologiques Serge Beaudette\" \/>\n<meta property=\"og:description\" content=\"ATELIERS sur les champignons sauvages comestibles! &#8230;Richesses de nos for\u00eats, go\u00fbts exquis, abondance de r\u00e9coltes! Une approche originale et unique! Au terme de seulement une journ\u00e9e d&rsquo;atelier, vous serez en mesure de r\u00e9colter plus de 200 esp\u00e8ces de champignons sauvages comestibles, avec assurance, et de fa\u00e7on 100% s\u00e9curitaire! Tout \u00e7a et plus encore durant cette [&hellip;]\" \/>\n<meta property=\"og:url\" content=\"https:\/\/www.pitpitpit.com\/blogue\/champignons\/\" \/>\n<meta property=\"og:site_name\" content=\"Voyages ornithologiques Serge Beaudette\" \/>\n<meta property=\"article:publisher\" content=\"https:\/\/www.facebook.com\/pitpitpitoiseaux\" \/>\n<meta property=\"article:modified_time\" content=\"2025-09-02T22:32:36+00:00\" \/>\n<meta property=\"og:image\" content=\"https:\/\/www.pitpitpit.com\/blogue\/wp-content\/uploads\/annonceFB-V3-1-1024x576.jpg\" \/>\n<meta name=\"twitter:card\" content=\"summary_large_image\" \/>\n<meta name=\"twitter:label1\" content=\"Dur\u00e9e de lecture estim\u00e9e\" \/>\n\t<meta name=\"twitter:data1\" content=\"5 minutes\" \/>\n<script type=\"application\/ld+json\" class=\"yoast-schema-graph\">{\"@context\":\"https:\/\/schema.org\",\"@graph\":[{\"@type\":\"WebPage\",\"@id\":\"https:\/\/www.pitpitpit.com\/blogue\/champignons\/\",\"url\":\"https:\/\/www.pitpitpit.com\/blogue\/champignons\/\",\"name\":\"Champignons - Voyages ornithologiques Serge Beaudette\",\"isPartOf\":{\"@id\":\"https:\/\/www.pitpitpit.com\/blogue\/#website\"},\"datePublished\":\"2021-08-27T03:08:52+00:00\",\"dateModified\":\"2025-09-02T22:32:36+00:00\",\"breadcrumb\":{\"@id\":\"https:\/\/www.pitpitpit.com\/blogue\/champignons\/#breadcrumb\"},\"inLanguage\":\"fr-FR\",\"potentialAction\":[{\"@type\":\"ReadAction\",\"target\":[\"https:\/\/www.pitpitpit.com\/blogue\/champignons\/\"]}]},{\"@type\":\"BreadcrumbList\",\"@id\":\"https:\/\/www.pitpitpit.com\/blogue\/champignons\/#breadcrumb\",\"itemListElement\":[{\"@type\":\"ListItem\",\"position\":1,\"name\":\"Accueil\",\"item\":\"https:\/\/www.pitpitpit.com\/blogue\/\"},{\"@type\":\"ListItem\",\"position\":2,\"name\":\"Champignons\"}]},{\"@type\":\"WebSite\",\"@id\":\"https:\/\/www.pitpitpit.com\/blogue\/#website\",\"url\":\"https:\/\/www.pitpitpit.com\/blogue\/\",\"name\":\"Serge Beaudette Nature\",\"description\":\"Explorer, D\u00e9couvrir, Conna\u00eetre, S&#039;\u00e9merveiller!\",\"publisher\":{\"@id\":\"https:\/\/www.pitpitpit.com\/blogue\/#organization\"},\"potentialAction\":[{\"@type\":\"SearchAction\",\"target\":{\"@type\":\"EntryPoint\",\"urlTemplate\":\"https:\/\/www.pitpitpit.com\/blogue\/?s={search_term_string}\"},\"query-input\":\"required name=search_term_string\"}],\"inLanguage\":\"fr-FR\"},{\"@type\":\"Organization\",\"@id\":\"https:\/\/www.pitpitpit.com\/blogue\/#organization\",\"name\":\"Serge Beaudette Nature\",\"url\":\"https:\/\/www.pitpitpit.com\/blogue\/\",\"logo\":{\"@type\":\"ImageObject\",\"inLanguage\":\"fr-FR\",\"@id\":\"https:\/\/www.pitpitpit.com\/blogue\/#\/schema\/logo\/image\/\",\"url\":\"https:\/\/www.pitpitpit.com\/blogue\/wp-content\/uploads\/logo-web.jpg\",\"contentUrl\":\"https:\/\/www.pitpitpit.com\/blogue\/wp-content\/uploads\/logo-web.jpg\",\"width\":284,\"height\":172,\"caption\":\"Serge Beaudette Nature\"},\"image\":{\"@id\":\"https:\/\/www.pitpitpit.com\/blogue\/#\/schema\/logo\/image\/\"},\"sameAs\":[\"https:\/\/www.facebook.com\/pitpitpitoiseaux\"]}]}<\/script>\n<!-- \/ Yoast SEO plugin. -->","yoast_head_json":{"title":"Champignons - Voyages ornithologiques Serge Beaudette","robots":{"index":"index","follow":"follow","max-snippet":"max-snippet:-1","max-image-preview":"max-image-preview:large","max-video-preview":"max-video-preview:-1"},"canonical":"https:\/\/www.pitpitpit.com\/blogue\/champignons\/","og_locale":"fr_FR","og_type":"article","og_title":"Champignons - Voyages ornithologiques Serge Beaudette","og_description":"ATELIERS sur les champignons sauvages comestibles! &#8230;Richesses de nos for\u00eats, go\u00fbts exquis, abondance de r\u00e9coltes! Une approche originale et unique! Au terme de seulement une journ\u00e9e d&rsquo;atelier, vous serez en mesure de r\u00e9colter plus de 200 esp\u00e8ces de champignons sauvages comestibles, avec assurance, et de fa\u00e7on 100% s\u00e9curitaire! Tout \u00e7a et plus encore durant cette [&hellip;]","og_url":"https:\/\/www.pitpitpit.com\/blogue\/champignons\/","og_site_name":"Voyages ornithologiques Serge Beaudette","article_publisher":"https:\/\/www.facebook.com\/pitpitpitoiseaux","article_modified_time":"2025-09-02T22:32:36+00:00","og_image":[{"url":"https:\/\/www.pitpitpit.com\/blogue\/wp-content\/uploads\/annonceFB-V3-1-1024x576.jpg"}],"twitter_card":"summary_large_image","twitter_misc":{"Dur\u00e9e de lecture estim\u00e9e":"5 minutes"},"schema":{"@context":"https:\/\/schema.org","@graph":[{"@type":"WebPage","@id":"https:\/\/www.pitpitpit.com\/blogue\/champignons\/","url":"https:\/\/www.pitpitpit.com\/blogue\/champignons\/","name":"Champignons - Voyages ornithologiques Serge Beaudette","isPartOf":{"@id":"https:\/\/www.pitpitpit.com\/blogue\/#website"},"datePublished":"2021-08-27T03:08:52+00:00","dateModified":"2025-09-02T22:32:36+00:00","breadcrumb":{"@id":"https:\/\/www.pitpitpit.com\/blogue\/champignons\/#breadcrumb"},"inLanguage":"fr-FR","potentialAction":[{"@type":"ReadAction","target":["https:\/\/www.pitpitpit.com\/blogue\/champignons\/"]}]},{"@type":"BreadcrumbList","@id":"https:\/\/www.pitpitpit.com\/blogue\/champignons\/#breadcrumb","itemListElement":[{"@type":"ListItem","position":1,"name":"Accueil","item":"https:\/\/www.pitpitpit.com\/blogue\/"},{"@type":"ListItem","position":2,"name":"Champignons"}]},{"@type":"WebSite","@id":"https:\/\/www.pitpitpit.com\/blogue\/#website","url":"https:\/\/www.pitpitpit.com\/blogue\/","name":"Serge Beaudette Nature","description":"Explorer, D\u00e9couvrir, Conna\u00eetre, S&#039;\u00e9merveiller!","publisher":{"@id":"https:\/\/www.pitpitpit.com\/blogue\/#organization"},"potentialAction":[{"@type":"SearchAction","target":{"@type":"EntryPoint","urlTemplate":"https:\/\/www.pitpitpit.com\/blogue\/?s={search_term_string}"},"query-input":"required name=search_term_string"}],"inLanguage":"fr-FR"},{"@type":"Organization","@id":"https:\/\/www.pitpitpit.com\/blogue\/#organization","name":"Serge Beaudette Nature","url":"https:\/\/www.pitpitpit.com\/blogue\/","logo":{"@type":"ImageObject","inLanguage":"fr-FR","@id":"https:\/\/www.pitpitpit.com\/blogue\/#\/schema\/logo\/image\/","url":"https:\/\/www.pitpitpit.com\/blogue\/wp-content\/uploads\/logo-web.jpg","contentUrl":"https:\/\/www.pitpitpit.com\/blogue\/wp-content\/uploads\/logo-web.jpg","width":284,"height":172,"caption":"Serge Beaudette Nature"},"image":{"@id":"https:\/\/www.pitpitpit.com\/blogue\/#\/schema\/logo\/image\/"},"sameAs":["https:\/\/www.facebook.com\/pitpitpitoiseaux"]}]}},"_links":{"self":[{"href":"https:\/\/www.pitpitpit.com\/blogue\/wp-json\/wp\/v2\/pages\/13371"}],"collection":[{"href":"https:\/\/www.pitpitpit.com\/blogue\/wp-json\/wp\/v2\/pages"}],"about":[{"href":"https:\/\/www.pitpitpit.com\/blogue\/wp-json\/wp\/v2\/types\/page"}],"author":[{"embeddable":true,"href":"https:\/\/www.pitpitpit.com\/blogue\/wp-json\/wp\/v2\/users\/2"}],"replies":[{"embeddable":true,"href":"https:\/\/www.pitpitpit.com\/blogue\/wp-json\/wp\/v2\/comments?post=13371"}],"version-history":[{"count":64,"href":"https:\/\/www.pitpitpit.com\/blogue\/wp-json\/wp\/v2\/pages\/13371\/revisions"}],"predecessor-version":[{"id":19414,"href":"https:\/\/www.pitpitpit.com\/blogue\/wp-json\/wp\/v2\/pages\/13371\/revisions\/19414"}],"wp:attachment":[{"href":"https:\/\/www.pitpitpit.com\/blogue\/wp-json\/wp\/v2\/media?parent=13371"}],"curies":[{"name":"wp","href":"https:\/\/api.w.org\/{rel}","templated":true}]}}