{"id":1563,"date":"2013-07-13T09:03:53","date_gmt":"2013-07-13T13:03:53","guid":{"rendered":"http:\/\/www.pitpitpit.com\/blogue\/?page_id=1563"},"modified":"2020-01-31T19:02:26","modified_gmt":"2020-02-01T00:02:26","slug":"voyages-destinations","status":"publish","type":"page","link":"https:\/\/www.pitpitpit.com\/blogue\/voyages-destinations\/","title":{"rendered":"VOYAGES"},"content":{"rendered":"<h1>Argentine, Australie, Br\u00e9sil,\u00a0Colombie, Costa Rica, \u00c9quateur et Amazonie, Espagne, \u00celes Galapagos, Kenya et Tanzanie, Ouest du Canada, P\u00e9rou, Pointe-Pel\u00e9e!<\/h1>\n<p>D\u00e9couvrez les coins les plus g\u00e9n\u00e9reux de la \u00ab plan\u00e8te oiseaux \u00bb, par leur abondance, leur diversit\u00e9, leur extravagance.\u00a0 Des circuits de groupe exclusifs, \u00e0 la logistique irr\u00e9prochable, qui privil\u00e9gient \u00e0 la fois l\u2019exp\u00e9rience d\u2019une immersion compl\u00e8te en nature et le respect du rythme des voyageurs, sans compromis sur la quantit\u00e9 ph\u00e9nom\u00e9nale des esp\u00e8ces observ\u00e9es.<\/p>\n<p>Des accompagnateurs du Qu\u00e9bec, sp\u00e9cialistes des oiseaux, ainsi que les meilleurs guides-ornithologues francophones des pays visit\u00e9s.\u00a0 Les voyages ornithologiques francophones les mieux con\u00e7us en Am\u00e9rique et les seuls approuv\u00e9s par le Regroupement Qu\u00e9becOiseaux!<\/p>\n<p>Consultez les sous-menus de la section <strong>Voyages<\/strong> pour avoir les d\u00e9tails des voyages ornithologiques, ou bien allez \u00e0 la page listant tous les <a title=\"Tous les voyages planifi\u00e9s\" href=\"https:\/\/www.pitpitpit.com\/blogue\/voyages\/\">voyages planifi\u00e9s<\/a> pour l&rsquo;ann\u00e9e en cours.<\/p>\n<p>Vous verrez d&rsquo;autres destinations s&rsquo;ajouter avec le temps!<\/p>\n<p>Au grand plaisir de vivre une exp\u00e9rience paradisiaque avec les oiseaux du monde!<\/p>\n","protected":false},"excerpt":{"rendered":"<p>Argentine, Australie, Br\u00e9sil,\u00a0Colombie, Costa Rica, \u00c9quateur et Amazonie, Espagne, \u00celes Galapagos, Kenya et Tanzanie, Ouest du Canada, P\u00e9rou, Pointe-Pel\u00e9e! D\u00e9couvrez les coins les plus g\u00e9n\u00e9reux de la \u00ab plan\u00e8te oiseaux \u00bb, par leur abondance, leur diversit\u00e9, leur extravagance.\u00a0 Des circuits de groupe exclusifs, \u00e0 la logistique irr\u00e9prochable, qui privil\u00e9gient \u00e0 la fois l\u2019exp\u00e9rience d\u2019une immersion [&hellip;]<\/p>\n","protected":false},"author":2,"featured_media":0,"parent":0,"menu_order":0,"comment_status":"closed","ping_status":"closed","template":"","meta":[],"yoast_head":"<!-- This site is optimized with the Yoast SEO plugin v19.13 - https:\/\/yoast.com\/wordpress\/plugins\/seo\/ -->\n<title>VOYAGES - Voyages ornithologiques Serge Beaudette<\/title>\n<meta name=\"robots\" content=\"index, follow, max-snippet:-1, max-image-preview:large, max-video-preview:-1\" \/>\n<link rel=\"canonical\" href=\"https:\/\/www.pitpitpit.com\/blogue\/voyages-destinations\/\" \/>\n<meta property=\"og:locale\" content=\"fr_FR\" \/>\n<meta property=\"og:type\" content=\"article\" \/>\n<meta property=\"og:title\" content=\"VOYAGES - Voyages ornithologiques Serge Beaudette\" \/>\n<meta property=\"og:description\" content=\"Argentine, Australie, Br\u00e9sil,\u00a0Colombie, Costa Rica, \u00c9quateur et Amazonie, Espagne, \u00celes Galapagos, Kenya et Tanzanie, Ouest du Canada, P\u00e9rou, Pointe-Pel\u00e9e! D\u00e9couvrez les coins les plus g\u00e9n\u00e9reux de la \u00ab plan\u00e8te oiseaux \u00bb, par leur abondance, leur diversit\u00e9, leur extravagance.\u00a0 Des circuits de groupe exclusifs, \u00e0 la logistique irr\u00e9prochable, qui privil\u00e9gient \u00e0 la fois l\u2019exp\u00e9rience d\u2019une immersion [&hellip;]\" \/>\n<meta property=\"og:url\" content=\"https:\/\/www.pitpitpit.com\/blogue\/voyages-destinations\/\" \/>\n<meta property=\"og:site_name\" content=\"Voyages ornithologiques Serge Beaudette\" \/>\n<meta property=\"article:publisher\" content=\"https:\/\/www.facebook.com\/pitpitpitoiseaux\" \/>\n<meta property=\"article:modified_time\" content=\"2020-02-01T00:02:26+00:00\" \/>\n<meta name=\"twitter:card\" content=\"summary_large_image\" \/>\n<meta name=\"twitter:label1\" content=\"Dur\u00e9e de lecture estim\u00e9e\" \/>\n\t<meta name=\"twitter:data1\" content=\"1 minute\" \/>\n<script type=\"application\/ld+json\" class=\"yoast-schema-graph\">{\"@context\":\"https:\/\/schema.org\",\"@graph\":[{\"@type\":\"WebPage\",\"@id\":\"https:\/\/www.pitpitpit.com\/blogue\/voyages-destinations\/\",\"url\":\"https:\/\/www.pitpitpit.com\/blogue\/voyages-destinations\/\",\"name\":\"VOYAGES - Voyages ornithologiques Serge Beaudette\",\"isPartOf\":{\"@id\":\"https:\/\/www.pitpitpit.com\/blogue\/#website\"},\"datePublished\":\"2013-07-13T13:03:53+00:00\",\"dateModified\":\"2020-02-01T00:02:26+00:00\",\"breadcrumb\":{\"@id\":\"https:\/\/www.pitpitpit.com\/blogue\/voyages-destinations\/#breadcrumb\"},\"inLanguage\":\"fr-FR\",\"potentialAction\":[{\"@type\":\"ReadAction\",\"target\":[\"https:\/\/www.pitpitpit.com\/blogue\/voyages-destinations\/\"]}]},{\"@type\":\"BreadcrumbList\",\"@id\":\"https:\/\/www.pitpitpit.com\/blogue\/voyages-destinations\/#breadcrumb\",\"itemListElement\":[{\"@type\":\"ListItem\",\"position\":1,\"name\":\"Accueil\",\"item\":\"https:\/\/www.pitpitpit.com\/blogue\/\"},{\"@type\":\"ListItem\",\"position\":2,\"name\":\"VOYAGES\"}]},{\"@type\":\"WebSite\",\"@id\":\"https:\/\/www.pitpitpit.com\/blogue\/#website\",\"url\":\"https:\/\/www.pitpitpit.com\/blogue\/\",\"name\":\"Serge Beaudette Nature\",\"description\":\"Explorer, D\u00e9couvrir, Conna\u00eetre, S&#039;\u00e9merveiller!\",\"publisher\":{\"@id\":\"https:\/\/www.pitpitpit.com\/blogue\/#organization\"},\"potentialAction\":[{\"@type\":\"SearchAction\",\"target\":{\"@type\":\"EntryPoint\",\"urlTemplate\":\"https:\/\/www.pitpitpit.com\/blogue\/?s={search_term_string}\"},\"query-input\":\"required name=search_term_string\"}],\"inLanguage\":\"fr-FR\"},{\"@type\":\"Organization\",\"@id\":\"https:\/\/www.pitpitpit.com\/blogue\/#organization\",\"name\":\"Serge Beaudette Nature\",\"url\":\"https:\/\/www.pitpitpit.com\/blogue\/\",\"logo\":{\"@type\":\"ImageObject\",\"inLanguage\":\"fr-FR\",\"@id\":\"https:\/\/www.pitpitpit.com\/blogue\/#\/schema\/logo\/image\/\",\"url\":\"https:\/\/www.pitpitpit.com\/blogue\/wp-content\/uploads\/logo-web.jpg\",\"contentUrl\":\"https:\/\/www.pitpitpit.com\/blogue\/wp-content\/uploads\/logo-web.jpg\",\"width\":284,\"height\":172,\"caption\":\"Serge Beaudette Nature\"},\"image\":{\"@id\":\"https:\/\/www.pitpitpit.com\/blogue\/#\/schema\/logo\/image\/\"},\"sameAs\":[\"https:\/\/www.facebook.com\/pitpitpitoiseaux\"]}]}<\/script>\n<!-- \/ Yoast SEO plugin. -->","yoast_head_json":{"title":"VOYAGES - Voyages ornithologiques Serge Beaudette","robots":{"index":"index","follow":"follow","max-snippet":"max-snippet:-1","max-image-preview":"max-image-preview:large","max-video-preview":"max-video-preview:-1"},"canonical":"https:\/\/www.pitpitpit.com\/blogue\/voyages-destinations\/","og_locale":"fr_FR","og_type":"article","og_title":"VOYAGES - Voyages ornithologiques Serge Beaudette","og_description":"Argentine, Australie, Br\u00e9sil,\u00a0Colombie, Costa Rica, \u00c9quateur et Amazonie, Espagne, \u00celes Galapagos, Kenya et Tanzanie, Ouest du Canada, P\u00e9rou, Pointe-Pel\u00e9e! D\u00e9couvrez les coins les plus g\u00e9n\u00e9reux de la \u00ab plan\u00e8te oiseaux \u00bb, par leur abondance, leur diversit\u00e9, leur extravagance.\u00a0 Des circuits de groupe exclusifs, \u00e0 la logistique irr\u00e9prochable, qui privil\u00e9gient \u00e0 la fois l\u2019exp\u00e9rience d\u2019une immersion [&hellip;]","og_url":"https:\/\/www.pitpitpit.com\/blogue\/voyages-destinations\/","og_site_name":"Voyages ornithologiques Serge Beaudette","article_publisher":"https:\/\/www.facebook.com\/pitpitpitoiseaux","article_modified_time":"2020-02-01T00:02:26+00:00","twitter_card":"summary_large_image","twitter_misc":{"Dur\u00e9e de lecture estim\u00e9e":"1 minute"},"schema":{"@context":"https:\/\/schema.org","@graph":[{"@type":"WebPage","@id":"https:\/\/www.pitpitpit.com\/blogue\/voyages-destinations\/","url":"https:\/\/www.pitpitpit.com\/blogue\/voyages-destinations\/","name":"VOYAGES - Voyages ornithologiques Serge Beaudette","isPartOf":{"@id":"https:\/\/www.pitpitpit.com\/blogue\/#website"},"datePublished":"2013-07-13T13:03:53+00:00","dateModified":"2020-02-01T00:02:26+00:00","breadcrumb":{"@id":"https:\/\/www.pitpitpit.com\/blogue\/voyages-destinations\/#breadcrumb"},"inLanguage":"fr-FR","potentialAction":[{"@type":"ReadAction","target":["https:\/\/www.pitpitpit.com\/blogue\/voyages-destinations\/"]}]},{"@type":"BreadcrumbList","@id":"https:\/\/www.pitpitpit.com\/blogue\/voyages-destinations\/#breadcrumb","itemListElement":[{"@type":"ListItem","position":1,"name":"Accueil","item":"https:\/\/www.pitpitpit.com\/blogue\/"},{"@type":"ListItem","position":2,"name":"VOYAGES"}]},{"@type":"WebSite","@id":"https:\/\/www.pitpitpit.com\/blogue\/#website","url":"https:\/\/www.pitpitpit.com\/blogue\/","name":"Serge Beaudette Nature","description":"Explorer, D\u00e9couvrir, Conna\u00eetre, S&#039;\u00e9merveiller!","publisher":{"@id":"https:\/\/www.pitpitpit.com\/blogue\/#organization"},"potentialAction":[{"@type":"SearchAction","target":{"@type":"EntryPoint","urlTemplate":"https:\/\/www.pitpitpit.com\/blogue\/?s={search_term_string}"},"query-input":"required name=search_term_string"}],"inLanguage":"fr-FR"},{"@type":"Organization","@id":"https:\/\/www.pitpitpit.com\/blogue\/#organization","name":"Serge Beaudette Nature","url":"https:\/\/www.pitpitpit.com\/blogue\/","logo":{"@type":"ImageObject","inLanguage":"fr-FR","@id":"https:\/\/www.pitpitpit.com\/blogue\/#\/schema\/logo\/image\/","url":"https:\/\/www.pitpitpit.com\/blogue\/wp-content\/uploads\/logo-web.jpg","contentUrl":"https:\/\/www.pitpitpit.com\/blogue\/wp-content\/uploads\/logo-web.jpg","width":284,"height":172,"caption":"Serge Beaudette Nature"},"image":{"@id":"https:\/\/www.pitpitpit.com\/blogue\/#\/schema\/logo\/image\/"},"sameAs":["https:\/\/www.facebook.com\/pitpitpitoiseaux"]}]}},"_links":{"self":[{"href":"https:\/\/www.pitpitpit.com\/blogue\/wp-json\/wp\/v2\/pages\/1563"}],"collection":[{"href":"https:\/\/www.pitpitpit.com\/blogue\/wp-json\/wp\/v2\/pages"}],"about":[{"href":"https:\/\/www.pitpitpit.com\/blogue\/wp-json\/wp\/v2\/types\/page"}],"author":[{"embeddable":true,"href":"https:\/\/www.pitpitpit.com\/blogue\/wp-json\/wp\/v2\/users\/2"}],"replies":[{"embeddable":true,"href":"https:\/\/www.pitpitpit.com\/blogue\/wp-json\/wp\/v2\/comments?post=1563"}],"version-history":[{"count":12,"href":"https:\/\/www.pitpitpit.com\/blogue\/wp-json\/wp\/v2\/pages\/1563\/revisions"}],"predecessor-version":[{"id":12965,"href":"https:\/\/www.pitpitpit.com\/blogue\/wp-json\/wp\/v2\/pages\/1563\/revisions\/12965"}],"wp:attachment":[{"href":"https:\/\/www.pitpitpit.com\/blogue\/wp-json\/wp\/v2\/media?parent=1563"}],"curies":[{"name":"wp","href":"https:\/\/api.w.org\/{rel}","templated":true}]}}