{"id":15813,"date":"2024-08-28T10:51:21","date_gmt":"2024-08-28T14:51:21","guid":{"rendered":"https:\/\/www.pitpitpit.com\/blogue\/?page_id=15813"},"modified":"2024-08-28T10:51:22","modified_gmt":"2024-08-28T14:51:22","slug":"exotisme-exuberance-et-originalite-chez-les-oiseaux-source-demerveillement-infini","status":"publish","type":"page","link":"https:\/\/www.pitpitpit.com\/blogue\/exotisme-exuberance-et-originalite-chez-les-oiseaux-source-demerveillement-infini\/","title":{"rendered":"Exotisme, exub\u00e9rance et originalit\u00e9 chez les oiseaux: source d&rsquo;\u00e9merveillement infini!"},"content":{"rendered":"\n<p>Riche de nombreuses rencontres privil\u00e9gi\u00e9es et intimes avec des oiseaux des 4 coins de la Plan\u00e8te, Serge Beaudette nous emm\u00e8ne \u00e0 la d\u00e9couverte de sp\u00e9cimens aux plumages les plus exub\u00e9rants et aux comportements les plus originaux qu\u2019il a eu le privil\u00e8ge de rencontrer.<\/p>\n\n\n\n<p>Des couleurs \u00e9clatantes, des formes surprenantes, des attribues fascinants, des danses et des comportements qui impressionnent!<\/p>\n\n\n\n<p>Un voyage rempli d&rsquo;exotisme, \u00e9merveillement garanti!  <\/p>\n\n\n\n<p>Des rencontres, des histoires qui vous en mettront plein la vue!<\/p>\n","protected":false},"excerpt":{"rendered":"<p>Riche de nombreuses rencontres privil\u00e9gi\u00e9es et intimes avec des oiseaux des 4 coins de la Plan\u00e8te, Serge Beaudette nous emm\u00e8ne \u00e0 la d\u00e9couverte de sp\u00e9cimens aux plumages les plus exub\u00e9rants et aux comportements les plus originaux qu\u2019il a eu le privil\u00e8ge de rencontrer. Des couleurs \u00e9clatantes, des formes surprenantes, des attribues fascinants, des danses et [&hellip;]<\/p>\n","protected":false},"author":2,"featured_media":0,"parent":0,"menu_order":0,"comment_status":"closed","ping_status":"closed","template":"","meta":[],"yoast_head":"<!-- This site is optimized with the Yoast SEO plugin v19.13 - https:\/\/yoast.com\/wordpress\/plugins\/seo\/ -->\n<title>Exotisme, exub\u00e9rance et originalit\u00e9 chez les oiseaux: source d&#039;\u00e9merveillement infini! - Voyages ornithologiques Serge Beaudette<\/title>\n<meta name=\"robots\" content=\"index, follow, max-snippet:-1, max-image-preview:large, max-video-preview:-1\" \/>\n<link rel=\"canonical\" href=\"https:\/\/www.pitpitpit.com\/blogue\/exotisme-exuberance-et-originalite-chez-les-oiseaux-source-demerveillement-infini\/\" \/>\n<meta property=\"og:locale\" content=\"fr_FR\" \/>\n<meta property=\"og:type\" content=\"article\" \/>\n<meta property=\"og:title\" content=\"Exotisme, exub\u00e9rance et originalit\u00e9 chez les oiseaux: source d&#039;\u00e9merveillement infini! - Voyages ornithologiques Serge Beaudette\" \/>\n<meta property=\"og:description\" content=\"Riche de nombreuses rencontres privil\u00e9gi\u00e9es et intimes avec des oiseaux des 4 coins de la Plan\u00e8te, Serge Beaudette nous emm\u00e8ne \u00e0 la d\u00e9couverte de sp\u00e9cimens aux plumages les plus exub\u00e9rants et aux comportements les plus originaux qu\u2019il a eu le privil\u00e8ge de rencontrer. Des couleurs \u00e9clatantes, des formes surprenantes, des attribues fascinants, des danses et [&hellip;]\" \/>\n<meta property=\"og:url\" content=\"https:\/\/www.pitpitpit.com\/blogue\/exotisme-exuberance-et-originalite-chez-les-oiseaux-source-demerveillement-infini\/\" \/>\n<meta property=\"og:site_name\" content=\"Voyages ornithologiques Serge Beaudette\" \/>\n<meta property=\"article:publisher\" content=\"https:\/\/www.facebook.com\/pitpitpitoiseaux\" \/>\n<meta property=\"article:modified_time\" content=\"2024-08-28T14:51:22+00:00\" \/>\n<meta name=\"twitter:card\" content=\"summary_large_image\" \/>\n<meta name=\"twitter:label1\" content=\"Dur\u00e9e de lecture estim\u00e9e\" \/>\n\t<meta name=\"twitter:data1\" content=\"1 minute\" \/>\n<script type=\"application\/ld+json\" class=\"yoast-schema-graph\">{\"@context\":\"https:\/\/schema.org\",\"@graph\":[{\"@type\":\"WebPage\",\"@id\":\"https:\/\/www.pitpitpit.com\/blogue\/exotisme-exuberance-et-originalite-chez-les-oiseaux-source-demerveillement-infini\/\",\"url\":\"https:\/\/www.pitpitpit.com\/blogue\/exotisme-exuberance-et-originalite-chez-les-oiseaux-source-demerveillement-infini\/\",\"name\":\"Exotisme, exub\u00e9rance et originalit\u00e9 chez les oiseaux: source d'\u00e9merveillement infini! - Voyages ornithologiques Serge Beaudette\",\"isPartOf\":{\"@id\":\"https:\/\/www.pitpitpit.com\/blogue\/#website\"},\"datePublished\":\"2024-08-28T14:51:21+00:00\",\"dateModified\":\"2024-08-28T14:51:22+00:00\",\"breadcrumb\":{\"@id\":\"https:\/\/www.pitpitpit.com\/blogue\/exotisme-exuberance-et-originalite-chez-les-oiseaux-source-demerveillement-infini\/#breadcrumb\"},\"inLanguage\":\"fr-FR\",\"potentialAction\":[{\"@type\":\"ReadAction\",\"target\":[\"https:\/\/www.pitpitpit.com\/blogue\/exotisme-exuberance-et-originalite-chez-les-oiseaux-source-demerveillement-infini\/\"]}]},{\"@type\":\"BreadcrumbList\",\"@id\":\"https:\/\/www.pitpitpit.com\/blogue\/exotisme-exuberance-et-originalite-chez-les-oiseaux-source-demerveillement-infini\/#breadcrumb\",\"itemListElement\":[{\"@type\":\"ListItem\",\"position\":1,\"name\":\"Accueil\",\"item\":\"https:\/\/www.pitpitpit.com\/blogue\/\"},{\"@type\":\"ListItem\",\"position\":2,\"name\":\"Exotisme, exub\u00e9rance et originalit\u00e9 chez les oiseaux: source d&rsquo;\u00e9merveillement infini!\"}]},{\"@type\":\"WebSite\",\"@id\":\"https:\/\/www.pitpitpit.com\/blogue\/#website\",\"url\":\"https:\/\/www.pitpitpit.com\/blogue\/\",\"name\":\"Serge Beaudette Nature\",\"description\":\"Explorer, D\u00e9couvrir, Conna\u00eetre, S&#039;\u00e9merveiller!\",\"publisher\":{\"@id\":\"https:\/\/www.pitpitpit.com\/blogue\/#organization\"},\"potentialAction\":[{\"@type\":\"SearchAction\",\"target\":{\"@type\":\"EntryPoint\",\"urlTemplate\":\"https:\/\/www.pitpitpit.com\/blogue\/?s={search_term_string}\"},\"query-input\":\"required name=search_term_string\"}],\"inLanguage\":\"fr-FR\"},{\"@type\":\"Organization\",\"@id\":\"https:\/\/www.pitpitpit.com\/blogue\/#organization\",\"name\":\"Serge Beaudette Nature\",\"url\":\"https:\/\/www.pitpitpit.com\/blogue\/\",\"logo\":{\"@type\":\"ImageObject\",\"inLanguage\":\"fr-FR\",\"@id\":\"https:\/\/www.pitpitpit.com\/blogue\/#\/schema\/logo\/image\/\",\"url\":\"https:\/\/www.pitpitpit.com\/blogue\/wp-content\/uploads\/logo-web.jpg\",\"contentUrl\":\"https:\/\/www.pitpitpit.com\/blogue\/wp-content\/uploads\/logo-web.jpg\",\"width\":284,\"height\":172,\"caption\":\"Serge Beaudette Nature\"},\"image\":{\"@id\":\"https:\/\/www.pitpitpit.com\/blogue\/#\/schema\/logo\/image\/\"},\"sameAs\":[\"https:\/\/www.facebook.com\/pitpitpitoiseaux\"]}]}<\/script>\n<!-- \/ Yoast SEO plugin. -->","yoast_head_json":{"title":"Exotisme, exub\u00e9rance et originalit\u00e9 chez les oiseaux: source d'\u00e9merveillement infini! - Voyages ornithologiques Serge Beaudette","robots":{"index":"index","follow":"follow","max-snippet":"max-snippet:-1","max-image-preview":"max-image-preview:large","max-video-preview":"max-video-preview:-1"},"canonical":"https:\/\/www.pitpitpit.com\/blogue\/exotisme-exuberance-et-originalite-chez-les-oiseaux-source-demerveillement-infini\/","og_locale":"fr_FR","og_type":"article","og_title":"Exotisme, exub\u00e9rance et originalit\u00e9 chez les oiseaux: source d'\u00e9merveillement infini! - Voyages ornithologiques Serge Beaudette","og_description":"Riche de nombreuses rencontres privil\u00e9gi\u00e9es et intimes avec des oiseaux des 4 coins de la Plan\u00e8te, Serge Beaudette nous emm\u00e8ne \u00e0 la d\u00e9couverte de sp\u00e9cimens aux plumages les plus exub\u00e9rants et aux comportements les plus originaux qu\u2019il a eu le privil\u00e8ge de rencontrer. Des couleurs \u00e9clatantes, des formes surprenantes, des attribues fascinants, des danses et [&hellip;]","og_url":"https:\/\/www.pitpitpit.com\/blogue\/exotisme-exuberance-et-originalite-chez-les-oiseaux-source-demerveillement-infini\/","og_site_name":"Voyages ornithologiques Serge Beaudette","article_publisher":"https:\/\/www.facebook.com\/pitpitpitoiseaux","article_modified_time":"2024-08-28T14:51:22+00:00","twitter_card":"summary_large_image","twitter_misc":{"Dur\u00e9e de lecture estim\u00e9e":"1 minute"},"schema":{"@context":"https:\/\/schema.org","@graph":[{"@type":"WebPage","@id":"https:\/\/www.pitpitpit.com\/blogue\/exotisme-exuberance-et-originalite-chez-les-oiseaux-source-demerveillement-infini\/","url":"https:\/\/www.pitpitpit.com\/blogue\/exotisme-exuberance-et-originalite-chez-les-oiseaux-source-demerveillement-infini\/","name":"Exotisme, exub\u00e9rance et originalit\u00e9 chez les oiseaux: source d'\u00e9merveillement infini! - Voyages ornithologiques Serge Beaudette","isPartOf":{"@id":"https:\/\/www.pitpitpit.com\/blogue\/#website"},"datePublished":"2024-08-28T14:51:21+00:00","dateModified":"2024-08-28T14:51:22+00:00","breadcrumb":{"@id":"https:\/\/www.pitpitpit.com\/blogue\/exotisme-exuberance-et-originalite-chez-les-oiseaux-source-demerveillement-infini\/#breadcrumb"},"inLanguage":"fr-FR","potentialAction":[{"@type":"ReadAction","target":["https:\/\/www.pitpitpit.com\/blogue\/exotisme-exuberance-et-originalite-chez-les-oiseaux-source-demerveillement-infini\/"]}]},{"@type":"BreadcrumbList","@id":"https:\/\/www.pitpitpit.com\/blogue\/exotisme-exuberance-et-originalite-chez-les-oiseaux-source-demerveillement-infini\/#breadcrumb","itemListElement":[{"@type":"ListItem","position":1,"name":"Accueil","item":"https:\/\/www.pitpitpit.com\/blogue\/"},{"@type":"ListItem","position":2,"name":"Exotisme, exub\u00e9rance et originalit\u00e9 chez les oiseaux: source d&rsquo;\u00e9merveillement infini!"}]},{"@type":"WebSite","@id":"https:\/\/www.pitpitpit.com\/blogue\/#website","url":"https:\/\/www.pitpitpit.com\/blogue\/","name":"Serge Beaudette Nature","description":"Explorer, D\u00e9couvrir, Conna\u00eetre, S&#039;\u00e9merveiller!","publisher":{"@id":"https:\/\/www.pitpitpit.com\/blogue\/#organization"},"potentialAction":[{"@type":"SearchAction","target":{"@type":"EntryPoint","urlTemplate":"https:\/\/www.pitpitpit.com\/blogue\/?s={search_term_string}"},"query-input":"required name=search_term_string"}],"inLanguage":"fr-FR"},{"@type":"Organization","@id":"https:\/\/www.pitpitpit.com\/blogue\/#organization","name":"Serge Beaudette Nature","url":"https:\/\/www.pitpitpit.com\/blogue\/","logo":{"@type":"ImageObject","inLanguage":"fr-FR","@id":"https:\/\/www.pitpitpit.com\/blogue\/#\/schema\/logo\/image\/","url":"https:\/\/www.pitpitpit.com\/blogue\/wp-content\/uploads\/logo-web.jpg","contentUrl":"https:\/\/www.pitpitpit.com\/blogue\/wp-content\/uploads\/logo-web.jpg","width":284,"height":172,"caption":"Serge Beaudette Nature"},"image":{"@id":"https:\/\/www.pitpitpit.com\/blogue\/#\/schema\/logo\/image\/"},"sameAs":["https:\/\/www.facebook.com\/pitpitpitoiseaux"]}]}},"_links":{"self":[{"href":"https:\/\/www.pitpitpit.com\/blogue\/wp-json\/wp\/v2\/pages\/15813"}],"collection":[{"href":"https:\/\/www.pitpitpit.com\/blogue\/wp-json\/wp\/v2\/pages"}],"about":[{"href":"https:\/\/www.pitpitpit.com\/blogue\/wp-json\/wp\/v2\/types\/page"}],"author":[{"embeddable":true,"href":"https:\/\/www.pitpitpit.com\/blogue\/wp-json\/wp\/v2\/users\/2"}],"replies":[{"embeddable":true,"href":"https:\/\/www.pitpitpit.com\/blogue\/wp-json\/wp\/v2\/comments?post=15813"}],"version-history":[{"count":1,"href":"https:\/\/www.pitpitpit.com\/blogue\/wp-json\/wp\/v2\/pages\/15813\/revisions"}],"predecessor-version":[{"id":15814,"href":"https:\/\/www.pitpitpit.com\/blogue\/wp-json\/wp\/v2\/pages\/15813\/revisions\/15814"}],"wp:attachment":[{"href":"https:\/\/www.pitpitpit.com\/blogue\/wp-json\/wp\/v2\/media?parent=15813"}],"curies":[{"name":"wp","href":"https:\/\/api.w.org\/{rel}","templated":true}]}}