{"id":21070,"date":"2026-04-09T12:28:25","date_gmt":"2026-04-09T16:28:25","guid":{"rendered":"https:\/\/www.pitpitpit.com\/blogue\/?page_id=21070"},"modified":"2026-04-09T12:29:13","modified_gmt":"2026-04-09T16:29:13","slug":"formulaire-dinscription-journee-100-voyages-pitpitpit","status":"publish","type":"page","link":"https:\/\/www.pitpitpit.com\/blogue\/formulaire-dinscription-journee-100-voyages-pitpitpit\/","title":{"rendered":"Journ\u00e9e festive \u00ab\u00a0100 voyages PITPITPIT\u00a0\u00bb (Formulaire d&rsquo;inscription)"},"content":{"rendered":"<div class=\"wpcf7 no-js\" id=\"wpcf7-f21069-o1\" lang=\"fr-FR\" dir=\"ltr\">\n<div class=\"screen-reader-response\"><p role=\"status\" aria-live=\"polite\" aria-atomic=\"true\"><\/p> <ul><\/ul><\/div>\n<form action=\"\/blogue\/wp-json\/wp\/v2\/pages\/21070#wpcf7-f21069-o1\" method=\"post\" class=\"wpcf7-form init\" aria-label=\"Formulaire de contact\" novalidate=\"novalidate\" data-status=\"init\">\n<div style=\"display: none;\">\n<input type=\"hidden\" name=\"_wpcf7\" value=\"21069\" \/>\n<input type=\"hidden\" name=\"_wpcf7_version\" value=\"5.7.2\" \/>\n<input type=\"hidden\" name=\"_wpcf7_locale\" value=\"fr_FR\" \/>\n<input type=\"hidden\" name=\"_wpcf7_unit_tag\" value=\"wpcf7-f21069-o1\" \/>\n<input type=\"hidden\" name=\"_wpcf7_container_post\" value=\"0\" \/>\n<input type=\"hidden\" name=\"_wpcf7_posted_data_hash\" value=\"\" \/>\n<input type=\"hidden\" name=\"_wpcf7_recaptcha_response\" value=\"\" \/>\n<\/div>\n<p><strong>Quel plaisir de vous savoir des n\u00f4tres, pour cette journ\u00e9e de retrouvailles et de c\u00e9l\u00e9bration des \u2728100 voyages PITPITPIT!\u2728 <\/strong>\n<\/p>\n<p>(Date et lieu: <strong>Dimanche le 27 septembre 2026<\/strong>, \u00e0 la salle Le Prax\u00e8de, \u00e0 Bromptonville en Estrie!)\n<\/p>\n<p>Merci de prendre quelques instants pour compl\u00e9ter ce formulaire d\u2019inscription \u2014 cela m\u2019aidera \u00e9norm\u00e9ment \u00e0 organiser cet \u00e9v\u00e9nement \u00e0 la hauteur de ce que nous avons v\u00e9cu ensemble !\n<\/p>\n<hr \/>\n<h2><strong>\u2728Je souhaite m\u2019inscrire :<\/strong>\n<\/h2>\n<p>Pr\u00e9nom :<br \/>\n<span class=\"wpcf7-form-control-wrap\" data-name=\"prenom\"><input size=\"40\" class=\"wpcf7-form-control wpcf7-text wpcf7-validates-as-required\" aria-required=\"true\" aria-invalid=\"false\" value=\"\" type=\"text\" name=\"prenom\" \/><\/span>\n<\/p>\n<p>Nom :<br \/>\n<span class=\"wpcf7-form-control-wrap\" data-name=\"nom\"><input size=\"40\" class=\"wpcf7-form-control wpcf7-text wpcf7-validates-as-required\" aria-required=\"true\" aria-invalid=\"false\" value=\"\" type=\"text\" name=\"nom\" \/><\/span>\n<\/p>\n<p>Courriel :<br \/>\n<span class=\"wpcf7-form-control-wrap\" data-name=\"courriel\"><input size=\"40\" class=\"wpcf7-form-control wpcf7-text wpcf7-email wpcf7-validates-as-required wpcf7-validates-as-email\" aria-required=\"true\" aria-invalid=\"false\" value=\"\" type=\"email\" name=\"courriel\" \/><\/span>\n<\/p>\n<hr \/>\n<h2><strong>Si des personnes vous accompagnent :<\/strong>\n<\/h2>\n<p><strong>-Indiquez le nombre total de personnes que vous serez :<\/strong><br \/>\n<em>(en vous incluant)<\/em><br \/>\n<span class=\"wpcf7-form-control-wrap\" data-name=\"total_personnes\"><input class=\"wpcf7-form-control wpcf7-number wpcf7-validates-as-required wpcf7-validates-as-number\" min=\"1\" aria-required=\"true\" aria-invalid=\"false\" value=\"\" type=\"number\" name=\"total_personnes\" \/><\/span>\n<\/p>\n<p><strong>-Et indiquer le(s) nom(s) :<\/strong><br \/>\n<em>(S\u2019il y a plus d\u2019une personne, s\u00e9parer les noms par des virgules)<\/em><br \/>\n<span class=\"wpcf7-form-control-wrap\" data-name=\"accompagnateurs\"><input size=\"40\" class=\"wpcf7-form-control wpcf7-text\" aria-invalid=\"false\" value=\"\" type=\"text\" name=\"accompagnateurs\" \/><\/span>\n<\/p>\n<hr \/>\n<h2><strong>\u2728Contribution volontaire<\/strong>\n<\/h2>\n<p>Nous invitons \u00e0 une <strong>contribution volontaire<\/strong><em> (montant sugg\u00e9r\u00e9 : 20 $ par personne)<\/em>, afin d'aider \u00e0 payer une partie des d\u00e9penses li\u00e9es \u00e0 l\u2019\u00e9v\u00e9nement.\n<\/p>\n<p>Vous \u00eates libre de donner un montant diff\u00e9rent, selon votre \u00e9lan et vos possibilit\u00e9s.\n<\/p>\n<p>Si une contribution repr\u00e9sente une contrainte pour vous, <strong>il suffit de nous en aviser \u2014 votre pr\u00e9sence est ce qui compte avant tout.<\/strong>\n<\/p>\n<p><strong>Montant total de ma contribution :<\/strong><br \/>\n<span class=\"wpcf7-form-control-wrap\" data-name=\"contribution\"><input class=\"wpcf7-form-control wpcf7-number wpcf7-validates-as-number\" aria-invalid=\"false\" value=\"\" type=\"number\" name=\"contribution\" \/><\/span>\n<\/p>\n<hr \/>\n<h2><strong>\u2728Paiement<\/strong>\n<\/h2>\n<p>Les contributions peuvent \u00eatre envoy\u00e9es par virement Interac \u00e0 l'adresse :\n<\/p>\n<p><strong>sbnature@videotron.ca<\/strong><br \/>\n\u2753 Question : <em><strong>Voyages aux<\/strong><\/em><br \/>\n\u2705 R\u00e9ponse : <em><strong>oiseaux<\/strong><\/em>\n<\/p>\n<p><em><strong>***Nous vous invitons \u00e0 faire votre virement d\u00e8s que possible!<br \/>\n...Et merci d\u2019indiquer votre nom lors du virement pour faciliter le suivi***<\/strong><\/em>\n<\/p>\n<hr \/>\n<h2><strong>\u2728Mobilit\u00e9 r\u00e9duite ?<\/strong>\n<\/h2>\n<p>Nous avons choisi un lieu permettant l\u2019acc\u00e8s aux personnes \u00e0 mobilit\u00e9 r\u00e9duite. Nous n\u2019avons que quelques places de stationnement pr\u00e8s de la rampe d\u2019acc\u00e8s \u00e0 la salle.\n<\/p>\n<p>Si vous avez besoin qu\u2019on vous r\u00e9serve une de ces places, <strong>SVP indiquez-le ici :<\/strong>\n<\/p>\n<p><span class=\"wpcf7-form-control-wrap\" data-name=\"mobilite\"><textarea cols=\"40\" rows=\"10\" class=\"wpcf7-form-control wpcf7-textarea\" aria-invalid=\"false\" placeholder=\"Ex : besoin d\u2019une place pr\u00e8s de l\u2019entr\u00e9e, accompagnement, autre\u2026\" name=\"mobilite\"><\/textarea><\/span>\n<\/p>\n<p><em>Si vous n\u2019avez pas de besoin particulier, vous pouvez laisser ce champ vide.<\/em>\n<\/p>\n<hr \/>\n<h2><strong>\u2728Commentaires ?<\/strong> <em>(facultatif)<\/em>\n<\/h2>\n<p><span class=\"wpcf7-form-control-wrap\" data-name=\"comment\"><textarea cols=\"40\" rows=\"10\" class=\"wpcf7-form-control wpcf7-textarea\" aria-invalid=\"false\" name=\"comment\"><\/textarea><\/span>\n<\/p>\n<hr \/>\n<p style=\"text-align:center; font-size:18px;\"><strong>\u2728Confirmez votre inscription:<\/strong>\n<\/p>\n<p style=\"text-align:center;\"><br \/>\n<input type=\"submit\" value=\"Je confirme mon inscription\" style=\"font-size:22px; padding:18px 25px;\" \/>\n<\/p>\n<hr \/>\n<p>J\u2019ai tr\u00e8s h\u00e2te de vous retrouver pour c\u00e9l\u00e9brer ensemble ces 100 voyages\u2026 et tout ce qu\u2019ils ont fait na\u00eetre \u2728\n<\/p>\n<p>Vous recevrez les informations compl\u00e9mentaires dans les prochaines semaines.\n<\/p><p style=\"display: none !important;\" class=\"akismet-fields-container\" data-prefix=\"_wpcf7_ak_\"><label>&#916;<textarea name=\"_wpcf7_ak_hp_textarea\" cols=\"45\" rows=\"8\" maxlength=\"100\"><\/textarea><\/label><input type=\"hidden\" id=\"ak_js_1\" name=\"_wpcf7_ak_js\" value=\"149\"\/><script>document.getElementById( \"ak_js_1\" ).setAttribute( \"value\", ( new Date() ).getTime() );<\/script><\/p><div class=\"wpcf7-response-output\" aria-hidden=\"true\"><\/div><\/form><\/div>\n","protected":false},"excerpt":{"rendered":"","protected":false},"author":2,"featured_media":0,"parent":0,"menu_order":0,"comment_status":"closed","ping_status":"closed","template":"","meta":[],"yoast_head":"<!-- This site is optimized with the Yoast SEO plugin v19.13 - https:\/\/yoast.com\/wordpress\/plugins\/seo\/ -->\n<title>Journ\u00e9e festive &quot;100 voyages PITPITPIT&quot; (Formulaire d&#039;inscription) - Voyages ornithologiques Serge Beaudette<\/title>\n<meta name=\"robots\" content=\"index, follow, max-snippet:-1, max-image-preview:large, max-video-preview:-1\" \/>\n<link rel=\"canonical\" href=\"https:\/\/www.pitpitpit.com\/blogue\/formulaire-dinscription-journee-100-voyages-pitpitpit\/\" \/>\n<meta property=\"og:locale\" content=\"fr_FR\" \/>\n<meta property=\"og:type\" content=\"article\" \/>\n<meta property=\"og:title\" content=\"Journ\u00e9e festive &quot;100 voyages PITPITPIT&quot; (Formulaire d&#039;inscription) - Voyages ornithologiques Serge Beaudette\" \/>\n<meta property=\"og:url\" content=\"https:\/\/www.pitpitpit.com\/blogue\/formulaire-dinscription-journee-100-voyages-pitpitpit\/\" \/>\n<meta property=\"og:site_name\" content=\"Voyages ornithologiques Serge Beaudette\" \/>\n<meta property=\"article:publisher\" content=\"https:\/\/www.facebook.com\/pitpitpitoiseaux\" \/>\n<meta property=\"article:modified_time\" content=\"2026-04-09T16:29:13+00:00\" \/>\n<meta name=\"twitter:card\" content=\"summary_large_image\" \/>\n<meta name=\"twitter:label1\" content=\"Dur\u00e9e de lecture estim\u00e9e\" \/>\n\t<meta name=\"twitter:data1\" content=\"1 minute\" \/>\n<script type=\"application\/ld+json\" class=\"yoast-schema-graph\">{\"@context\":\"https:\/\/schema.org\",\"@graph\":[{\"@type\":\"WebPage\",\"@id\":\"https:\/\/www.pitpitpit.com\/blogue\/formulaire-dinscription-journee-100-voyages-pitpitpit\/\",\"url\":\"https:\/\/www.pitpitpit.com\/blogue\/formulaire-dinscription-journee-100-voyages-pitpitpit\/\",\"name\":\"Journ\u00e9e festive \\\"100 voyages PITPITPIT\\\" (Formulaire d'inscription) - Voyages ornithologiques Serge Beaudette\",\"isPartOf\":{\"@id\":\"https:\/\/www.pitpitpit.com\/blogue\/#website\"},\"datePublished\":\"2026-04-09T16:28:25+00:00\",\"dateModified\":\"2026-04-09T16:29:13+00:00\",\"breadcrumb\":{\"@id\":\"https:\/\/www.pitpitpit.com\/blogue\/formulaire-dinscription-journee-100-voyages-pitpitpit\/#breadcrumb\"},\"inLanguage\":\"fr-FR\",\"potentialAction\":[{\"@type\":\"ReadAction\",\"target\":[\"https:\/\/www.pitpitpit.com\/blogue\/formulaire-dinscription-journee-100-voyages-pitpitpit\/\"]}]},{\"@type\":\"BreadcrumbList\",\"@id\":\"https:\/\/www.pitpitpit.com\/blogue\/formulaire-dinscription-journee-100-voyages-pitpitpit\/#breadcrumb\",\"itemListElement\":[{\"@type\":\"ListItem\",\"position\":1,\"name\":\"Accueil\",\"item\":\"https:\/\/www.pitpitpit.com\/blogue\/\"},{\"@type\":\"ListItem\",\"position\":2,\"name\":\"Journ\u00e9e festive \u00ab\u00a0100 voyages PITPITPIT\u00a0\u00bb (Formulaire d&rsquo;inscription)\"}]},{\"@type\":\"WebSite\",\"@id\":\"https:\/\/www.pitpitpit.com\/blogue\/#website\",\"url\":\"https:\/\/www.pitpitpit.com\/blogue\/\",\"name\":\"Serge Beaudette Nature\",\"description\":\"Explorer, D\u00e9couvrir, Conna\u00eetre, S&#039;\u00e9merveiller!\",\"publisher\":{\"@id\":\"https:\/\/www.pitpitpit.com\/blogue\/#organization\"},\"potentialAction\":[{\"@type\":\"SearchAction\",\"target\":{\"@type\":\"EntryPoint\",\"urlTemplate\":\"https:\/\/www.pitpitpit.com\/blogue\/?s={search_term_string}\"},\"query-input\":\"required name=search_term_string\"}],\"inLanguage\":\"fr-FR\"},{\"@type\":\"Organization\",\"@id\":\"https:\/\/www.pitpitpit.com\/blogue\/#organization\",\"name\":\"Serge Beaudette Nature\",\"url\":\"https:\/\/www.pitpitpit.com\/blogue\/\",\"logo\":{\"@type\":\"ImageObject\",\"inLanguage\":\"fr-FR\",\"@id\":\"https:\/\/www.pitpitpit.com\/blogue\/#\/schema\/logo\/image\/\",\"url\":\"https:\/\/www.pitpitpit.com\/blogue\/wp-content\/uploads\/logo-web.jpg\",\"contentUrl\":\"https:\/\/www.pitpitpit.com\/blogue\/wp-content\/uploads\/logo-web.jpg\",\"width\":284,\"height\":172,\"caption\":\"Serge Beaudette Nature\"},\"image\":{\"@id\":\"https:\/\/www.pitpitpit.com\/blogue\/#\/schema\/logo\/image\/\"},\"sameAs\":[\"https:\/\/www.facebook.com\/pitpitpitoiseaux\"]}]}<\/script>\n<!-- \/ Yoast SEO plugin. -->","yoast_head_json":{"title":"Journ\u00e9e festive \"100 voyages PITPITPIT\" (Formulaire d'inscription) - Voyages ornithologiques Serge Beaudette","robots":{"index":"index","follow":"follow","max-snippet":"max-snippet:-1","max-image-preview":"max-image-preview:large","max-video-preview":"max-video-preview:-1"},"canonical":"https:\/\/www.pitpitpit.com\/blogue\/formulaire-dinscription-journee-100-voyages-pitpitpit\/","og_locale":"fr_FR","og_type":"article","og_title":"Journ\u00e9e festive \"100 voyages PITPITPIT\" (Formulaire d'inscription) - Voyages ornithologiques Serge Beaudette","og_url":"https:\/\/www.pitpitpit.com\/blogue\/formulaire-dinscription-journee-100-voyages-pitpitpit\/","og_site_name":"Voyages ornithologiques Serge Beaudette","article_publisher":"https:\/\/www.facebook.com\/pitpitpitoiseaux","article_modified_time":"2026-04-09T16:29:13+00:00","twitter_card":"summary_large_image","twitter_misc":{"Dur\u00e9e de lecture estim\u00e9e":"1 minute"},"schema":{"@context":"https:\/\/schema.org","@graph":[{"@type":"WebPage","@id":"https:\/\/www.pitpitpit.com\/blogue\/formulaire-dinscription-journee-100-voyages-pitpitpit\/","url":"https:\/\/www.pitpitpit.com\/blogue\/formulaire-dinscription-journee-100-voyages-pitpitpit\/","name":"Journ\u00e9e festive \"100 voyages PITPITPIT\" (Formulaire d'inscription) - Voyages ornithologiques Serge Beaudette","isPartOf":{"@id":"https:\/\/www.pitpitpit.com\/blogue\/#website"},"datePublished":"2026-04-09T16:28:25+00:00","dateModified":"2026-04-09T16:29:13+00:00","breadcrumb":{"@id":"https:\/\/www.pitpitpit.com\/blogue\/formulaire-dinscription-journee-100-voyages-pitpitpit\/#breadcrumb"},"inLanguage":"fr-FR","potentialAction":[{"@type":"ReadAction","target":["https:\/\/www.pitpitpit.com\/blogue\/formulaire-dinscription-journee-100-voyages-pitpitpit\/"]}]},{"@type":"BreadcrumbList","@id":"https:\/\/www.pitpitpit.com\/blogue\/formulaire-dinscription-journee-100-voyages-pitpitpit\/#breadcrumb","itemListElement":[{"@type":"ListItem","position":1,"name":"Accueil","item":"https:\/\/www.pitpitpit.com\/blogue\/"},{"@type":"ListItem","position":2,"name":"Journ\u00e9e festive \u00ab\u00a0100 voyages PITPITPIT\u00a0\u00bb (Formulaire d&rsquo;inscription)"}]},{"@type":"WebSite","@id":"https:\/\/www.pitpitpit.com\/blogue\/#website","url":"https:\/\/www.pitpitpit.com\/blogue\/","name":"Serge Beaudette Nature","description":"Explorer, D\u00e9couvrir, Conna\u00eetre, S&#039;\u00e9merveiller!","publisher":{"@id":"https:\/\/www.pitpitpit.com\/blogue\/#organization"},"potentialAction":[{"@type":"SearchAction","target":{"@type":"EntryPoint","urlTemplate":"https:\/\/www.pitpitpit.com\/blogue\/?s={search_term_string}"},"query-input":"required name=search_term_string"}],"inLanguage":"fr-FR"},{"@type":"Organization","@id":"https:\/\/www.pitpitpit.com\/blogue\/#organization","name":"Serge Beaudette Nature","url":"https:\/\/www.pitpitpit.com\/blogue\/","logo":{"@type":"ImageObject","inLanguage":"fr-FR","@id":"https:\/\/www.pitpitpit.com\/blogue\/#\/schema\/logo\/image\/","url":"https:\/\/www.pitpitpit.com\/blogue\/wp-content\/uploads\/logo-web.jpg","contentUrl":"https:\/\/www.pitpitpit.com\/blogue\/wp-content\/uploads\/logo-web.jpg","width":284,"height":172,"caption":"Serge Beaudette Nature"},"image":{"@id":"https:\/\/www.pitpitpit.com\/blogue\/#\/schema\/logo\/image\/"},"sameAs":["https:\/\/www.facebook.com\/pitpitpitoiseaux"]}]}},"_links":{"self":[{"href":"https:\/\/www.pitpitpit.com\/blogue\/wp-json\/wp\/v2\/pages\/21070"}],"collection":[{"href":"https:\/\/www.pitpitpit.com\/blogue\/wp-json\/wp\/v2\/pages"}],"about":[{"href":"https:\/\/www.pitpitpit.com\/blogue\/wp-json\/wp\/v2\/types\/page"}],"author":[{"embeddable":true,"href":"https:\/\/www.pitpitpit.com\/blogue\/wp-json\/wp\/v2\/users\/2"}],"replies":[{"embeddable":true,"href":"https:\/\/www.pitpitpit.com\/blogue\/wp-json\/wp\/v2\/comments?post=21070"}],"version-history":[{"count":2,"href":"https:\/\/www.pitpitpit.com\/blogue\/wp-json\/wp\/v2\/pages\/21070\/revisions"}],"predecessor-version":[{"id":21072,"href":"https:\/\/www.pitpitpit.com\/blogue\/wp-json\/wp\/v2\/pages\/21070\/revisions\/21072"}],"wp:attachment":[{"href":"https:\/\/www.pitpitpit.com\/blogue\/wp-json\/wp\/v2\/media?parent=21070"}],"curies":[{"name":"wp","href":"https:\/\/api.w.org\/{rel}","templated":true}]}}