{"id":220,"date":"2012-11-27T12:51:39","date_gmt":"2012-11-27T17:51:39","guid":{"rendered":"http:\/\/www.pitpitpit.com\/blogue\/?page_id=220"},"modified":"2023-01-11T16:27:05","modified_gmt":"2023-01-11T21:27:05","slug":"galeries-photos-2","status":"publish","type":"page","link":"https:\/\/www.pitpitpit.com\/blogue\/galeries-photos-2\/","title":{"rendered":"PHOTOS"},"content":{"rendered":"<p>Voici les galeries photos de plusieurs de nos voyages ornithologiques des derni\u00e8res ann\u00e9es. Pour certains, vous trouverez \u00e9galement des liens vers les billets quotidiens envoy\u00e9s \u00e0 la liste \u00ab <a title=\"Liste PITPIT en voyage\" href=\"https:\/\/www.pitpitpit.com\/blogue\/inscription\" target=\"_blank\" rel=\"noopener\">PITPIT en voyage<\/a> \u00bb, qui pr\u00e9sentent photos et commentaires sur le voyage.<\/p>\n<p><strong>COLOMBIE<\/strong><\/p>\n<ul>\n<li><a title=\"Voyage en Colombie \u2013 Janvier 2017\" href=\"https:\/\/www.pitpitpit.com\/blogue\/2017-01-colombie\/\" target=\"_blank\" rel=\"noopener\">2017 (janvier)<\/a> (175 photos et liens vers le journal quotidien)<\/li>\n<li><a title=\"Voyage en Colombie \u2013 Janvier 2018\" href=\"https:\/\/www.pitpitpit.com\/blogue\/2018-01-colombie\/\" target=\"_blank\" rel=\"noopener\">2018 (janvier)<\/a> (liens vers le journal quotidien)<\/li>\n<\/ul>\n<p><strong>COSTA RICA<\/strong><\/p>\n<ul>\n<li><a title=\"Voyage au Costa Rica \u2013 Mars 2017\" href=\"https:\/\/www.pitpitpit.com\/blogue\/2017-03-costa-rica\/\" target=\"_blank\" rel=\"noopener\">2017 (mars)<\/a> (217 photos et liens vers le journal quotidien)<\/li>\n<li><a title=\"Voyage au Costa Rica \u2013 Mars 2016\" href=\"https:\/\/www.pitpitpit.com\/blogue\/2016-03-costa-rica\/\" target=\"_blank\" rel=\"noopener\">2016 (mars)<\/a> (216 photos et liens vers le journal quotidien)<\/li>\n<li><a title=\"Voyage au Costa Rica \u2013 F\u00e9vrier 2016\" href=\"https:\/\/www.pitpitpit.com\/blogue\/2016-02-costa-rica\/\" target=\"_blank\" rel=\"noopener\">2016 (f\u00e9vrier)<\/a> (225 photos et liens vers le journal quotidien)<\/li>\n<li><a title=\"Voyage au Costa Rica \u2013 Mars 2015\" href=\"https:\/\/www.pitpitpit.com\/blogue\/2015-03-costa-rica\/\" target=\"_blank\" rel=\"noopener\">2015 (mars)<\/a> (240 photos et liens vers le journal quotidien)<\/li>\n<li><a title=\"Voyage au Costa Rica \u2013 F\u00e9vrier 2015\" href=\"https:\/\/www.pitpitpit.com\/blogue\/2015-02-costa-rica\/\" target=\"_blank\" rel=\"noopener\">2015 (f\u00e9vrier)<\/a> (224 photos et liens vers le journal quotidien)<\/li>\n<li><a title=\"Voyage au Costa Rica \u2013 F\u00e9vrier 2014\" href=\"https:\/\/www.pitpitpit.com\/blogue\/2014-02-costa-rica\/\" target=\"_blank\" rel=\"noopener\">2014 (f\u00e9vrier)<\/a> (184 photos et liens vers le journal quotidien)<\/li>\n<li><a title=\"Voyage au Costa Rica \u2013 D\u00e9cembre 2013\" href=\"https:\/\/www.pitpitpit.com\/blogue\/2013-12-costa-rica-2\/\" target=\"_blank\" rel=\"noopener\">2013 (d\u00e9cembre)<\/a> (154 photos et liens vers le journal quotidien)<\/li>\n<li><a title=\"Voyage au Costa Rica \u2013 Mars 2013\" href=\"https:\/\/www.pitpitpit.com\/blogue\/2013-03-costa-rica\/\" target=\"_blank\" rel=\"noopener\">2013 (mars)<\/a> (168 photos et liens vers le journal quotidien)<\/li>\n<li><a title=\"Voyage au Costa Rica \u2013 F\u00e9vrier 2013\" href=\"https:\/\/www.pitpitpit.com\/blogue\/2013-02-costa-rica\/\">2013 (f\u00e9vrier)<\/a> (190 photos et liens vers le journal quotidien)<\/li>\n<li><a title=\"Voyage au Costa Rica \u2013 D\u00e9cembre 2012\" href=\"https:\/\/www.pitpitpit.com\/blogue\/2012-12-costa-rica\/\">2012 (d\u00e9cembre)<\/a> (89 photos et liens vers le journal quotidien)<\/li>\n<li><a title=\"Photos Costa Rica Mars 2012\" href=\"https:\/\/www.facebook.com\/media\/set\/?set=a.348448941858116.72034.185906868112325\" target=\"_blank\" rel=\"noopener\">2012 (mars)<\/a> (96 photos)<\/li>\n<li><a title=\"Photos Costa Rica F\u00e9vrier 2012\" href=\"https:\/\/www.facebook.com\/media\/set\/?set=a.415160418520301.83990.185906868112325\" target=\"_blank\" rel=\"noopener\">2012 (f\u00e9vrier<\/a>) (45 photos)<\/li>\n<\/ul>\n<p><strong>\u00c9QUATEUR<\/strong><\/p>\n<ul>\n<li><a href=\"https:\/\/www.pitpitpit.com\/blogue\/resume-de-voyage-equateur-janvier-fevrier-2019\/\">2019 (janvier)<\/a><\/li>\n<li><a title=\"Voyage en \u00c9quateur \u2013 Novembre 2015\" href=\"https:\/\/www.pitpitpit.com\/blogue\/2015-11-equateur\/\" target=\"_blank\" rel=\"noopener\">2015 (novembre)<\/a> (166 photos et liens vers le journal quotidien)<\/li>\n<li><a title=\"Voyage en \u00c9quateur \u2013 Novembre 2014\" href=\"https:\/\/www.pitpitpit.com\/blogue\/2014-12-equateur\/\" target=\"_blank\" rel=\"noopener\">2014 (novembre)<\/a> (234 photos et liens vers le journal quotidien)<\/li>\n<li><a href=\"https:\/\/www.pitpitpit.com\/blogue\/en-direct-de-lequateur\/\" target=\"_blank\" rel=\"noopener\">2014 (janvier)<\/a> (230 photos)<\/li>\n<\/ul>\n<p><strong>ESPAGNE<\/strong><\/p>\n<ul>\n<li><a title=\"Voyage en Espagne \u2013 Mai 2016\" href=\"https:\/\/www.pitpitpit.com\/blogue\/2016-05-espagne\/\" target=\"_blank\" rel=\"noopener\">2016 (mai)<\/a> (208 photos et liens vers le journal quotidien)<\/li>\n<\/ul>\n<p><strong>\u00ceLES GALAPAGOS<\/strong><\/p>\n<ul>\n<li><a title=\"Voyage au Iles Galapagos \u2013 Novembre 2015\" href=\"https:\/\/www.pitpitpit.com\/blogue\/2015-11-galapagos\/\" target=\"_blank\" rel=\"noopener\">2015 (novembre)<\/a> (172 photos et liens vers le journal quotidien)<\/li>\n<li><a title=\"Voyage au Iles Galapagos \u2013 D\u00e9cembre 2014\" href=\"https:\/\/www.pitpitpit.com\/blogue\/2014-12-galapagos\/\" target=\"_blank\" rel=\"noopener\">2014 (d\u00e9cembre)<\/a> (259 photos et liens vers le journal quotidien)<\/li>\n<\/ul>\n<p><strong>POINTE-PEL\u00c9E ET LAC \u00c9RI\u00c9<\/strong><\/p>\n<ul>\n<li><a title=\"Voyage \u00e0 Pointe-Pel\u00e9e \u2013 Mai 2013\" href=\"https:\/\/www.pitpitpit.com\/blogue\/2013-05-pointe-pelee\/\">2013 (mai)<\/a> (43 photos et liens vers le journal quotidien)<\/li>\n<li><a title=\"Photos Pointe-Pel\u00e9e Mai 2012\" href=\"https:\/\/www.facebook.com\/media\/set\/?set=a.415145975188412.83985.185906868112325\" target=\"_blank\" rel=\"noopener\">2012 (mai)<\/a> (45 photos)<\/li>\n<\/ul>\n<p><strong>FLORIDE<\/strong><\/p>\n<ul>\n<li><a title=\"Voyage en Floride \u2013 Janvier 2013\" href=\"https:\/\/www.pitpitpit.com\/blogue\/2013-01-floride\/\">2013<\/a> (65 photos et liens vers le journal quotidien) et <a href=\"https:\/\/www.pitpitpit.com\/blogue\/floride-2013-liste-des-oiseaux-vus\/\" target=\"_blank\" rel=\"noopener\">liste des oiseaux vus<\/a><\/li>\n<li><a href=\"http:\/\/www.pitpitpit.com\/photos\/floride-10-1\/index.htm\" target=\"_blank\" rel=\"noopener\">2010 \u2013 aper\u00e7u<\/a> (34 photos)<\/li>\n<li>2009 : <a href=\"http:\/\/www.pitpitpit.com\/photos\/floride-09-1\/index.htm\" target=\"_blank\" rel=\"noopener\">jour 1<\/a> (50 photos), <a href=\"http:\/\/www.pitpitpit.com\/photos\/floride-09-2\/index.htm\" target=\"_blank\" rel=\"noopener\">jours 2 et 3 <\/a> (47 photos), <a href=\"http:\/\/www.pitpitpit.com\/photos\/floride-09-3\/index.htm\" target=\"_blank\" rel=\"noopener\">jours 4, 5, 6 et 7<\/a> (50 photos), <a href=\"http:\/\/www.pitpitpit.com\/photos\/floride-09-4\/index.htm\" target=\"_blank\" rel=\"noopener\">jours 7, 8, 9, 10 <\/a> (40 photos)<\/li>\n<li>2008 : <a href=\"http:\/\/www.pitpitpit.com\/photos\/floride-01-08-1\/index.htm\" target=\"_blank\" rel=\"noopener\">1\u00e8re galerie<\/a>, <a href=\"http:\/\/www.pitpitpit.com\/photos\/floride-01-08-2\/index.htm\" target=\"_blank\" rel=\"noopener\">2e galerie<\/a>, <a href=\"http:\/\/www.pitpitpit.com\/photos\/floride-01-08-3\/index.htm\" target=\"_blank\" rel=\"noopener\">3e galerie<\/a>, <a href=\"http:\/\/www.pitpitpit.com\/photos\/floride-01-08-4\/index.htm\" target=\"_blank\" rel=\"noopener\">4e galerie<\/a><\/li>\n<\/ul>\n","protected":false},"excerpt":{"rendered":"<p>Voici les galeries photos de plusieurs de nos voyages ornithologiques des derni\u00e8res ann\u00e9es. Pour certains, vous trouverez \u00e9galement des liens vers les billets quotidiens envoy\u00e9s \u00e0 la liste \u00ab PITPIT en voyage \u00bb, qui pr\u00e9sentent photos et commentaires sur le voyage. COLOMBIE 2017 (janvier) (175 photos et liens vers le journal quotidien) 2018 (janvier) (liens [&hellip;]<\/p>\n","protected":false},"author":2,"featured_media":0,"parent":0,"menu_order":0,"comment_status":"closed","ping_status":"closed","template":"","meta":[],"yoast_head":"<!-- This site is optimized with the Yoast SEO plugin v19.13 - https:\/\/yoast.com\/wordpress\/plugins\/seo\/ -->\n<title>PHOTOS - Voyages ornithologiques Serge Beaudette<\/title>\n<meta name=\"robots\" content=\"index, follow, max-snippet:-1, max-image-preview:large, max-video-preview:-1\" \/>\n<link rel=\"canonical\" href=\"https:\/\/www.pitpitpit.com\/blogue\/galeries-photos-2\/\" \/>\n<meta property=\"og:locale\" content=\"fr_FR\" \/>\n<meta property=\"og:type\" content=\"article\" \/>\n<meta property=\"og:title\" content=\"PHOTOS - Voyages ornithologiques Serge Beaudette\" \/>\n<meta property=\"og:description\" content=\"Voici les galeries photos de plusieurs de nos voyages ornithologiques des derni\u00e8res ann\u00e9es. Pour certains, vous trouverez \u00e9galement des liens vers les billets quotidiens envoy\u00e9s \u00e0 la liste \u00ab PITPIT en voyage \u00bb, qui pr\u00e9sentent photos et commentaires sur le voyage. COLOMBIE 2017 (janvier) (175 photos et liens vers le journal quotidien) 2018 (janvier) (liens [&hellip;]\" \/>\n<meta property=\"og:url\" content=\"https:\/\/www.pitpitpit.com\/blogue\/galeries-photos-2\/\" \/>\n<meta property=\"og:site_name\" content=\"Voyages ornithologiques Serge Beaudette\" \/>\n<meta property=\"article:publisher\" content=\"https:\/\/www.facebook.com\/pitpitpitoiseaux\" \/>\n<meta property=\"article:modified_time\" content=\"2023-01-11T21:27:05+00:00\" \/>\n<meta name=\"twitter:card\" content=\"summary_large_image\" \/>\n<meta name=\"twitter:label1\" content=\"Dur\u00e9e de lecture estim\u00e9e\" \/>\n\t<meta name=\"twitter:data1\" content=\"2 minutes\" \/>\n<script type=\"application\/ld+json\" class=\"yoast-schema-graph\">{\"@context\":\"https:\/\/schema.org\",\"@graph\":[{\"@type\":\"WebPage\",\"@id\":\"https:\/\/www.pitpitpit.com\/blogue\/galeries-photos-2\/\",\"url\":\"https:\/\/www.pitpitpit.com\/blogue\/galeries-photos-2\/\",\"name\":\"PHOTOS - Voyages ornithologiques Serge Beaudette\",\"isPartOf\":{\"@id\":\"https:\/\/www.pitpitpit.com\/blogue\/#website\"},\"datePublished\":\"2012-11-27T17:51:39+00:00\",\"dateModified\":\"2023-01-11T21:27:05+00:00\",\"breadcrumb\":{\"@id\":\"https:\/\/www.pitpitpit.com\/blogue\/galeries-photos-2\/#breadcrumb\"},\"inLanguage\":\"fr-FR\",\"potentialAction\":[{\"@type\":\"ReadAction\",\"target\":[\"https:\/\/www.pitpitpit.com\/blogue\/galeries-photos-2\/\"]}]},{\"@type\":\"BreadcrumbList\",\"@id\":\"https:\/\/www.pitpitpit.com\/blogue\/galeries-photos-2\/#breadcrumb\",\"itemListElement\":[{\"@type\":\"ListItem\",\"position\":1,\"name\":\"Accueil\",\"item\":\"https:\/\/www.pitpitpit.com\/blogue\/\"},{\"@type\":\"ListItem\",\"position\":2,\"name\":\"PHOTOS\"}]},{\"@type\":\"WebSite\",\"@id\":\"https:\/\/www.pitpitpit.com\/blogue\/#website\",\"url\":\"https:\/\/www.pitpitpit.com\/blogue\/\",\"name\":\"Serge Beaudette Nature\",\"description\":\"Explorer, D\u00e9couvrir, Conna\u00eetre, S&#039;\u00e9merveiller!\",\"publisher\":{\"@id\":\"https:\/\/www.pitpitpit.com\/blogue\/#organization\"},\"potentialAction\":[{\"@type\":\"SearchAction\",\"target\":{\"@type\":\"EntryPoint\",\"urlTemplate\":\"https:\/\/www.pitpitpit.com\/blogue\/?s={search_term_string}\"},\"query-input\":\"required name=search_term_string\"}],\"inLanguage\":\"fr-FR\"},{\"@type\":\"Organization\",\"@id\":\"https:\/\/www.pitpitpit.com\/blogue\/#organization\",\"name\":\"Serge Beaudette Nature\",\"url\":\"https:\/\/www.pitpitpit.com\/blogue\/\",\"logo\":{\"@type\":\"ImageObject\",\"inLanguage\":\"fr-FR\",\"@id\":\"https:\/\/www.pitpitpit.com\/blogue\/#\/schema\/logo\/image\/\",\"url\":\"https:\/\/www.pitpitpit.com\/blogue\/wp-content\/uploads\/logo-web.jpg\",\"contentUrl\":\"https:\/\/www.pitpitpit.com\/blogue\/wp-content\/uploads\/logo-web.jpg\",\"width\":284,\"height\":172,\"caption\":\"Serge Beaudette Nature\"},\"image\":{\"@id\":\"https:\/\/www.pitpitpit.com\/blogue\/#\/schema\/logo\/image\/\"},\"sameAs\":[\"https:\/\/www.facebook.com\/pitpitpitoiseaux\"]}]}<\/script>\n<!-- \/ Yoast SEO plugin. -->","yoast_head_json":{"title":"PHOTOS - Voyages ornithologiques Serge Beaudette","robots":{"index":"index","follow":"follow","max-snippet":"max-snippet:-1","max-image-preview":"max-image-preview:large","max-video-preview":"max-video-preview:-1"},"canonical":"https:\/\/www.pitpitpit.com\/blogue\/galeries-photos-2\/","og_locale":"fr_FR","og_type":"article","og_title":"PHOTOS - Voyages ornithologiques Serge Beaudette","og_description":"Voici les galeries photos de plusieurs de nos voyages ornithologiques des derni\u00e8res ann\u00e9es. Pour certains, vous trouverez \u00e9galement des liens vers les billets quotidiens envoy\u00e9s \u00e0 la liste \u00ab PITPIT en voyage \u00bb, qui pr\u00e9sentent photos et commentaires sur le voyage. COLOMBIE 2017 (janvier) (175 photos et liens vers le journal quotidien) 2018 (janvier) (liens [&hellip;]","og_url":"https:\/\/www.pitpitpit.com\/blogue\/galeries-photos-2\/","og_site_name":"Voyages ornithologiques Serge Beaudette","article_publisher":"https:\/\/www.facebook.com\/pitpitpitoiseaux","article_modified_time":"2023-01-11T21:27:05+00:00","twitter_card":"summary_large_image","twitter_misc":{"Dur\u00e9e de lecture estim\u00e9e":"2 minutes"},"schema":{"@context":"https:\/\/schema.org","@graph":[{"@type":"WebPage","@id":"https:\/\/www.pitpitpit.com\/blogue\/galeries-photos-2\/","url":"https:\/\/www.pitpitpit.com\/blogue\/galeries-photos-2\/","name":"PHOTOS - Voyages ornithologiques Serge Beaudette","isPartOf":{"@id":"https:\/\/www.pitpitpit.com\/blogue\/#website"},"datePublished":"2012-11-27T17:51:39+00:00","dateModified":"2023-01-11T21:27:05+00:00","breadcrumb":{"@id":"https:\/\/www.pitpitpit.com\/blogue\/galeries-photos-2\/#breadcrumb"},"inLanguage":"fr-FR","potentialAction":[{"@type":"ReadAction","target":["https:\/\/www.pitpitpit.com\/blogue\/galeries-photos-2\/"]}]},{"@type":"BreadcrumbList","@id":"https:\/\/www.pitpitpit.com\/blogue\/galeries-photos-2\/#breadcrumb","itemListElement":[{"@type":"ListItem","position":1,"name":"Accueil","item":"https:\/\/www.pitpitpit.com\/blogue\/"},{"@type":"ListItem","position":2,"name":"PHOTOS"}]},{"@type":"WebSite","@id":"https:\/\/www.pitpitpit.com\/blogue\/#website","url":"https:\/\/www.pitpitpit.com\/blogue\/","name":"Serge Beaudette Nature","description":"Explorer, D\u00e9couvrir, Conna\u00eetre, S&#039;\u00e9merveiller!","publisher":{"@id":"https:\/\/www.pitpitpit.com\/blogue\/#organization"},"potentialAction":[{"@type":"SearchAction","target":{"@type":"EntryPoint","urlTemplate":"https:\/\/www.pitpitpit.com\/blogue\/?s={search_term_string}"},"query-input":"required name=search_term_string"}],"inLanguage":"fr-FR"},{"@type":"Organization","@id":"https:\/\/www.pitpitpit.com\/blogue\/#organization","name":"Serge Beaudette Nature","url":"https:\/\/www.pitpitpit.com\/blogue\/","logo":{"@type":"ImageObject","inLanguage":"fr-FR","@id":"https:\/\/www.pitpitpit.com\/blogue\/#\/schema\/logo\/image\/","url":"https:\/\/www.pitpitpit.com\/blogue\/wp-content\/uploads\/logo-web.jpg","contentUrl":"https:\/\/www.pitpitpit.com\/blogue\/wp-content\/uploads\/logo-web.jpg","width":284,"height":172,"caption":"Serge Beaudette Nature"},"image":{"@id":"https:\/\/www.pitpitpit.com\/blogue\/#\/schema\/logo\/image\/"},"sameAs":["https:\/\/www.facebook.com\/pitpitpitoiseaux"]}]}},"_links":{"self":[{"href":"https:\/\/www.pitpitpit.com\/blogue\/wp-json\/wp\/v2\/pages\/220"}],"collection":[{"href":"https:\/\/www.pitpitpit.com\/blogue\/wp-json\/wp\/v2\/pages"}],"about":[{"href":"https:\/\/www.pitpitpit.com\/blogue\/wp-json\/wp\/v2\/types\/page"}],"author":[{"embeddable":true,"href":"https:\/\/www.pitpitpit.com\/blogue\/wp-json\/wp\/v2\/users\/2"}],"replies":[{"embeddable":true,"href":"https:\/\/www.pitpitpit.com\/blogue\/wp-json\/wp\/v2\/comments?post=220"}],"version-history":[{"count":52,"href":"https:\/\/www.pitpitpit.com\/blogue\/wp-json\/wp\/v2\/pages\/220\/revisions"}],"predecessor-version":[{"id":14107,"href":"https:\/\/www.pitpitpit.com\/blogue\/wp-json\/wp\/v2\/pages\/220\/revisions\/14107"}],"wp:attachment":[{"href":"https:\/\/www.pitpitpit.com\/blogue\/wp-json\/wp\/v2\/media?parent=220"}],"curies":[{"name":"wp","href":"https:\/\/api.w.org\/{rel}","templated":true}]}}