{"id":5107,"date":"2015-04-22T19:28:51","date_gmt":"2015-04-22T23:28:51","guid":{"rendered":"http:\/\/www.pitpitpit.com\/blogue\/?page_id=5107"},"modified":"2015-04-23T12:11:20","modified_gmt":"2015-04-23T16:11:20","slug":"2013-12-costa-rica-2","status":"publish","type":"page","link":"https:\/\/www.pitpitpit.com\/blogue\/2013-12-costa-rica-2\/","title":{"rendered":"Voyage au Costa Rica \u2013 D\u00e9cembre 2013"},"content":{"rendered":"<p>Voyez la <a title=\"COSTA RICA 2013 (d\u00e9cembre)\" href=\"https:\/\/www.pitpitpit.com\/blogue\/cgm\/costa-rica-2013-decembre\/\" target=\"_blank\">galerie compl\u00e8te des photos<\/a> de ce voyage ! (184 photos)<br \/>\n<span style=\"color: #ff0000;\">ATTENTION<\/span>! Attendez que toutes les images miniatures soient visibles dans la page avant de cliquer pour les visualiser en diaporama!<\/p>\n<p>Revivez les observations du journal quotidien du voyage envoy\u00e9 \u00e0 la liste \u00ab <a title=\"Liste PITPIT en voyage\" href=\"https:\/\/www.pitpitpit.com\/blogue\/inscription\" target=\"_blank\">PITPIT en voyage<\/a> \u00bb !<br \/>\nVous pouvez d\u00e9couvrir ces billets :<\/p>\n<ul>\n<li>soit en cliquant sur les diff\u00e9rents liens ci-dessous un apr\u00e8s l&rsquo;autre,<\/li>\n<li>soit en cliquant tout d&rsquo;abord sur le premier lien ci-dessous (Jour 1), puis en passant d&rsquo;un billet \u00e0 l&rsquo;autre en cliquant, \u00e0 la fin du billet (avant les commentaires), sur le lien: <em>COSTA RICA 2013 (d\u00e9cembre) #2<\/em>, puis ensuite sur le lien: <em>COSTA RICA 2013 (d\u00e9cembre) #3, etc.<\/em><\/li>\n<\/ul>\n<p><a title=\"COSTA RICA 2013 (d\u00e9cembre) #1\" href=\"https:\/\/www.pitpitpit.com\/blogue\/costa-rica-2013-decembre-1\/\">Jour 1<\/a><br \/>\n<a title=\"COSTA RICA 2013 (d\u00e9cembre) #2\" href=\"https:\/\/www.pitpitpit.com\/blogue\/costa-rica-2013-decembre-2\/\">Jour 2<\/a><br \/>\n<a title=\"COSTA RICA 2013 (d\u00e9cembre) #3\" href=\"https:\/\/www.pitpitpit.com\/blogue\/costa-rica-2013-decembre-3\/\">Jour 3<\/a><br \/>\n<a title=\"COSTA RICA 2013 (d\u00e9cembre) #4\" href=\"https:\/\/www.pitpitpit.com\/blogue\/costa-rica-2013-decembre-4\/\">Jour 4<\/a><br \/>\n<a title=\"COSTA RICA 2013 (d\u00e9cembre) #5\" href=\"https:\/\/www.pitpitpit.com\/blogue\/costa-rica-2013-decembre-5\/\">Jour 5<\/a><br \/>\n<a title=\"COSTA RICA 2013 (d\u00e9cembre) #6\" href=\"https:\/\/www.pitpitpit.com\/blogue\/costa-rica-2013-decembre-6\/\">Jour 6<\/a><br \/>\n<a title=\"COSTA RICA 2013 (d\u00e9cembre) #7\" href=\"https:\/\/www.pitpitpit.com\/blogue\/costa-rica-2013-decembre-7\/\">Jour 7<\/a><br \/>\n<a title=\"COSTA RICA 2013 (d\u00e9cembre) #8\" href=\"https:\/\/www.pitpitpit.com\/blogue\/costa-rica-2013-decembre-8\/\">Jour 8<\/a><br \/>\n<a title=\"COSTA RICA 2013 (d\u00e9cembre) #9\" href=\"https:\/\/www.pitpitpit.com\/blogue\/costa-rica-2013-decembre-9\/\">Jour 9<\/a><br \/>\n<a title=\"COSTA RICA 2013 (d\u00e9cembre) #10\" href=\"https:\/\/www.pitpitpit.com\/blogue\/costa-rica-2013-decembre-10\/\">Jour 10<\/a><br \/>\n<a title=\"COSTA RICA 2013 (d\u00e9cembre) #11\" href=\"https:\/\/www.pitpitpit.com\/blogue\/costa-rica-2013-decembre-11\/\">Jour 11<\/a><br \/>\n<a title=\"COSTA RICA 2013 (d\u00e9cembre) #12\" href=\"https:\/\/www.pitpitpit.com\/blogue\/costa-rica-2013-decembre-12\/\">Jour 12<\/a><br \/>\n<a title=\"COSTA RICA 2013 (d\u00e9cembre) #13\" href=\"https:\/\/www.pitpitpit.com\/blogue\/costa-rica-2013-decembre-13\/\">Jour 13<\/a><br \/>\n<a title=\"COSTA RICA 2013 (d\u00e9cembre) #16 - Fin\" href=\"https:\/\/www.pitpitpit.com\/blogue\/costa-rica-2013-decembre-fin\/\">Jour 14 &#8211; Fin<\/a><\/p>\n","protected":false},"excerpt":{"rendered":"<p>Voyez la galerie compl\u00e8te des photos de ce voyage ! (184 photos) ATTENTION! Attendez que toutes les images miniatures soient visibles dans la page avant de cliquer pour les visualiser en diaporama! Revivez les observations du journal quotidien du voyage envoy\u00e9 \u00e0 la liste \u00ab PITPIT en voyage \u00bb ! Vous pouvez d\u00e9couvrir ces billets [&hellip;]<\/p>\n","protected":false},"author":2,"featured_media":0,"parent":0,"menu_order":0,"comment_status":"closed","ping_status":"closed","template":"","meta":[],"yoast_head":"<!-- This site is optimized with the Yoast SEO plugin v19.13 - https:\/\/yoast.com\/wordpress\/plugins\/seo\/ -->\n<title>Voyage au Costa Rica \u2013 D\u00e9cembre 2013 - Voyages ornithologiques Serge Beaudette<\/title>\n<meta name=\"robots\" content=\"index, follow, max-snippet:-1, max-image-preview:large, max-video-preview:-1\" \/>\n<link rel=\"canonical\" href=\"https:\/\/www.pitpitpit.com\/blogue\/2013-12-costa-rica-2\/\" \/>\n<meta property=\"og:locale\" content=\"fr_FR\" \/>\n<meta property=\"og:type\" content=\"article\" \/>\n<meta property=\"og:title\" content=\"Voyage au Costa Rica \u2013 D\u00e9cembre 2013 - Voyages ornithologiques Serge Beaudette\" \/>\n<meta property=\"og:description\" content=\"Voyez la galerie compl\u00e8te des photos de ce voyage ! (184 photos) ATTENTION! Attendez que toutes les images miniatures soient visibles dans la page avant de cliquer pour les visualiser en diaporama! Revivez les observations du journal quotidien du voyage envoy\u00e9 \u00e0 la liste \u00ab PITPIT en voyage \u00bb ! Vous pouvez d\u00e9couvrir ces billets [&hellip;]\" \/>\n<meta property=\"og:url\" content=\"https:\/\/www.pitpitpit.com\/blogue\/2013-12-costa-rica-2\/\" \/>\n<meta property=\"og:site_name\" content=\"Voyages ornithologiques Serge Beaudette\" \/>\n<meta property=\"article:publisher\" content=\"https:\/\/www.facebook.com\/pitpitpitoiseaux\" \/>\n<meta property=\"article:modified_time\" content=\"2015-04-23T16:11:20+00:00\" \/>\n<meta name=\"twitter:card\" content=\"summary_large_image\" \/>\n<meta name=\"twitter:label1\" content=\"Dur\u00e9e de lecture estim\u00e9e\" \/>\n\t<meta name=\"twitter:data1\" content=\"1 minute\" \/>\n<script type=\"application\/ld+json\" class=\"yoast-schema-graph\">{\"@context\":\"https:\/\/schema.org\",\"@graph\":[{\"@type\":\"WebPage\",\"@id\":\"https:\/\/www.pitpitpit.com\/blogue\/2013-12-costa-rica-2\/\",\"url\":\"https:\/\/www.pitpitpit.com\/blogue\/2013-12-costa-rica-2\/\",\"name\":\"Voyage au Costa Rica \u2013 D\u00e9cembre 2013 - Voyages ornithologiques Serge Beaudette\",\"isPartOf\":{\"@id\":\"https:\/\/www.pitpitpit.com\/blogue\/#website\"},\"datePublished\":\"2015-04-22T23:28:51+00:00\",\"dateModified\":\"2015-04-23T16:11:20+00:00\",\"breadcrumb\":{\"@id\":\"https:\/\/www.pitpitpit.com\/blogue\/2013-12-costa-rica-2\/#breadcrumb\"},\"inLanguage\":\"fr-FR\",\"potentialAction\":[{\"@type\":\"ReadAction\",\"target\":[\"https:\/\/www.pitpitpit.com\/blogue\/2013-12-costa-rica-2\/\"]}]},{\"@type\":\"BreadcrumbList\",\"@id\":\"https:\/\/www.pitpitpit.com\/blogue\/2013-12-costa-rica-2\/#breadcrumb\",\"itemListElement\":[{\"@type\":\"ListItem\",\"position\":1,\"name\":\"Accueil\",\"item\":\"https:\/\/www.pitpitpit.com\/blogue\/\"},{\"@type\":\"ListItem\",\"position\":2,\"name\":\"Voyage au Costa Rica \u2013 D\u00e9cembre 2013\"}]},{\"@type\":\"WebSite\",\"@id\":\"https:\/\/www.pitpitpit.com\/blogue\/#website\",\"url\":\"https:\/\/www.pitpitpit.com\/blogue\/\",\"name\":\"Serge Beaudette Nature\",\"description\":\"Explorer, D\u00e9couvrir, Conna\u00eetre, S&#039;\u00e9merveiller!\",\"publisher\":{\"@id\":\"https:\/\/www.pitpitpit.com\/blogue\/#organization\"},\"potentialAction\":[{\"@type\":\"SearchAction\",\"target\":{\"@type\":\"EntryPoint\",\"urlTemplate\":\"https:\/\/www.pitpitpit.com\/blogue\/?s={search_term_string}\"},\"query-input\":\"required name=search_term_string\"}],\"inLanguage\":\"fr-FR\"},{\"@type\":\"Organization\",\"@id\":\"https:\/\/www.pitpitpit.com\/blogue\/#organization\",\"name\":\"Serge Beaudette Nature\",\"url\":\"https:\/\/www.pitpitpit.com\/blogue\/\",\"logo\":{\"@type\":\"ImageObject\",\"inLanguage\":\"fr-FR\",\"@id\":\"https:\/\/www.pitpitpit.com\/blogue\/#\/schema\/logo\/image\/\",\"url\":\"https:\/\/www.pitpitpit.com\/blogue\/wp-content\/uploads\/logo-web.jpg\",\"contentUrl\":\"https:\/\/www.pitpitpit.com\/blogue\/wp-content\/uploads\/logo-web.jpg\",\"width\":284,\"height\":172,\"caption\":\"Serge Beaudette Nature\"},\"image\":{\"@id\":\"https:\/\/www.pitpitpit.com\/blogue\/#\/schema\/logo\/image\/\"},\"sameAs\":[\"https:\/\/www.facebook.com\/pitpitpitoiseaux\"]}]}<\/script>\n<!-- \/ Yoast SEO plugin. -->","yoast_head_json":{"title":"Voyage au Costa Rica \u2013 D\u00e9cembre 2013 - Voyages ornithologiques Serge Beaudette","robots":{"index":"index","follow":"follow","max-snippet":"max-snippet:-1","max-image-preview":"max-image-preview:large","max-video-preview":"max-video-preview:-1"},"canonical":"https:\/\/www.pitpitpit.com\/blogue\/2013-12-costa-rica-2\/","og_locale":"fr_FR","og_type":"article","og_title":"Voyage au Costa Rica \u2013 D\u00e9cembre 2013 - Voyages ornithologiques Serge Beaudette","og_description":"Voyez la galerie compl\u00e8te des photos de ce voyage ! (184 photos) ATTENTION! Attendez que toutes les images miniatures soient visibles dans la page avant de cliquer pour les visualiser en diaporama! Revivez les observations du journal quotidien du voyage envoy\u00e9 \u00e0 la liste \u00ab PITPIT en voyage \u00bb ! Vous pouvez d\u00e9couvrir ces billets [&hellip;]","og_url":"https:\/\/www.pitpitpit.com\/blogue\/2013-12-costa-rica-2\/","og_site_name":"Voyages ornithologiques Serge Beaudette","article_publisher":"https:\/\/www.facebook.com\/pitpitpitoiseaux","article_modified_time":"2015-04-23T16:11:20+00:00","twitter_card":"summary_large_image","twitter_misc":{"Dur\u00e9e de lecture estim\u00e9e":"1 minute"},"schema":{"@context":"https:\/\/schema.org","@graph":[{"@type":"WebPage","@id":"https:\/\/www.pitpitpit.com\/blogue\/2013-12-costa-rica-2\/","url":"https:\/\/www.pitpitpit.com\/blogue\/2013-12-costa-rica-2\/","name":"Voyage au Costa Rica \u2013 D\u00e9cembre 2013 - Voyages ornithologiques Serge Beaudette","isPartOf":{"@id":"https:\/\/www.pitpitpit.com\/blogue\/#website"},"datePublished":"2015-04-22T23:28:51+00:00","dateModified":"2015-04-23T16:11:20+00:00","breadcrumb":{"@id":"https:\/\/www.pitpitpit.com\/blogue\/2013-12-costa-rica-2\/#breadcrumb"},"inLanguage":"fr-FR","potentialAction":[{"@type":"ReadAction","target":["https:\/\/www.pitpitpit.com\/blogue\/2013-12-costa-rica-2\/"]}]},{"@type":"BreadcrumbList","@id":"https:\/\/www.pitpitpit.com\/blogue\/2013-12-costa-rica-2\/#breadcrumb","itemListElement":[{"@type":"ListItem","position":1,"name":"Accueil","item":"https:\/\/www.pitpitpit.com\/blogue\/"},{"@type":"ListItem","position":2,"name":"Voyage au Costa Rica \u2013 D\u00e9cembre 2013"}]},{"@type":"WebSite","@id":"https:\/\/www.pitpitpit.com\/blogue\/#website","url":"https:\/\/www.pitpitpit.com\/blogue\/","name":"Serge Beaudette Nature","description":"Explorer, D\u00e9couvrir, Conna\u00eetre, S&#039;\u00e9merveiller!","publisher":{"@id":"https:\/\/www.pitpitpit.com\/blogue\/#organization"},"potentialAction":[{"@type":"SearchAction","target":{"@type":"EntryPoint","urlTemplate":"https:\/\/www.pitpitpit.com\/blogue\/?s={search_term_string}"},"query-input":"required name=search_term_string"}],"inLanguage":"fr-FR"},{"@type":"Organization","@id":"https:\/\/www.pitpitpit.com\/blogue\/#organization","name":"Serge Beaudette Nature","url":"https:\/\/www.pitpitpit.com\/blogue\/","logo":{"@type":"ImageObject","inLanguage":"fr-FR","@id":"https:\/\/www.pitpitpit.com\/blogue\/#\/schema\/logo\/image\/","url":"https:\/\/www.pitpitpit.com\/blogue\/wp-content\/uploads\/logo-web.jpg","contentUrl":"https:\/\/www.pitpitpit.com\/blogue\/wp-content\/uploads\/logo-web.jpg","width":284,"height":172,"caption":"Serge Beaudette Nature"},"image":{"@id":"https:\/\/www.pitpitpit.com\/blogue\/#\/schema\/logo\/image\/"},"sameAs":["https:\/\/www.facebook.com\/pitpitpitoiseaux"]}]}},"_links":{"self":[{"href":"https:\/\/www.pitpitpit.com\/blogue\/wp-json\/wp\/v2\/pages\/5107"}],"collection":[{"href":"https:\/\/www.pitpitpit.com\/blogue\/wp-json\/wp\/v2\/pages"}],"about":[{"href":"https:\/\/www.pitpitpit.com\/blogue\/wp-json\/wp\/v2\/types\/page"}],"author":[{"embeddable":true,"href":"https:\/\/www.pitpitpit.com\/blogue\/wp-json\/wp\/v2\/users\/2"}],"replies":[{"embeddable":true,"href":"https:\/\/www.pitpitpit.com\/blogue\/wp-json\/wp\/v2\/comments?post=5107"}],"version-history":[{"count":3,"href":"https:\/\/www.pitpitpit.com\/blogue\/wp-json\/wp\/v2\/pages\/5107\/revisions"}],"predecessor-version":[{"id":5141,"href":"https:\/\/www.pitpitpit.com\/blogue\/wp-json\/wp\/v2\/pages\/5107\/revisions\/5141"}],"wp:attachment":[{"href":"https:\/\/www.pitpitpit.com\/blogue\/wp-json\/wp\/v2\/media?parent=5107"}],"curies":[{"name":"wp","href":"https:\/\/api.w.org\/{rel}","templated":true}]}}