{"id":5147,"date":"2015-04-24T16:38:48","date_gmt":"2015-04-24T20:38:48","guid":{"rendered":"http:\/\/www.pitpitpit.com\/blogue\/?page_id=5147"},"modified":"2016-06-14T09:24:48","modified_gmt":"2016-06-14T13:24:48","slug":"cervelle-doiseau-compliment-ou-insulte","status":"publish","type":"page","link":"https:\/\/www.pitpitpit.com\/blogue\/cervelle-doiseau-compliment-ou-insulte\/","title":{"rendered":"Cervelle d&rsquo;oiseau: compliment ou insulte?"},"content":{"rendered":"<p><a href=\"https:\/\/www.pitpitpit.com\/blogue\/wp-content\/uploads\/I-conf-cervelle-doiseau-moyen.jpg\"><img decoding=\"async\" loading=\"lazy\" class=\"aligncenter size-full wp-image-5148\" alt=\"I-conf-cervelle-doiseau-moyen\" src=\"https:\/\/www.pitpitpit.com\/blogue\/wp-content\/uploads\/I-conf-cervelle-doiseau-moyen.jpg\" width=\"500\" height=\"200\" \/><\/a><\/p>\n<p>Un cerveau parfois de la grosseur d\u2019un grain de riz est-il dot\u00e9 de capacit\u00e9s pouvant nous surprendre?<\/p>\n<p>Est-ce que tous les oiseaux sont aussi intelligents les uns que les autres?<\/p>\n<p>Est-il vrai qu\u2019on peut comparer l\u2019intelligence de certains oiseaux \u00e0 celui d\u2019enfants de 5 ans?<\/p>\n<p>Est-ce que l\u2019humain est le seul animal \u00e0 utiliser des outils\u2026 \u00e0 les fabriquer\u2026 \u00e0 les inventer?<\/p>\n<p>Sommes-nous les seuls \u00e0 avoir \u00ab conscience \u00bb de notre existence?<\/p>\n<p>Des questions intrigantes, des r\u00e9ponses troublantes! Laissez votre orgueil \u00e0 la maison et venez constater \u00e0 quel point les oiseaux ne sont pas si \u00e9cervel\u00e9s qu\u2019on a bien voulu le croire.<\/p>\n<p>Appuy\u00e9e d\u2019images, de vid\u00e9os, d\u2019\u00e9tudes et d\u2019exp\u00e9riences, cette conf\u00e9rence vous permettra de d\u00e9couvrir un univers bouleversant qui ne vous laissera pas indiff\u00e9rent. De quoi nous faire descendre de notre pi\u00e9destal!<\/p>\n<p>Cette conf\u00e9rence a piqu\u00e9 la curiosit\u00e9 des nombreuses personnes qui ont eu l&rsquo;occasion d&rsquo;y assister et elles en sont souvent\u00a0 reparties plut\u00f4t touch\u00e9es par ce qu&rsquo;elles ont vu et entendu. Je pr\u00e9sente des films, des images, des exp\u00e9riences qui montrent des exploits d&rsquo;intelligence tout \u00e0 fait inimaginables chez les oiseaux! Des exploits math\u00e9matiques (qui d\u00e9passent la capacit\u00e9 d&rsquo;un enfant de 5 ans), des ruses, des exercices de m\u00e9moire \u00e0 nous faire rougir d&rsquo;envie, des pr\u00e9visions \u00e0 long terme et m\u00eame des exploits de conscience.\u00a0 Je fais m\u00eame faire aux personnes pr\u00e9sentes des tests qui ont \u00e9t\u00e9 r\u00e9alis\u00e9s sur des pigeons&#8230; qui, eh oui! arrivent \u00e0 reconna\u00eetre le style artistique de plusieurs peintres c\u00e9l\u00e8bres!<\/p>\n<p>&nbsp;<\/p>\n","protected":false},"excerpt":{"rendered":"<p>Un cerveau parfois de la grosseur d\u2019un grain de riz est-il dot\u00e9 de capacit\u00e9s pouvant nous surprendre? Est-ce que tous les oiseaux sont aussi intelligents les uns que les autres? Est-il vrai qu\u2019on peut comparer l\u2019intelligence de certains oiseaux \u00e0 celui d\u2019enfants de 5 ans? Est-ce que l\u2019humain est le seul animal \u00e0 utiliser des [&hellip;]<\/p>\n","protected":false},"author":2,"featured_media":0,"parent":0,"menu_order":0,"comment_status":"closed","ping_status":"closed","template":"page-templates\/full-width.php","meta":[],"yoast_head":"<!-- This site is optimized with the Yoast SEO plugin v19.13 - https:\/\/yoast.com\/wordpress\/plugins\/seo\/ -->\n<title>Cervelle d&#039;oiseau: compliment ou insulte? - Voyages ornithologiques Serge Beaudette<\/title>\n<meta name=\"robots\" content=\"index, follow, max-snippet:-1, max-image-preview:large, max-video-preview:-1\" \/>\n<link rel=\"canonical\" href=\"https:\/\/www.pitpitpit.com\/blogue\/cervelle-doiseau-compliment-ou-insulte\/\" \/>\n<meta property=\"og:locale\" content=\"fr_FR\" \/>\n<meta property=\"og:type\" content=\"article\" \/>\n<meta property=\"og:title\" content=\"Cervelle d&#039;oiseau: compliment ou insulte? - Voyages ornithologiques Serge Beaudette\" \/>\n<meta property=\"og:description\" content=\"Un cerveau parfois de la grosseur d\u2019un grain de riz est-il dot\u00e9 de capacit\u00e9s pouvant nous surprendre? Est-ce que tous les oiseaux sont aussi intelligents les uns que les autres? Est-il vrai qu\u2019on peut comparer l\u2019intelligence de certains oiseaux \u00e0 celui d\u2019enfants de 5 ans? Est-ce que l\u2019humain est le seul animal \u00e0 utiliser des [&hellip;]\" \/>\n<meta property=\"og:url\" content=\"https:\/\/www.pitpitpit.com\/blogue\/cervelle-doiseau-compliment-ou-insulte\/\" \/>\n<meta property=\"og:site_name\" content=\"Voyages ornithologiques Serge Beaudette\" \/>\n<meta property=\"article:publisher\" content=\"https:\/\/www.facebook.com\/pitpitpitoiseaux\" \/>\n<meta property=\"article:modified_time\" content=\"2016-06-14T13:24:48+00:00\" \/>\n<meta property=\"og:image\" content=\"http:\/\/www.pitpitpit.com\/blogue\/wp-content\/uploads\/I-conf-cervelle-doiseau-moyen.jpg\" \/>\n<meta name=\"twitter:card\" content=\"summary_large_image\" \/>\n<meta name=\"twitter:label1\" content=\"Dur\u00e9e de lecture estim\u00e9e\" \/>\n\t<meta name=\"twitter:data1\" content=\"1 minute\" \/>\n<script type=\"application\/ld+json\" class=\"yoast-schema-graph\">{\"@context\":\"https:\/\/schema.org\",\"@graph\":[{\"@type\":\"WebPage\",\"@id\":\"https:\/\/www.pitpitpit.com\/blogue\/cervelle-doiseau-compliment-ou-insulte\/\",\"url\":\"https:\/\/www.pitpitpit.com\/blogue\/cervelle-doiseau-compliment-ou-insulte\/\",\"name\":\"Cervelle d'oiseau: compliment ou insulte? - Voyages ornithologiques Serge Beaudette\",\"isPartOf\":{\"@id\":\"https:\/\/www.pitpitpit.com\/blogue\/#website\"},\"datePublished\":\"2015-04-24T20:38:48+00:00\",\"dateModified\":\"2016-06-14T13:24:48+00:00\",\"breadcrumb\":{\"@id\":\"https:\/\/www.pitpitpit.com\/blogue\/cervelle-doiseau-compliment-ou-insulte\/#breadcrumb\"},\"inLanguage\":\"fr-FR\",\"potentialAction\":[{\"@type\":\"ReadAction\",\"target\":[\"https:\/\/www.pitpitpit.com\/blogue\/cervelle-doiseau-compliment-ou-insulte\/\"]}]},{\"@type\":\"BreadcrumbList\",\"@id\":\"https:\/\/www.pitpitpit.com\/blogue\/cervelle-doiseau-compliment-ou-insulte\/#breadcrumb\",\"itemListElement\":[{\"@type\":\"ListItem\",\"position\":1,\"name\":\"Accueil\",\"item\":\"https:\/\/www.pitpitpit.com\/blogue\/\"},{\"@type\":\"ListItem\",\"position\":2,\"name\":\"Cervelle d&rsquo;oiseau: compliment ou insulte?\"}]},{\"@type\":\"WebSite\",\"@id\":\"https:\/\/www.pitpitpit.com\/blogue\/#website\",\"url\":\"https:\/\/www.pitpitpit.com\/blogue\/\",\"name\":\"Serge Beaudette Nature\",\"description\":\"Explorer, D\u00e9couvrir, Conna\u00eetre, S&#039;\u00e9merveiller!\",\"publisher\":{\"@id\":\"https:\/\/www.pitpitpit.com\/blogue\/#organization\"},\"potentialAction\":[{\"@type\":\"SearchAction\",\"target\":{\"@type\":\"EntryPoint\",\"urlTemplate\":\"https:\/\/www.pitpitpit.com\/blogue\/?s={search_term_string}\"},\"query-input\":\"required name=search_term_string\"}],\"inLanguage\":\"fr-FR\"},{\"@type\":\"Organization\",\"@id\":\"https:\/\/www.pitpitpit.com\/blogue\/#organization\",\"name\":\"Serge Beaudette Nature\",\"url\":\"https:\/\/www.pitpitpit.com\/blogue\/\",\"logo\":{\"@type\":\"ImageObject\",\"inLanguage\":\"fr-FR\",\"@id\":\"https:\/\/www.pitpitpit.com\/blogue\/#\/schema\/logo\/image\/\",\"url\":\"https:\/\/www.pitpitpit.com\/blogue\/wp-content\/uploads\/logo-web.jpg\",\"contentUrl\":\"https:\/\/www.pitpitpit.com\/blogue\/wp-content\/uploads\/logo-web.jpg\",\"width\":284,\"height\":172,\"caption\":\"Serge Beaudette Nature\"},\"image\":{\"@id\":\"https:\/\/www.pitpitpit.com\/blogue\/#\/schema\/logo\/image\/\"},\"sameAs\":[\"https:\/\/www.facebook.com\/pitpitpitoiseaux\"]}]}<\/script>\n<!-- \/ Yoast SEO plugin. -->","yoast_head_json":{"title":"Cervelle d'oiseau: compliment ou insulte? - Voyages ornithologiques Serge Beaudette","robots":{"index":"index","follow":"follow","max-snippet":"max-snippet:-1","max-image-preview":"max-image-preview:large","max-video-preview":"max-video-preview:-1"},"canonical":"https:\/\/www.pitpitpit.com\/blogue\/cervelle-doiseau-compliment-ou-insulte\/","og_locale":"fr_FR","og_type":"article","og_title":"Cervelle d'oiseau: compliment ou insulte? - Voyages ornithologiques Serge Beaudette","og_description":"Un cerveau parfois de la grosseur d\u2019un grain de riz est-il dot\u00e9 de capacit\u00e9s pouvant nous surprendre? Est-ce que tous les oiseaux sont aussi intelligents les uns que les autres? Est-il vrai qu\u2019on peut comparer l\u2019intelligence de certains oiseaux \u00e0 celui d\u2019enfants de 5 ans? Est-ce que l\u2019humain est le seul animal \u00e0 utiliser des [&hellip;]","og_url":"https:\/\/www.pitpitpit.com\/blogue\/cervelle-doiseau-compliment-ou-insulte\/","og_site_name":"Voyages ornithologiques Serge Beaudette","article_publisher":"https:\/\/www.facebook.com\/pitpitpitoiseaux","article_modified_time":"2016-06-14T13:24:48+00:00","og_image":[{"url":"http:\/\/www.pitpitpit.com\/blogue\/wp-content\/uploads\/I-conf-cervelle-doiseau-moyen.jpg"}],"twitter_card":"summary_large_image","twitter_misc":{"Dur\u00e9e de lecture estim\u00e9e":"1 minute"},"schema":{"@context":"https:\/\/schema.org","@graph":[{"@type":"WebPage","@id":"https:\/\/www.pitpitpit.com\/blogue\/cervelle-doiseau-compliment-ou-insulte\/","url":"https:\/\/www.pitpitpit.com\/blogue\/cervelle-doiseau-compliment-ou-insulte\/","name":"Cervelle d'oiseau: compliment ou insulte? - Voyages ornithologiques Serge Beaudette","isPartOf":{"@id":"https:\/\/www.pitpitpit.com\/blogue\/#website"},"datePublished":"2015-04-24T20:38:48+00:00","dateModified":"2016-06-14T13:24:48+00:00","breadcrumb":{"@id":"https:\/\/www.pitpitpit.com\/blogue\/cervelle-doiseau-compliment-ou-insulte\/#breadcrumb"},"inLanguage":"fr-FR","potentialAction":[{"@type":"ReadAction","target":["https:\/\/www.pitpitpit.com\/blogue\/cervelle-doiseau-compliment-ou-insulte\/"]}]},{"@type":"BreadcrumbList","@id":"https:\/\/www.pitpitpit.com\/blogue\/cervelle-doiseau-compliment-ou-insulte\/#breadcrumb","itemListElement":[{"@type":"ListItem","position":1,"name":"Accueil","item":"https:\/\/www.pitpitpit.com\/blogue\/"},{"@type":"ListItem","position":2,"name":"Cervelle d&rsquo;oiseau: compliment ou insulte?"}]},{"@type":"WebSite","@id":"https:\/\/www.pitpitpit.com\/blogue\/#website","url":"https:\/\/www.pitpitpit.com\/blogue\/","name":"Serge Beaudette Nature","description":"Explorer, D\u00e9couvrir, Conna\u00eetre, S&#039;\u00e9merveiller!","publisher":{"@id":"https:\/\/www.pitpitpit.com\/blogue\/#organization"},"potentialAction":[{"@type":"SearchAction","target":{"@type":"EntryPoint","urlTemplate":"https:\/\/www.pitpitpit.com\/blogue\/?s={search_term_string}"},"query-input":"required name=search_term_string"}],"inLanguage":"fr-FR"},{"@type":"Organization","@id":"https:\/\/www.pitpitpit.com\/blogue\/#organization","name":"Serge Beaudette Nature","url":"https:\/\/www.pitpitpit.com\/blogue\/","logo":{"@type":"ImageObject","inLanguage":"fr-FR","@id":"https:\/\/www.pitpitpit.com\/blogue\/#\/schema\/logo\/image\/","url":"https:\/\/www.pitpitpit.com\/blogue\/wp-content\/uploads\/logo-web.jpg","contentUrl":"https:\/\/www.pitpitpit.com\/blogue\/wp-content\/uploads\/logo-web.jpg","width":284,"height":172,"caption":"Serge Beaudette Nature"},"image":{"@id":"https:\/\/www.pitpitpit.com\/blogue\/#\/schema\/logo\/image\/"},"sameAs":["https:\/\/www.facebook.com\/pitpitpitoiseaux"]}]}},"_links":{"self":[{"href":"https:\/\/www.pitpitpit.com\/blogue\/wp-json\/wp\/v2\/pages\/5147"}],"collection":[{"href":"https:\/\/www.pitpitpit.com\/blogue\/wp-json\/wp\/v2\/pages"}],"about":[{"href":"https:\/\/www.pitpitpit.com\/blogue\/wp-json\/wp\/v2\/types\/page"}],"author":[{"embeddable":true,"href":"https:\/\/www.pitpitpit.com\/blogue\/wp-json\/wp\/v2\/users\/2"}],"replies":[{"embeddable":true,"href":"https:\/\/www.pitpitpit.com\/blogue\/wp-json\/wp\/v2\/comments?post=5147"}],"version-history":[{"count":4,"href":"https:\/\/www.pitpitpit.com\/blogue\/wp-json\/wp\/v2\/pages\/5147\/revisions"}],"predecessor-version":[{"id":7985,"href":"https:\/\/www.pitpitpit.com\/blogue\/wp-json\/wp\/v2\/pages\/5147\/revisions\/7985"}],"wp:attachment":[{"href":"https:\/\/www.pitpitpit.com\/blogue\/wp-json\/wp\/v2\/media?parent=5147"}],"curies":[{"name":"wp","href":"https:\/\/api.w.org\/{rel}","templated":true}]}}