{"id":5155,"date":"2015-04-24T16:49:44","date_gmt":"2015-04-24T20:49:44","guid":{"rendered":"http:\/\/www.pitpitpit.com\/blogue\/?page_id=5155"},"modified":"2015-04-24T16:50:30","modified_gmt":"2015-04-24T20:50:30","slug":"les-oiseaux-preferent-ils-les-blondes-ou-les-brunes","status":"publish","type":"page","link":"https:\/\/www.pitpitpit.com\/blogue\/les-oiseaux-preferent-ils-les-blondes-ou-les-brunes\/","title":{"rendered":"Les oiseaux pr\u00e9f\u00e8rent-ils les blondes ou les brunes?"},"content":{"rendered":"<p><a href=\"https:\/\/www.pitpitpit.com\/blogue\/wp-content\/uploads\/Blondes-brunes1-moyen.jpg\"><img decoding=\"async\" loading=\"lazy\" class=\"aligncenter size-full wp-image-5156\" alt=\"Blondes-brunes1-moyen\" src=\"https:\/\/www.pitpitpit.com\/blogue\/wp-content\/uploads\/Blondes-brunes1-moyen.jpg\" width=\"500\" height=\"200\" \/><\/a><\/p>\n<p>Plusieurs facteurs d\u00e9terminent si les couples d\u2019oiseaux vivront unis toute leur vie, le temps d\u2019une saison ou quelques secondes\u2026 soit le temps de l\u2019accouplement!<\/p>\n<p>Apprenez les lois de la nature qui r\u00e9gissent ces \u00ab choix \u00bb! Voyez aussi comment la beaut\u00e9 peut \u00eatre responsable de la disparition de certains oiseaux\u2026<\/p>\n<p>Dans toutes ces lois et interactions, vous pensez que l\u2019humain y fait exception?<\/p>\n<ul>\n<li>\u00a0Les lois de la nature, ses triomphes et ses \u00e9checs<\/li>\n<li>Deviner le comportement des oiseaux<\/li>\n<li>Quels instincts avons-nous en commun avec les oiseaux ?<\/li>\n<\/ul>\n<p>&nbsp;<\/p>\n","protected":false},"excerpt":{"rendered":"<p>Plusieurs facteurs d\u00e9terminent si les couples d\u2019oiseaux vivront unis toute leur vie, le temps d\u2019une saison ou quelques secondes\u2026 soit le temps de l\u2019accouplement! Apprenez les lois de la nature qui r\u00e9gissent ces \u00ab choix \u00bb! Voyez aussi comment la beaut\u00e9 peut \u00eatre responsable de la disparition de certains oiseaux\u2026 Dans toutes ces lois et [&hellip;]<\/p>\n","protected":false},"author":2,"featured_media":0,"parent":0,"menu_order":0,"comment_status":"closed","ping_status":"closed","template":"page-templates\/full-width.php","meta":[],"yoast_head":"<!-- This site is optimized with the Yoast SEO plugin v19.13 - https:\/\/yoast.com\/wordpress\/plugins\/seo\/ -->\n<title>Les oiseaux pr\u00e9f\u00e8rent-ils les blondes ou les brunes? - Voyages ornithologiques Serge Beaudette<\/title>\n<meta name=\"robots\" content=\"index, follow, max-snippet:-1, max-image-preview:large, max-video-preview:-1\" \/>\n<link rel=\"canonical\" href=\"https:\/\/www.pitpitpit.com\/blogue\/les-oiseaux-preferent-ils-les-blondes-ou-les-brunes\/\" \/>\n<meta property=\"og:locale\" content=\"fr_FR\" \/>\n<meta property=\"og:type\" content=\"article\" \/>\n<meta property=\"og:title\" content=\"Les oiseaux pr\u00e9f\u00e8rent-ils les blondes ou les brunes? - Voyages ornithologiques Serge Beaudette\" \/>\n<meta property=\"og:description\" content=\"Plusieurs facteurs d\u00e9terminent si les couples d\u2019oiseaux vivront unis toute leur vie, le temps d\u2019une saison ou quelques secondes\u2026 soit le temps de l\u2019accouplement! Apprenez les lois de la nature qui r\u00e9gissent ces \u00ab choix \u00bb! Voyez aussi comment la beaut\u00e9 peut \u00eatre responsable de la disparition de certains oiseaux\u2026 Dans toutes ces lois et [&hellip;]\" \/>\n<meta property=\"og:url\" content=\"https:\/\/www.pitpitpit.com\/blogue\/les-oiseaux-preferent-ils-les-blondes-ou-les-brunes\/\" \/>\n<meta property=\"og:site_name\" content=\"Voyages ornithologiques Serge Beaudette\" \/>\n<meta property=\"article:publisher\" content=\"https:\/\/www.facebook.com\/pitpitpitoiseaux\" \/>\n<meta property=\"article:modified_time\" content=\"2015-04-24T20:50:30+00:00\" \/>\n<meta property=\"og:image\" content=\"http:\/\/www.pitpitpit.com\/blogue\/wp-content\/uploads\/Blondes-brunes1-moyen.jpg\" \/>\n<meta name=\"twitter:card\" content=\"summary_large_image\" \/>\n<script type=\"application\/ld+json\" class=\"yoast-schema-graph\">{\"@context\":\"https:\/\/schema.org\",\"@graph\":[{\"@type\":\"WebPage\",\"@id\":\"https:\/\/www.pitpitpit.com\/blogue\/les-oiseaux-preferent-ils-les-blondes-ou-les-brunes\/\",\"url\":\"https:\/\/www.pitpitpit.com\/blogue\/les-oiseaux-preferent-ils-les-blondes-ou-les-brunes\/\",\"name\":\"Les oiseaux pr\u00e9f\u00e8rent-ils les blondes ou les brunes? - Voyages ornithologiques Serge Beaudette\",\"isPartOf\":{\"@id\":\"https:\/\/www.pitpitpit.com\/blogue\/#website\"},\"datePublished\":\"2015-04-24T20:49:44+00:00\",\"dateModified\":\"2015-04-24T20:50:30+00:00\",\"breadcrumb\":{\"@id\":\"https:\/\/www.pitpitpit.com\/blogue\/les-oiseaux-preferent-ils-les-blondes-ou-les-brunes\/#breadcrumb\"},\"inLanguage\":\"fr-FR\",\"potentialAction\":[{\"@type\":\"ReadAction\",\"target\":[\"https:\/\/www.pitpitpit.com\/blogue\/les-oiseaux-preferent-ils-les-blondes-ou-les-brunes\/\"]}]},{\"@type\":\"BreadcrumbList\",\"@id\":\"https:\/\/www.pitpitpit.com\/blogue\/les-oiseaux-preferent-ils-les-blondes-ou-les-brunes\/#breadcrumb\",\"itemListElement\":[{\"@type\":\"ListItem\",\"position\":1,\"name\":\"Accueil\",\"item\":\"https:\/\/www.pitpitpit.com\/blogue\/\"},{\"@type\":\"ListItem\",\"position\":2,\"name\":\"Les oiseaux pr\u00e9f\u00e8rent-ils les blondes ou les brunes?\"}]},{\"@type\":\"WebSite\",\"@id\":\"https:\/\/www.pitpitpit.com\/blogue\/#website\",\"url\":\"https:\/\/www.pitpitpit.com\/blogue\/\",\"name\":\"Serge Beaudette Nature\",\"description\":\"Explorer, D\u00e9couvrir, Conna\u00eetre, S&#039;\u00e9merveiller!\",\"publisher\":{\"@id\":\"https:\/\/www.pitpitpit.com\/blogue\/#organization\"},\"potentialAction\":[{\"@type\":\"SearchAction\",\"target\":{\"@type\":\"EntryPoint\",\"urlTemplate\":\"https:\/\/www.pitpitpit.com\/blogue\/?s={search_term_string}\"},\"query-input\":\"required name=search_term_string\"}],\"inLanguage\":\"fr-FR\"},{\"@type\":\"Organization\",\"@id\":\"https:\/\/www.pitpitpit.com\/blogue\/#organization\",\"name\":\"Serge Beaudette Nature\",\"url\":\"https:\/\/www.pitpitpit.com\/blogue\/\",\"logo\":{\"@type\":\"ImageObject\",\"inLanguage\":\"fr-FR\",\"@id\":\"https:\/\/www.pitpitpit.com\/blogue\/#\/schema\/logo\/image\/\",\"url\":\"https:\/\/www.pitpitpit.com\/blogue\/wp-content\/uploads\/logo-web.jpg\",\"contentUrl\":\"https:\/\/www.pitpitpit.com\/blogue\/wp-content\/uploads\/logo-web.jpg\",\"width\":284,\"height\":172,\"caption\":\"Serge Beaudette Nature\"},\"image\":{\"@id\":\"https:\/\/www.pitpitpit.com\/blogue\/#\/schema\/logo\/image\/\"},\"sameAs\":[\"https:\/\/www.facebook.com\/pitpitpitoiseaux\"]}]}<\/script>\n<!-- \/ Yoast SEO plugin. -->","yoast_head_json":{"title":"Les oiseaux pr\u00e9f\u00e8rent-ils les blondes ou les brunes? - Voyages ornithologiques Serge Beaudette","robots":{"index":"index","follow":"follow","max-snippet":"max-snippet:-1","max-image-preview":"max-image-preview:large","max-video-preview":"max-video-preview:-1"},"canonical":"https:\/\/www.pitpitpit.com\/blogue\/les-oiseaux-preferent-ils-les-blondes-ou-les-brunes\/","og_locale":"fr_FR","og_type":"article","og_title":"Les oiseaux pr\u00e9f\u00e8rent-ils les blondes ou les brunes? - Voyages ornithologiques Serge Beaudette","og_description":"Plusieurs facteurs d\u00e9terminent si les couples d\u2019oiseaux vivront unis toute leur vie, le temps d\u2019une saison ou quelques secondes\u2026 soit le temps de l\u2019accouplement! Apprenez les lois de la nature qui r\u00e9gissent ces \u00ab choix \u00bb! Voyez aussi comment la beaut\u00e9 peut \u00eatre responsable de la disparition de certains oiseaux\u2026 Dans toutes ces lois et [&hellip;]","og_url":"https:\/\/www.pitpitpit.com\/blogue\/les-oiseaux-preferent-ils-les-blondes-ou-les-brunes\/","og_site_name":"Voyages ornithologiques Serge Beaudette","article_publisher":"https:\/\/www.facebook.com\/pitpitpitoiseaux","article_modified_time":"2015-04-24T20:50:30+00:00","og_image":[{"url":"http:\/\/www.pitpitpit.com\/blogue\/wp-content\/uploads\/Blondes-brunes1-moyen.jpg"}],"twitter_card":"summary_large_image","schema":{"@context":"https:\/\/schema.org","@graph":[{"@type":"WebPage","@id":"https:\/\/www.pitpitpit.com\/blogue\/les-oiseaux-preferent-ils-les-blondes-ou-les-brunes\/","url":"https:\/\/www.pitpitpit.com\/blogue\/les-oiseaux-preferent-ils-les-blondes-ou-les-brunes\/","name":"Les oiseaux pr\u00e9f\u00e8rent-ils les blondes ou les brunes? - Voyages ornithologiques Serge Beaudette","isPartOf":{"@id":"https:\/\/www.pitpitpit.com\/blogue\/#website"},"datePublished":"2015-04-24T20:49:44+00:00","dateModified":"2015-04-24T20:50:30+00:00","breadcrumb":{"@id":"https:\/\/www.pitpitpit.com\/blogue\/les-oiseaux-preferent-ils-les-blondes-ou-les-brunes\/#breadcrumb"},"inLanguage":"fr-FR","potentialAction":[{"@type":"ReadAction","target":["https:\/\/www.pitpitpit.com\/blogue\/les-oiseaux-preferent-ils-les-blondes-ou-les-brunes\/"]}]},{"@type":"BreadcrumbList","@id":"https:\/\/www.pitpitpit.com\/blogue\/les-oiseaux-preferent-ils-les-blondes-ou-les-brunes\/#breadcrumb","itemListElement":[{"@type":"ListItem","position":1,"name":"Accueil","item":"https:\/\/www.pitpitpit.com\/blogue\/"},{"@type":"ListItem","position":2,"name":"Les oiseaux pr\u00e9f\u00e8rent-ils les blondes ou les brunes?"}]},{"@type":"WebSite","@id":"https:\/\/www.pitpitpit.com\/blogue\/#website","url":"https:\/\/www.pitpitpit.com\/blogue\/","name":"Serge Beaudette Nature","description":"Explorer, D\u00e9couvrir, Conna\u00eetre, S&#039;\u00e9merveiller!","publisher":{"@id":"https:\/\/www.pitpitpit.com\/blogue\/#organization"},"potentialAction":[{"@type":"SearchAction","target":{"@type":"EntryPoint","urlTemplate":"https:\/\/www.pitpitpit.com\/blogue\/?s={search_term_string}"},"query-input":"required name=search_term_string"}],"inLanguage":"fr-FR"},{"@type":"Organization","@id":"https:\/\/www.pitpitpit.com\/blogue\/#organization","name":"Serge Beaudette Nature","url":"https:\/\/www.pitpitpit.com\/blogue\/","logo":{"@type":"ImageObject","inLanguage":"fr-FR","@id":"https:\/\/www.pitpitpit.com\/blogue\/#\/schema\/logo\/image\/","url":"https:\/\/www.pitpitpit.com\/blogue\/wp-content\/uploads\/logo-web.jpg","contentUrl":"https:\/\/www.pitpitpit.com\/blogue\/wp-content\/uploads\/logo-web.jpg","width":284,"height":172,"caption":"Serge Beaudette Nature"},"image":{"@id":"https:\/\/www.pitpitpit.com\/blogue\/#\/schema\/logo\/image\/"},"sameAs":["https:\/\/www.facebook.com\/pitpitpitoiseaux"]}]}},"_links":{"self":[{"href":"https:\/\/www.pitpitpit.com\/blogue\/wp-json\/wp\/v2\/pages\/5155"}],"collection":[{"href":"https:\/\/www.pitpitpit.com\/blogue\/wp-json\/wp\/v2\/pages"}],"about":[{"href":"https:\/\/www.pitpitpit.com\/blogue\/wp-json\/wp\/v2\/types\/page"}],"author":[{"embeddable":true,"href":"https:\/\/www.pitpitpit.com\/blogue\/wp-json\/wp\/v2\/users\/2"}],"replies":[{"embeddable":true,"href":"https:\/\/www.pitpitpit.com\/blogue\/wp-json\/wp\/v2\/comments?post=5155"}],"version-history":[{"count":1,"href":"https:\/\/www.pitpitpit.com\/blogue\/wp-json\/wp\/v2\/pages\/5155\/revisions"}],"predecessor-version":[{"id":5157,"href":"https:\/\/www.pitpitpit.com\/blogue\/wp-json\/wp\/v2\/pages\/5155\/revisions\/5157"}],"wp:attachment":[{"href":"https:\/\/www.pitpitpit.com\/blogue\/wp-json\/wp\/v2\/media?parent=5155"}],"curies":[{"name":"wp","href":"https:\/\/api.w.org\/{rel}","templated":true}]}}