{"id":5372,"date":"2015-05-28T11:38:13","date_gmt":"2015-05-28T15:38:13","guid":{"rendered":"http:\/\/www.pitpitpit.com\/blogue\/?page_id=5372"},"modified":"2023-11-01T21:41:12","modified_gmt":"2023-11-02T01:41:12","slug":"infos-generales","status":"publish","type":"page","link":"https:\/\/www.pitpitpit.com\/blogue\/infos-generales\/","title":{"rendered":"Informations g\u00e9n\u00e9rales"},"content":{"rendered":"<h2>R\u00f4les<\/h2>\n<div id=\"attachment_8198\" style=\"width: 141px\" class=\"wp-caption alignleft\"><img aria-describedby=\"caption-attachment-8198\" decoding=\"async\" loading=\"lazy\" class=\" wp-image-8198       \" style=\"margin-left: 10px; margin-right: 10px;\" src=\"https:\/\/www.pitpitpit.com\/blogue\/wp-content\/uploads\/serge-beaudette-560x819.jpg\" alt=\"Serge Beaudette\" width=\"131\" height=\"191\" srcset=\"https:\/\/www.pitpitpit.com\/blogue\/wp-content\/uploads\/serge-beaudette-560x819.jpg 560w, https:\/\/www.pitpitpit.com\/blogue\/wp-content\/uploads\/serge-beaudette-699x1024.jpg 699w, https:\/\/www.pitpitpit.com\/blogue\/wp-content\/uploads\/serge-beaudette-624x913.jpg 624w, https:\/\/www.pitpitpit.com\/blogue\/wp-content\/uploads\/serge-beaudette.jpg 750w\" sizes=\"(max-width: 131px) 100vw, 131px\" \/><p id=\"caption-attachment-8198\" class=\"wp-caption-text\">Serge Beaudette<\/p><\/div>\n<p>Serge Beaudette est l&rsquo;organisateur des voyages.<br \/>\nIl s&rsquo;occupe de tout ce qui est reli\u00e9 aux inscriptions, \u00e0 l&rsquo;itin\u00e9raire, au contact et \u00e0 la coordination avec les guides locaux, \u00e0 la pr\u00e9paration ornithologique avant le voyage, aux rencontres pr\u00e9paratoires, au contact avec les voyageurs pour toutes les informations concernant les voyages.<\/p>\n<p>Il est presque toujours un des guides sur place, sinon, il est remplac\u00e9 par un guide aussi comp\u00e9tent du point de vue ornithologique et humain. Il seconde en plus un ou des guides locaux, sp\u00e9cialistes en ornithologie dans leurs r\u00e9gions. Il poss\u00e8de un permis valide de conseiller en voyage, comme la loi le prescrit.<\/p>\n<p><br clear=\"all\" \/><br \/>\n<img decoding=\"async\" loading=\"lazy\" class=\"wp-image-12450 alignleft\" src=\"https:\/\/www.pitpitpit.com\/blogue\/wp-content\/uploads\/logo-Explorateur2.png\" alt=\"Logo Explorateur voyages\" width=\"167\" height=\"95\" \/>L&rsquo;agence <a title=\"Explorateur Voyages\" href=\"https:\/\/explorateurvoyages.com\/\" target=\"_blank\" rel=\"noopener\">Explorateur Voyages<\/a> s&rsquo;occupe de toutes les questions relatives \u00e0 la facturation, aux paiements (d\u00e9p\u00f4t et paiement final), aux r\u00e9servations de vols, aux assurances et aux annulations.<\/p>\n<p>L&rsquo;agence <a title=\"Explorateur Voyages\" href=\"https:\/\/explorateurvoyages.com\/\" target=\"_blank\" rel=\"noopener\">Explorateur Voyages<\/a> est titulaire d&rsquo;un permis de l\u2019Office de la protection du consommateur. Elle pr\u00e9l\u00e8ve la contribution pour le <a href=\"https:\/\/www.opc.gouv.qc.ca\/consommateur\/bien-service\/voyage\/fonds-indemnisation\/\" target=\"_blank\" rel=\"noopener\">fonds d\u2019indemnisation des clients des agents de voyages,<\/a> qui donne une protection aux voyageurs. Les fonds per\u00e7us par l\u2019agence sont d\u00e9pos\u00e9s dans un compte en fid\u00e9icommis.<\/p>\n<p><strong>L&rsquo;inscription des voyageurs se fait aupr\u00e8s de Serge Beaudette<\/strong>. L&rsquo;inscription officielle avec d\u00e9p\u00f4t se fait ensuite sur le site web de l&rsquo;agence.<\/p>\n<h2>Conditions g\u00e9n\u00e9rales<\/h2>\n<p>Consultez les <a href=\"https:\/\/www.pitpitpit.com\/blogue\/wp-content\/uploads\/2024-Conditions-participation-voyages.pdf\" target=\"_blank\" rel=\"noopener\">conditions g\u00e9n\u00e9rales<\/a> (politiques de r\u00e9servation et d&rsquo;annulation).<\/p>\n<h2>Vols<\/h2>\n<p>Les vols internationaux et locaux sont organis\u00e9s et r\u00e9serv\u00e9s par l&rsquo;agence <a title=\"Explorateur Voyages\" href=\"https:\/\/explorateurvoyages.com\/\" target=\"_blank\" rel=\"noopener\">Explorateur Voyages<\/a>, aux m\u00eames dates pour tous les voyageurs inscrits. Comme le co\u00fbt exact du vol n&rsquo;est en g\u00e9n\u00e9ral pas connu au moment o\u00f9 nous annon\u00e7ons le prix de la portion terrestre du voyage, seule une estimation du co\u00fbt est donn\u00e9e. Le co\u00fbt total (portion terrestre et vol) sera indiqu\u00e9 sur la facture globale envoy\u00e9e plus tard par l&rsquo;agence.<\/p>\n<p>Au moment de l&rsquo;inscription, nous demandons au voyageur de pr\u00e9ciser s&rsquo;il pr\u00e9f\u00e8re r\u00e9server un vol \u00ab\u00a0hors groupe\u00a0\u00bb ou m\u00eame s&rsquo;il souhaite s&rsquo;occuper lui-m\u00eame de la r\u00e9servation de ses vols. Si l&rsquo;inscription est faite sans le demander, il sera consid\u00e9r\u00e9 comme un voyageur qui volera avec le groupe et toute modification ult\u00e9rieure du vol pourra impliquer une p\u00e9nalit\u00e9 exig\u00e9e par le transporteur.<\/p>\n<p>Si le voyageur ne pr\u00e9voit pas prolonger son voyage, avant ou apr\u00e8s, et qu&rsquo;il pr\u00e9voit partir et revenir \u00e0 Montr\u00e9al, il est alors avantageux de partir avec le groupe, afin de b\u00e9n\u00e9ficier d&rsquo;un meilleur tarif et pour une meilleure organisation du voyage. Le voyageur peut partir de son c\u00f4t\u00e9 avec un billet individuel, qui peut \u00eatre r\u00e9serv\u00e9 avec l&rsquo;aide de l&rsquo;agence ou non. Il devra alors organiser son transfert de fa\u00e7on autonome pour rejoindre le groupe. Ce qui est important est de nous le faire savoir d\u00e8s le d\u00e9but, au moment de l&rsquo;inscription, pour une meilleure organisation.<\/p>\n<p>Par ailleurs, il est de la responsabilit\u00e9 du voyageur de v\u00e9rifier la validit\u00e9 de son passeport (le plus souvent, le passeport doit \u00eatre valide six mois apr\u00e8s la date du retour).<\/p>\n<h2>Assurances<\/h2>\n<p>Nous encourageons tr\u00e8s fortement le voyageur \u00e0 se procurer une assurance voyage: annulation de voyage, soins m\u00e9dicaux d&rsquo;urgence, etc.<\/p>\n<p><a title=\"Explorateur Voyages\" href=\"https:\/\/explorateurvoyages.com\/\" target=\"_blank\" rel=\"noopener\">Explorateur Voyages<\/a> peut offrir au voyageur une assurance voyage. Si le voyageur est int\u00e9ress\u00e9, un(e) conseiller(\u00e8re) d&rsquo;Explorateur Voyages le contactera par t\u00e9l\u00e9phone.<\/p>\n<p>Si le voyageur refuse de souscrire une assurance voyage aupr\u00e8s d&rsquo;Explorateur Voyages, il devra retourner un formulaire de renonciation (<em>fourni par l\u2019agence<\/em>) compl\u00e9t\u00e9 et sign\u00e9.<\/p>\n<p>Si le voyageur poss\u00e8de une assurance voyage, nous lui conseillons de bien v\u00e9rifier si son assurance comporte des restrictions et si la protection et le montant couvert sont suffisants pour le voyage.<\/p>\n<h2>Contribution au FICAV<\/h2>\n<p>Le montant de la contribution au\u00a0Fonds d\u2019indemnisation des clients des agents de voyages (<a title=\"FICAV\" href=\"http:\/\/www.opc.gouv.qc.ca\/consommateur\/bien-service\/voyage\/voyage\/service-non-disponible\/fonds-indemnisation\/\" target=\"_blank\" rel=\"noopener\">FICAV<\/a>) est ajout\u00e9 sur la facture et correspond \u00e0 3,5% de la valeur totale des services touristiques achet\u00e9s, incluant les taxes lorsque le cas s&rsquo;applique. Il est d&rsquo;abord calcul\u00e9 sur une estimation du prix final du voyage, le prix du vol n&rsquo;\u00e9tant pas connu au moment de la r\u00e9servation. Le montant pourrait devoir \u00eatre ajust\u00e9 au moment du paiement final.<\/p>\n<h2>Prix sujet \u00e0 changement<\/h2>\n<p>Les voyages \u00e0 l&rsquo;ext\u00e9rieur du Canada sont en grande partie pay\u00e9s en $US ou en euros.<\/p>\n<p>En s\u2019inscrivant \u00e0 un de nos voyages, le voyageur reconna\u00eet que le prix du contrat peut \u00eatre modifi\u00e9 advenant une hausse des taxes, une surcharge de carburant, un changement de taux de change ou tout autre \u00e9v\u00e9nement pouvant affecter le prix du forfait.<\/p>\n<p><em>Conform\u00e9ment \u00e0 l&rsquo;article 16.1 du R\u00e8glement d&rsquo;application de la <a href=\"http:\/\/www.opc.gouv.qc.ca\/consommateur\/bien-service\/voyage\/voyage\/conseils\/modification-prix\/\" target=\"_blank\" rel=\"noopener\">Loi sur la protection du consommateur<\/a> (chapitre P-40.1, r. 3) <\/em><\/p>\n<p><em>i.\u00a0le prix des services touristiques vendus ne peut \u00eatre augment\u00e9 qu&rsquo;\u00e0 la suite de l&rsquo;imposition d&rsquo;une surcharge de carburant par le transporteur ou d&rsquo;une augmentation du taux de change, dans la mesure o\u00f9 le taux de change applicable 45 jours avant la date de fourniture des services a augment\u00e9 de plus de 5% depuis la date o\u00f9 le contrat a \u00e9t\u00e9 conclu;<\/em><\/p>\n<p><em>ii.\u00a0dans l&rsquo;\u00e9ventualit\u00e9 o\u00f9 l&rsquo;augmentation du prix, sans prendre en consid\u00e9ration l&rsquo;augmentation de la taxe de vente du Qu\u00e9bec ou de la taxe sur les produits et services du Canada, est \u00e9gale ou sup\u00e9rieure \u00e0 7% du prix des services, le client peut choisir entre le remboursement int\u00e9gral et imm\u00e9diat des services ou la prestation de services similaires;<\/em><\/p>\n<p><em>iii.\u00a0aucune augmentation du prix ne peut survenir dans les 30 jours pr\u00e9c\u00e9dant la date o\u00f9 les services doivent \u00eatre rendus.<\/em><\/p>\n","protected":false},"excerpt":{"rendered":"<p>R\u00f4les Serge Beaudette est l&rsquo;organisateur des voyages. Il s&rsquo;occupe de tout ce qui est reli\u00e9 aux inscriptions, \u00e0 l&rsquo;itin\u00e9raire, au contact et \u00e0 la coordination avec les guides locaux, \u00e0 la pr\u00e9paration ornithologique avant le voyage, aux rencontres pr\u00e9paratoires, au contact avec les voyageurs pour toutes les informations concernant les voyages. Il est presque toujours [&hellip;]<\/p>\n","protected":false},"author":2,"featured_media":0,"parent":0,"menu_order":0,"comment_status":"closed","ping_status":"closed","template":"page-templates\/full-width.php","meta":[],"yoast_head":"<!-- This site is optimized with the Yoast SEO plugin v19.13 - https:\/\/yoast.com\/wordpress\/plugins\/seo\/ -->\n<title>Informations g\u00e9n\u00e9rales - Voyages ornithologiques Serge Beaudette<\/title>\n<meta name=\"robots\" content=\"index, follow, max-snippet:-1, max-image-preview:large, max-video-preview:-1\" \/>\n<link rel=\"canonical\" href=\"https:\/\/www.pitpitpit.com\/blogue\/infos-generales\/\" \/>\n<meta property=\"og:locale\" content=\"fr_FR\" \/>\n<meta property=\"og:type\" content=\"article\" \/>\n<meta property=\"og:title\" content=\"Informations g\u00e9n\u00e9rales - Voyages ornithologiques Serge Beaudette\" \/>\n<meta property=\"og:description\" content=\"R\u00f4les Serge Beaudette est l&rsquo;organisateur des voyages. Il s&rsquo;occupe de tout ce qui est reli\u00e9 aux inscriptions, \u00e0 l&rsquo;itin\u00e9raire, au contact et \u00e0 la coordination avec les guides locaux, \u00e0 la pr\u00e9paration ornithologique avant le voyage, aux rencontres pr\u00e9paratoires, au contact avec les voyageurs pour toutes les informations concernant les voyages. Il est presque toujours [&hellip;]\" \/>\n<meta property=\"og:url\" content=\"https:\/\/www.pitpitpit.com\/blogue\/infos-generales\/\" \/>\n<meta property=\"og:site_name\" content=\"Voyages ornithologiques Serge Beaudette\" \/>\n<meta property=\"article:publisher\" content=\"https:\/\/www.facebook.com\/pitpitpitoiseaux\" \/>\n<meta property=\"article:modified_time\" content=\"2023-11-02T01:41:12+00:00\" \/>\n<meta property=\"og:image\" content=\"http:\/\/www.pitpitpit.com\/blogue\/wp-content\/uploads\/serge-beaudette-560x819.jpg\" \/>\n<meta name=\"twitter:card\" content=\"summary_large_image\" \/>\n<meta name=\"twitter:label1\" content=\"Dur\u00e9e de lecture estim\u00e9e\" \/>\n\t<meta name=\"twitter:data1\" content=\"5 minutes\" \/>\n<script type=\"application\/ld+json\" class=\"yoast-schema-graph\">{\"@context\":\"https:\/\/schema.org\",\"@graph\":[{\"@type\":\"WebPage\",\"@id\":\"https:\/\/www.pitpitpit.com\/blogue\/infos-generales\/\",\"url\":\"https:\/\/www.pitpitpit.com\/blogue\/infos-generales\/\",\"name\":\"Informations g\u00e9n\u00e9rales - Voyages ornithologiques Serge Beaudette\",\"isPartOf\":{\"@id\":\"https:\/\/www.pitpitpit.com\/blogue\/#website\"},\"datePublished\":\"2015-05-28T15:38:13+00:00\",\"dateModified\":\"2023-11-02T01:41:12+00:00\",\"breadcrumb\":{\"@id\":\"https:\/\/www.pitpitpit.com\/blogue\/infos-generales\/#breadcrumb\"},\"inLanguage\":\"fr-FR\",\"potentialAction\":[{\"@type\":\"ReadAction\",\"target\":[\"https:\/\/www.pitpitpit.com\/blogue\/infos-generales\/\"]}]},{\"@type\":\"BreadcrumbList\",\"@id\":\"https:\/\/www.pitpitpit.com\/blogue\/infos-generales\/#breadcrumb\",\"itemListElement\":[{\"@type\":\"ListItem\",\"position\":1,\"name\":\"Accueil\",\"item\":\"https:\/\/www.pitpitpit.com\/blogue\/\"},{\"@type\":\"ListItem\",\"position\":2,\"name\":\"Informations g\u00e9n\u00e9rales\"}]},{\"@type\":\"WebSite\",\"@id\":\"https:\/\/www.pitpitpit.com\/blogue\/#website\",\"url\":\"https:\/\/www.pitpitpit.com\/blogue\/\",\"name\":\"Serge Beaudette Nature\",\"description\":\"Explorer, D\u00e9couvrir, Conna\u00eetre, S&#039;\u00e9merveiller!\",\"publisher\":{\"@id\":\"https:\/\/www.pitpitpit.com\/blogue\/#organization\"},\"potentialAction\":[{\"@type\":\"SearchAction\",\"target\":{\"@type\":\"EntryPoint\",\"urlTemplate\":\"https:\/\/www.pitpitpit.com\/blogue\/?s={search_term_string}\"},\"query-input\":\"required name=search_term_string\"}],\"inLanguage\":\"fr-FR\"},{\"@type\":\"Organization\",\"@id\":\"https:\/\/www.pitpitpit.com\/blogue\/#organization\",\"name\":\"Serge Beaudette Nature\",\"url\":\"https:\/\/www.pitpitpit.com\/blogue\/\",\"logo\":{\"@type\":\"ImageObject\",\"inLanguage\":\"fr-FR\",\"@id\":\"https:\/\/www.pitpitpit.com\/blogue\/#\/schema\/logo\/image\/\",\"url\":\"https:\/\/www.pitpitpit.com\/blogue\/wp-content\/uploads\/logo-web.jpg\",\"contentUrl\":\"https:\/\/www.pitpitpit.com\/blogue\/wp-content\/uploads\/logo-web.jpg\",\"width\":284,\"height\":172,\"caption\":\"Serge Beaudette Nature\"},\"image\":{\"@id\":\"https:\/\/www.pitpitpit.com\/blogue\/#\/schema\/logo\/image\/\"},\"sameAs\":[\"https:\/\/www.facebook.com\/pitpitpitoiseaux\"]}]}<\/script>\n<!-- \/ Yoast SEO plugin. -->","yoast_head_json":{"title":"Informations g\u00e9n\u00e9rales - Voyages ornithologiques Serge Beaudette","robots":{"index":"index","follow":"follow","max-snippet":"max-snippet:-1","max-image-preview":"max-image-preview:large","max-video-preview":"max-video-preview:-1"},"canonical":"https:\/\/www.pitpitpit.com\/blogue\/infos-generales\/","og_locale":"fr_FR","og_type":"article","og_title":"Informations g\u00e9n\u00e9rales - Voyages ornithologiques Serge Beaudette","og_description":"R\u00f4les Serge Beaudette est l&rsquo;organisateur des voyages. Il s&rsquo;occupe de tout ce qui est reli\u00e9 aux inscriptions, \u00e0 l&rsquo;itin\u00e9raire, au contact et \u00e0 la coordination avec les guides locaux, \u00e0 la pr\u00e9paration ornithologique avant le voyage, aux rencontres pr\u00e9paratoires, au contact avec les voyageurs pour toutes les informations concernant les voyages. Il est presque toujours [&hellip;]","og_url":"https:\/\/www.pitpitpit.com\/blogue\/infos-generales\/","og_site_name":"Voyages ornithologiques Serge Beaudette","article_publisher":"https:\/\/www.facebook.com\/pitpitpitoiseaux","article_modified_time":"2023-11-02T01:41:12+00:00","og_image":[{"url":"http:\/\/www.pitpitpit.com\/blogue\/wp-content\/uploads\/serge-beaudette-560x819.jpg"}],"twitter_card":"summary_large_image","twitter_misc":{"Dur\u00e9e de lecture estim\u00e9e":"5 minutes"},"schema":{"@context":"https:\/\/schema.org","@graph":[{"@type":"WebPage","@id":"https:\/\/www.pitpitpit.com\/blogue\/infos-generales\/","url":"https:\/\/www.pitpitpit.com\/blogue\/infos-generales\/","name":"Informations g\u00e9n\u00e9rales - Voyages ornithologiques Serge Beaudette","isPartOf":{"@id":"https:\/\/www.pitpitpit.com\/blogue\/#website"},"datePublished":"2015-05-28T15:38:13+00:00","dateModified":"2023-11-02T01:41:12+00:00","breadcrumb":{"@id":"https:\/\/www.pitpitpit.com\/blogue\/infos-generales\/#breadcrumb"},"inLanguage":"fr-FR","potentialAction":[{"@type":"ReadAction","target":["https:\/\/www.pitpitpit.com\/blogue\/infos-generales\/"]}]},{"@type":"BreadcrumbList","@id":"https:\/\/www.pitpitpit.com\/blogue\/infos-generales\/#breadcrumb","itemListElement":[{"@type":"ListItem","position":1,"name":"Accueil","item":"https:\/\/www.pitpitpit.com\/blogue\/"},{"@type":"ListItem","position":2,"name":"Informations g\u00e9n\u00e9rales"}]},{"@type":"WebSite","@id":"https:\/\/www.pitpitpit.com\/blogue\/#website","url":"https:\/\/www.pitpitpit.com\/blogue\/","name":"Serge Beaudette Nature","description":"Explorer, D\u00e9couvrir, Conna\u00eetre, S&#039;\u00e9merveiller!","publisher":{"@id":"https:\/\/www.pitpitpit.com\/blogue\/#organization"},"potentialAction":[{"@type":"SearchAction","target":{"@type":"EntryPoint","urlTemplate":"https:\/\/www.pitpitpit.com\/blogue\/?s={search_term_string}"},"query-input":"required name=search_term_string"}],"inLanguage":"fr-FR"},{"@type":"Organization","@id":"https:\/\/www.pitpitpit.com\/blogue\/#organization","name":"Serge Beaudette Nature","url":"https:\/\/www.pitpitpit.com\/blogue\/","logo":{"@type":"ImageObject","inLanguage":"fr-FR","@id":"https:\/\/www.pitpitpit.com\/blogue\/#\/schema\/logo\/image\/","url":"https:\/\/www.pitpitpit.com\/blogue\/wp-content\/uploads\/logo-web.jpg","contentUrl":"https:\/\/www.pitpitpit.com\/blogue\/wp-content\/uploads\/logo-web.jpg","width":284,"height":172,"caption":"Serge Beaudette Nature"},"image":{"@id":"https:\/\/www.pitpitpit.com\/blogue\/#\/schema\/logo\/image\/"},"sameAs":["https:\/\/www.facebook.com\/pitpitpitoiseaux"]}]}},"_links":{"self":[{"href":"https:\/\/www.pitpitpit.com\/blogue\/wp-json\/wp\/v2\/pages\/5372"}],"collection":[{"href":"https:\/\/www.pitpitpit.com\/blogue\/wp-json\/wp\/v2\/pages"}],"about":[{"href":"https:\/\/www.pitpitpit.com\/blogue\/wp-json\/wp\/v2\/types\/page"}],"author":[{"embeddable":true,"href":"https:\/\/www.pitpitpit.com\/blogue\/wp-json\/wp\/v2\/users\/2"}],"replies":[{"embeddable":true,"href":"https:\/\/www.pitpitpit.com\/blogue\/wp-json\/wp\/v2\/comments?post=5372"}],"version-history":[{"count":60,"href":"https:\/\/www.pitpitpit.com\/blogue\/wp-json\/wp\/v2\/pages\/5372\/revisions"}],"predecessor-version":[{"id":14981,"href":"https:\/\/www.pitpitpit.com\/blogue\/wp-json\/wp\/v2\/pages\/5372\/revisions\/14981"}],"wp:attachment":[{"href":"https:\/\/www.pitpitpit.com\/blogue\/wp-json\/wp\/v2\/media?parent=5372"}],"curies":[{"name":"wp","href":"https:\/\/api.w.org\/{rel}","templated":true}]}}