{"id":775,"date":"2013-01-14T14:31:41","date_gmt":"2013-01-14T19:31:41","guid":{"rendered":"http:\/\/www.pitpitpit.com\/blogue\/?page_id=775"},"modified":"2019-05-29T15:18:16","modified_gmt":"2019-05-29T19:18:16","slug":"inscription","status":"publish","type":"page","link":"https:\/\/www.pitpitpit.com\/blogue\/inscription\/","title":{"rendered":"INFOLETTRE \u00ab\u00a0PITPIT en voyage\u00a0\u00bb"},"content":{"rendered":"<p>Pour mettre du soleil dans vos journ\u00e9es, l&rsquo;infolettre \u00ab <em>PITPIT en voyage<\/em> \u00bb vous emm\u00e8ne dans nos bagages, en voyage ornithologique \u00e0 l\u2019\u00e9tranger (gratuitement!) et vous fait parvenir les plus belles photos du jour et de courts r\u00e9cits, quelquefois en temps r\u00e9el, ou le plus souvent en diff\u00e9r\u00e9, \u00e0 notre retour. Il y a habituellement un courriel pour chaque jour de voyage, donc une quinzaine de courriels pour chaque voyage.<\/p>\n<p>Vous recevrez \u00e9galement de temps \u00e0 autre des courriels pour des activit\u00e9s telles que nos conf\u00e9rences, cours, participations au Grand D\u00e9fi du Regroupement Qu\u00e9becOiseaux, etc.<\/p>\n<p>Pour vous inscrire, entrez votre adresse de courriel dans la case \u00ab PITPIT en voyage \u00bb \u00e0 droite de cette page pour ne rien manquer et retirer le maximum de tout ce que je vous offrirai sur les oiseaux!<\/p>\n<p>Au besoin, vous pourrez g\u00e9rer vos pr\u00e9f\u00e9rences de r\u00e9ception des messages, en un seul clic!<\/p>\n<p>Voici ci-dessous un aper\u00e7u d&rsquo;un billet-type de \u00ab\u00a0PITPIT en voyage\u00a0\u00bb:<\/p>\n<hr \/>\n<p>Aujourd&rsquo;hui \u00e9tait notre dernier jour complet de voyage&#8230; Une extraordinaire aventure tire doucement \u00e0 sa fin&#8230; Voici les photos des deux derniers jours! Hier (et aujourd&rsquo;hui) \u00e9taient aussi des jours extraordinaires pour les Colibris&#8230; et aujourd&rsquo;hui \u00e9tait un jour tout \u00e0 fait SP\u00c9CIAL!!!!! &#8230;C&rsquo;\u00e9tait le jour \u00ab\u00a0Q\u00a0\u00bb&#8230; \u00ab\u00a0Q\u00a0\u00bb pour Quetzal resplendissant!!!<\/p>\n<div>\n<dl id=\"attachment_525\">\n<dt><a href=\"https:\/\/www.pitpitpit.com\/blogue\/wp-content\/uploads\/2012-12-14_16-04-34_P10308691.jpg\"><img decoding=\"async\" loading=\"lazy\" title=\"For\u00eat nuageuse d'altitude\" alt=\"For\u00eat nuageuse d'altitude\" src=\"https:\/\/www.pitpitpit.com\/blogue\/wp-content\/uploads\/2012-12-14_16-04-34_P10308691-460x537.jpg\" width=\"460\" height=\"537\" \/><\/a><\/dt>\n<dd>\u00c0 pr\u00e8s de 3000 m., nous sommes dans la for\u00eat nuageuse, l\u00e0 o\u00f9 tout est d\u00e9paysant!!!<\/dd>\n<\/dl>\n<\/div>\n<div>\n<dl id=\"attachment_519\">\n<dt><a href=\"https:\/\/www.pitpitpit.com\/blogue\/wp-content\/uploads\/2012-12-14_13-48-48_IMG_0913.jpg\"><img decoding=\"async\" loading=\"lazy\" title=\"Colibri de Rivoli\" alt=\"Colibri de Rivoli\" src=\"https:\/\/www.pitpitpit.com\/blogue\/wp-content\/uploads\/2012-12-14_13-48-48_IMG_0913-460x600.jpg\" width=\"460\" height=\"600\" \/><\/a><\/dt>\n<dd>Trois Colibris diff\u00e9rents, caract\u00e9ristiques \u00e0 la for\u00eat d&rsquo;altitude! Ici, le Colibri de Rivoli qui porte si bien son nom anglais de Magnificent hummingbird!!!<\/dd>\n<\/dl>\n<\/div>\n<div>\n<dl id=\"attachment_521\">\n<dt><a href=\"https:\/\/www.pitpitpit.com\/blogue\/wp-content\/uploads\/2012-12-14_14-12-57_IMG_1018.jpg\"><img decoding=\"async\" loading=\"lazy\" title=\"Colibri Thalassin\" alt=\"Colibri Thalassin\" src=\"https:\/\/www.pitpitpit.com\/blogue\/wp-content\/uploads\/2012-12-14_14-12-57_IMG_1018-460x302.jpg\" width=\"460\" height=\"302\" \/><\/a><\/dt>\n<dd>Le 2e, le Colibri Thalassin, Green Violet-ear (\u00e0 oreilles violettes!)&#8230; Il ouvre ses oreilles comme vous le verrez plus bas, lorsqu&rsquo;il est en interaction avec un cong\u00e9n\u00e8re!<\/dd>\n<\/dl>\n<\/div>\n<div>\n<dl id=\"attachment_522\">\n<dt><a href=\"https:\/\/www.pitpitpit.com\/blogue\/wp-content\/uploads\/2012-12-14_14-20-34_IMG_1041.jpg\"><img decoding=\"async\" loading=\"lazy\" title=\"Colibri insigne\" alt=\"Colibri insigne\" src=\"https:\/\/www.pitpitpit.com\/blogue\/wp-content\/uploads\/2012-12-14_14-20-34_IMG_1041-460x568.jpg\" width=\"460\" height=\"568\" \/><\/a><\/dt>\n<dd>&#8230;Et le semi-end\u00e9mique que nous ne pouvons voir qu&rsquo;\u00e0 un endroit, le Colibri insigne!!! C&rsquo;est un joyau qui brille de mille feux, partout sur son corps, les couleurs vives se chamaillent pour \u00eatre les plus voyantes!!!<\/dd>\n<\/dl>\n<\/div>\n<div>\n<dl id=\"attachment_520\">\n<dt><a href=\"https:\/\/www.pitpitpit.com\/blogue\/wp-content\/uploads\/2012-12-14_14-01-06_IMG_0955.jpg\"><img decoding=\"async\" loading=\"lazy\" title=\"Colibri insigne\" alt=\"Colibri insigne\" src=\"https:\/\/www.pitpitpit.com\/blogue\/wp-content\/uploads\/2012-12-14_14-01-06_IMG_0955-460x520.jpg\" width=\"460\" height=\"520\" \/><\/a><\/dt>\n<dd>Tellement impressionnant!!! Je laisse l&rsquo;image parler tellement mieux que les plus beaux mots que je pourrais trouver&#8230;<\/dd>\n<\/dl>\n<\/div>\n<div>\n<dl id=\"attachment_523\">\n<dt><a href=\"https:\/\/www.pitpitpit.com\/blogue\/wp-content\/uploads\/2012-12-14_14-56-43_IMG_1213.jpg\"><img decoding=\"async\" loading=\"lazy\" title=\"Colibri insigne\" alt=\"Colibri insigne\" src=\"https:\/\/www.pitpitpit.com\/blogue\/wp-content\/uploads\/2012-12-14_14-56-43_IMG_1213-460x354.jpg\" width=\"460\" height=\"354\" \/><\/a><\/dt>\n<dd>Observation extraordinaire! &#8230;La pluie tombe sur le toit&#8230; le toit d\u00e9go\u00fbte&#8230; et le Colibri insigne s&rsquo;installe directement sous un filet d&rsquo;eau qui d\u00e9go\u00fbte du toit pour se laver!!! Pendant 2 bonnes minutes, il s&rsquo;est montr\u00e9 sous toutes ses coutures, \u00e0 1 m\u00e8tre de nous! NE MANQUEZ PAS LE PETIT VID\u00c9O que j&rsquo;en ai fait!<\/dd>\n<\/dl>\n<\/div>\n<p>Regardez un court <a title=\"Vid\u00e9o Colibri insigne\" href=\"https:\/\/youtu.be\/wXuwuv0JP30\" target=\"_blank\">vid\u00e9o qui montre un Colibri insigne<\/a> (semi-end\u00e9mique rare)&#8230; puis voyez-le qui se nettoie sous la pluie&#8230;!<\/p>\n<div>\n<dl id=\"attachment_526\">\n<dt><a href=\"https:\/\/www.pitpitpit.com\/blogue\/wp-content\/uploads\/2012-12-14_16-58-41_P1030889.jpg\"><img decoding=\"async\" loading=\"lazy\" title=\"Lys\" alt=\"Lys\" src=\"https:\/\/www.pitpitpit.com\/blogue\/wp-content\/uploads\/2012-12-14_16-58-41_P1030889-460x469.jpg\" width=\"460\" height=\"469\" \/><\/a><\/dt>\n<dd>Le Costa Rica continue de me montrer sa g\u00e9n\u00e9rosit\u00e9 et toute la grandeur de l&rsquo;amour qui l&rsquo;habite! Les arbres et les fleurs nous accueillent sans nous juger&#8230; malgr\u00e9 ce que nous lui faisons parfois subir&#8230; J&rsquo;\u00e9prouve \u00e9norm\u00e9ment de gratitude en nature pour tout ce qu&rsquo;elle fait pour nous: nous nourrit, filtre notre air, cr\u00e9e de l&rsquo;oxyg\u00e8ne, rafra\u00eechit le climat, nous prot\u00e8ge, nous donne des mat\u00e9riaux, nous soigne,&#8230; Merci \u00e0 la nature et tous ses vivants de nous \u00ab\u00a0supporter\u00a0\u00bb (dans les deux sens!)<\/dd>\n<\/dl>\n<\/div>\n<div>\n<dl id=\"attachment_527\">\n<dt><a href=\"https:\/\/www.pitpitpit.com\/blogue\/wp-content\/uploads\/2012-12-15_13-13-03_IMG_1335.jpg\"><img decoding=\"async\" loading=\"lazy\" title=\"Colibri Thalassin\" alt=\"Colibri Thalassin\" src=\"https:\/\/www.pitpitpit.com\/blogue\/wp-content\/uploads\/2012-12-15_13-13-03_IMG_1335-460x404.jpg\" width=\"460\" height=\"404\" \/><\/a><\/dt>\n<dd>Je me suis pratiqu\u00e9 et amus\u00e9 \u00e0 photographier en vol des Colibris Thalassins, de pr\u00e9f\u00e9rence en interactions avec d&rsquo;autres! &#8230;\u00c0 80 battements d&rsquo;ailes par seconde, c&rsquo;est un beau d\u00e9fi! Voyez ses oreilles violettes qui s&rsquo;ouvrent \u00e0 ce moment!<\/dd>\n<\/dl>\n<\/div>\n<div>\n<dl id=\"attachment_529\">\n<dt><a href=\"https:\/\/www.pitpitpit.com\/blogue\/wp-content\/uploads\/2012-12-15_14-42-18_IMG_1415.jpg\"><img decoding=\"async\" loading=\"lazy\" title=\"Colibri Thalassin\" alt=\"Colibri Thalassin\" src=\"https:\/\/www.pitpitpit.com\/blogue\/wp-content\/uploads\/2012-12-15_14-42-18_IMG_1415-460x448.jpg\" width=\"460\" height=\"448\" \/><\/a><\/dt>\n<dd>Des couleurs merveilleuses&#8230;!!! Et sa queue, seulement lorsqu&rsquo;elle est ouverte, montre un beau bleu profond!<\/dd>\n<\/dl>\n<\/div>\n<div>\n<dl id=\"attachment_530\">\n<dt><a href=\"https:\/\/www.pitpitpit.com\/blogue\/wp-content\/uploads\/2012-12-15_14-45-34_IMG_1433.jpg\"><img decoding=\"async\" loading=\"lazy\" title=\"Colibri Thalassin\" alt=\"Colibri Thalassin\" src=\"https:\/\/www.pitpitpit.com\/blogue\/wp-content\/uploads\/2012-12-15_14-45-34_IMG_1433-460x312.jpg\" width=\"460\" height=\"312\" \/><\/a><\/dt>\n<dd>Une petite derni\u00e8re des Colibris Thalassin&#8230; en duel!!! Tr\u00e8s rapide mais pas moins impressionnant pour autant!<\/dd>\n<\/dl>\n<\/div>\n<div>\n<dl id=\"attachment_532\">\n<dt><a href=\"https:\/\/www.pitpitpit.com\/blogue\/wp-content\/uploads\/2012-12-15_16-05-37_P1030956.jpg\"><img decoding=\"async\" loading=\"lazy\" title=\"Rivi\u00e8re Savegre\" alt=\"Rivi\u00e8re Savegre\" src=\"https:\/\/www.pitpitpit.com\/blogue\/wp-content\/uploads\/2012-12-15_16-05-37_P1030956-460x624.jpg\" width=\"460\" height=\"624\" \/><\/a><\/dt>\n<dd>Sur les terrains du Lodge, ce paradis! Profond, dans une vall\u00e9e en altitude, une rivi\u00e8re \u00e0 truites d&rsquo;une puret\u00e9 sans pareille&#8230; un air frais et pur&#8230; et un paysage magique!<\/dd>\n<\/dl>\n<\/div>\n<div>\n<dl id=\"attachment_533\">\n<dt><a href=\"https:\/\/www.pitpitpit.com\/blogue\/wp-content\/uploads\/2012-12-15_16-06-22_P1030959.jpg\"><img decoding=\"async\" loading=\"lazy\" title=\"For\u00eat nuageuse\" alt=\"For\u00eat nuageuse\" src=\"https:\/\/www.pitpitpit.com\/blogue\/wp-content\/uploads\/2012-12-15_16-06-22_P1030959-460x296.jpg\" width=\"460\" height=\"296\" \/><\/a><\/dt>\n<dd>Et que dire de la vieille for\u00eat de vieux ch\u00eanes remplis de mousses et de verdure qui ceinture le Lodge et toute la vall\u00e9e&#8230; C&rsquo;est \u00e0 peine croyable comme ambiance! J&rsquo;esp\u00e8re que vous la ressentez un peu?!<\/dd>\n<\/dl>\n<\/div>\n<div>\n<dl id=\"attachment_531\">\n<dt><a href=\"https:\/\/www.pitpitpit.com\/blogue\/wp-content\/uploads\/2012-12-15_15-29-37_IMG_1508.jpg\"><img decoding=\"async\" loading=\"lazy\" title=\"Quetzal resplendissant\" alt=\"Quetzal resplendissant\" src=\"https:\/\/www.pitpitpit.com\/blogue\/wp-content\/uploads\/2012-12-15_15-29-37_IMG_1508-460x626.jpg\" width=\"460\" height=\"626\" \/><\/a><\/dt>\n<dd>Ce matin, au lever du soleil, nous avons vu 2 Quetzals resplendissants: un jeune m\u00e2le (sans sa longue queue de 1 m\u00e8tre) et une femelle&#8230; Nous les avons vus bri\u00e8vement, \u00e0 contre-jour, \u00e0 travers les branches&#8230; Une observation qui laissait vraiment sur la faim&#8230; Nous avions attendu pr\u00e8s de 2h30 sans que la situation s&rsquo;am\u00e9liore&#8230; Quelques braves sont retourn\u00e9s, en toute fin de journ\u00e9e&#8230; et ont \u00e9t\u00e9 ch\u00e8rement r\u00e9compens\u00e9s!!! Un beau m\u00e2le, tout d\u00e9gag\u00e9, en pleine lumi\u00e8re nous a gratifi\u00e9 de sa majestueuse pr\u00e9sence!!! MERCI cher AMI!!! &#8230;C&rsquo;\u00e9tait le bonheur absolu!!!<\/dd>\n<\/dl>\n<\/div>\n<div>\n<dl id=\"attachment_528\">\n<dt><a href=\"https:\/\/www.pitpitpit.com\/blogue\/wp-content\/uploads\/2012-12-15_13-22-14_P1030921.jpg\"><img decoding=\"async\" loading=\"lazy\" title=\"Groupe Costa Rica (d\u00e9cembre 2012) \" alt=\"Groupe Costa Rica (d\u00e9cembre 2012)\" src=\"https:\/\/www.pitpitpit.com\/blogue\/wp-content\/uploads\/2012-12-15_13-22-14_P1030921-460x318.jpg\" width=\"460\" height=\"318\" \/><\/a><\/dt>\n<dd>En marche vers les oiseaux, dans la for\u00eat nuageuse&#8230; Des souvenirs imp\u00e9rissables plein la t\u00eate&#8230; des observations singuli\u00e8res&#8230; des cadeaux du ciel g\u00e9n\u00e9reux, gratuits, providentiels et abondants!!! &#8230;412 esp\u00e8ces en date d&rsquo;aujourd&rsquo;hui (pr\u00e8s de la moiti\u00e9 des esp\u00e8ces du pays!) Demain, nous repartirons le coeur rempli!!!<\/dd>\n<\/dl>\n<\/div>\n<p>&nbsp;<\/p>\n","protected":false},"excerpt":{"rendered":"<p>Pour mettre du soleil dans vos journ\u00e9es, l&rsquo;infolettre \u00ab PITPIT en voyage \u00bb vous emm\u00e8ne dans nos bagages, en voyage ornithologique \u00e0 l\u2019\u00e9tranger (gratuitement!) et vous fait parvenir les plus belles photos du jour et de courts r\u00e9cits, quelquefois en temps r\u00e9el, ou le plus souvent en diff\u00e9r\u00e9, \u00e0 notre retour. Il y a habituellement [&hellip;]<\/p>\n","protected":false},"author":2,"featured_media":0,"parent":0,"menu_order":0,"comment_status":"closed","ping_status":"closed","template":"","meta":[],"yoast_head":"<!-- This site is optimized with the Yoast SEO plugin v19.13 - https:\/\/yoast.com\/wordpress\/plugins\/seo\/ -->\n<title>INFOLETTRE &quot;PITPIT en voyage&quot; - Voyages ornithologiques Serge Beaudette<\/title>\n<meta name=\"robots\" content=\"index, follow, max-snippet:-1, max-image-preview:large, max-video-preview:-1\" \/>\n<link rel=\"canonical\" href=\"https:\/\/www.pitpitpit.com\/blogue\/inscription\/\" \/>\n<meta property=\"og:locale\" content=\"fr_FR\" \/>\n<meta property=\"og:type\" content=\"article\" \/>\n<meta property=\"og:title\" content=\"INFOLETTRE &quot;PITPIT en voyage&quot; - Voyages ornithologiques Serge Beaudette\" \/>\n<meta property=\"og:description\" content=\"Pour mettre du soleil dans vos journ\u00e9es, l&rsquo;infolettre \u00ab PITPIT en voyage \u00bb vous emm\u00e8ne dans nos bagages, en voyage ornithologique \u00e0 l\u2019\u00e9tranger (gratuitement!) et vous fait parvenir les plus belles photos du jour et de courts r\u00e9cits, quelquefois en temps r\u00e9el, ou le plus souvent en diff\u00e9r\u00e9, \u00e0 notre retour. Il y a habituellement [&hellip;]\" \/>\n<meta property=\"og:url\" content=\"https:\/\/www.pitpitpit.com\/blogue\/inscription\/\" \/>\n<meta property=\"og:site_name\" content=\"Voyages ornithologiques Serge Beaudette\" \/>\n<meta property=\"article:publisher\" content=\"https:\/\/www.facebook.com\/pitpitpitoiseaux\" \/>\n<meta property=\"article:modified_time\" content=\"2019-05-29T19:18:16+00:00\" \/>\n<meta property=\"og:image\" content=\"http:\/\/www.pitpitpit.com\/blogue\/wp-content\/uploads\/2012-12-14_16-04-34_P10308691-460x537.jpg\" \/>\n<meta name=\"twitter:card\" content=\"summary_large_image\" \/>\n<meta name=\"twitter:label1\" content=\"Dur\u00e9e de lecture estim\u00e9e\" \/>\n\t<meta name=\"twitter:data1\" content=\"4 minutes\" \/>\n<script type=\"application\/ld+json\" class=\"yoast-schema-graph\">{\"@context\":\"https:\/\/schema.org\",\"@graph\":[{\"@type\":\"WebPage\",\"@id\":\"https:\/\/www.pitpitpit.com\/blogue\/inscription\/\",\"url\":\"https:\/\/www.pitpitpit.com\/blogue\/inscription\/\",\"name\":\"INFOLETTRE \\\"PITPIT en voyage\\\" - Voyages ornithologiques Serge Beaudette\",\"isPartOf\":{\"@id\":\"https:\/\/www.pitpitpit.com\/blogue\/#website\"},\"datePublished\":\"2013-01-14T19:31:41+00:00\",\"dateModified\":\"2019-05-29T19:18:16+00:00\",\"breadcrumb\":{\"@id\":\"https:\/\/www.pitpitpit.com\/blogue\/inscription\/#breadcrumb\"},\"inLanguage\":\"fr-FR\",\"potentialAction\":[{\"@type\":\"ReadAction\",\"target\":[\"https:\/\/www.pitpitpit.com\/blogue\/inscription\/\"]}]},{\"@type\":\"BreadcrumbList\",\"@id\":\"https:\/\/www.pitpitpit.com\/blogue\/inscription\/#breadcrumb\",\"itemListElement\":[{\"@type\":\"ListItem\",\"position\":1,\"name\":\"Accueil\",\"item\":\"https:\/\/www.pitpitpit.com\/blogue\/\"},{\"@type\":\"ListItem\",\"position\":2,\"name\":\"INFOLETTRE \u00ab\u00a0PITPIT en voyage\u00a0\u00bb\"}]},{\"@type\":\"WebSite\",\"@id\":\"https:\/\/www.pitpitpit.com\/blogue\/#website\",\"url\":\"https:\/\/www.pitpitpit.com\/blogue\/\",\"name\":\"Serge Beaudette Nature\",\"description\":\"Explorer, D\u00e9couvrir, Conna\u00eetre, S&#039;\u00e9merveiller!\",\"publisher\":{\"@id\":\"https:\/\/www.pitpitpit.com\/blogue\/#organization\"},\"potentialAction\":[{\"@type\":\"SearchAction\",\"target\":{\"@type\":\"EntryPoint\",\"urlTemplate\":\"https:\/\/www.pitpitpit.com\/blogue\/?s={search_term_string}\"},\"query-input\":\"required name=search_term_string\"}],\"inLanguage\":\"fr-FR\"},{\"@type\":\"Organization\",\"@id\":\"https:\/\/www.pitpitpit.com\/blogue\/#organization\",\"name\":\"Serge Beaudette Nature\",\"url\":\"https:\/\/www.pitpitpit.com\/blogue\/\",\"logo\":{\"@type\":\"ImageObject\",\"inLanguage\":\"fr-FR\",\"@id\":\"https:\/\/www.pitpitpit.com\/blogue\/#\/schema\/logo\/image\/\",\"url\":\"https:\/\/www.pitpitpit.com\/blogue\/wp-content\/uploads\/logo-web.jpg\",\"contentUrl\":\"https:\/\/www.pitpitpit.com\/blogue\/wp-content\/uploads\/logo-web.jpg\",\"width\":284,\"height\":172,\"caption\":\"Serge Beaudette Nature\"},\"image\":{\"@id\":\"https:\/\/www.pitpitpit.com\/blogue\/#\/schema\/logo\/image\/\"},\"sameAs\":[\"https:\/\/www.facebook.com\/pitpitpitoiseaux\"]}]}<\/script>\n<!-- \/ Yoast SEO plugin. -->","yoast_head_json":{"title":"INFOLETTRE \"PITPIT en voyage\" - Voyages ornithologiques Serge Beaudette","robots":{"index":"index","follow":"follow","max-snippet":"max-snippet:-1","max-image-preview":"max-image-preview:large","max-video-preview":"max-video-preview:-1"},"canonical":"https:\/\/www.pitpitpit.com\/blogue\/inscription\/","og_locale":"fr_FR","og_type":"article","og_title":"INFOLETTRE \"PITPIT en voyage\" - Voyages ornithologiques Serge Beaudette","og_description":"Pour mettre du soleil dans vos journ\u00e9es, l&rsquo;infolettre \u00ab PITPIT en voyage \u00bb vous emm\u00e8ne dans nos bagages, en voyage ornithologique \u00e0 l\u2019\u00e9tranger (gratuitement!) et vous fait parvenir les plus belles photos du jour et de courts r\u00e9cits, quelquefois en temps r\u00e9el, ou le plus souvent en diff\u00e9r\u00e9, \u00e0 notre retour. Il y a habituellement [&hellip;]","og_url":"https:\/\/www.pitpitpit.com\/blogue\/inscription\/","og_site_name":"Voyages ornithologiques Serge Beaudette","article_publisher":"https:\/\/www.facebook.com\/pitpitpitoiseaux","article_modified_time":"2019-05-29T19:18:16+00:00","og_image":[{"url":"http:\/\/www.pitpitpit.com\/blogue\/wp-content\/uploads\/2012-12-14_16-04-34_P10308691-460x537.jpg"}],"twitter_card":"summary_large_image","twitter_misc":{"Dur\u00e9e de lecture estim\u00e9e":"4 minutes"},"schema":{"@context":"https:\/\/schema.org","@graph":[{"@type":"WebPage","@id":"https:\/\/www.pitpitpit.com\/blogue\/inscription\/","url":"https:\/\/www.pitpitpit.com\/blogue\/inscription\/","name":"INFOLETTRE \"PITPIT en voyage\" - Voyages ornithologiques Serge Beaudette","isPartOf":{"@id":"https:\/\/www.pitpitpit.com\/blogue\/#website"},"datePublished":"2013-01-14T19:31:41+00:00","dateModified":"2019-05-29T19:18:16+00:00","breadcrumb":{"@id":"https:\/\/www.pitpitpit.com\/blogue\/inscription\/#breadcrumb"},"inLanguage":"fr-FR","potentialAction":[{"@type":"ReadAction","target":["https:\/\/www.pitpitpit.com\/blogue\/inscription\/"]}]},{"@type":"BreadcrumbList","@id":"https:\/\/www.pitpitpit.com\/blogue\/inscription\/#breadcrumb","itemListElement":[{"@type":"ListItem","position":1,"name":"Accueil","item":"https:\/\/www.pitpitpit.com\/blogue\/"},{"@type":"ListItem","position":2,"name":"INFOLETTRE \u00ab\u00a0PITPIT en voyage\u00a0\u00bb"}]},{"@type":"WebSite","@id":"https:\/\/www.pitpitpit.com\/blogue\/#website","url":"https:\/\/www.pitpitpit.com\/blogue\/","name":"Serge Beaudette Nature","description":"Explorer, D\u00e9couvrir, Conna\u00eetre, S&#039;\u00e9merveiller!","publisher":{"@id":"https:\/\/www.pitpitpit.com\/blogue\/#organization"},"potentialAction":[{"@type":"SearchAction","target":{"@type":"EntryPoint","urlTemplate":"https:\/\/www.pitpitpit.com\/blogue\/?s={search_term_string}"},"query-input":"required name=search_term_string"}],"inLanguage":"fr-FR"},{"@type":"Organization","@id":"https:\/\/www.pitpitpit.com\/blogue\/#organization","name":"Serge Beaudette Nature","url":"https:\/\/www.pitpitpit.com\/blogue\/","logo":{"@type":"ImageObject","inLanguage":"fr-FR","@id":"https:\/\/www.pitpitpit.com\/blogue\/#\/schema\/logo\/image\/","url":"https:\/\/www.pitpitpit.com\/blogue\/wp-content\/uploads\/logo-web.jpg","contentUrl":"https:\/\/www.pitpitpit.com\/blogue\/wp-content\/uploads\/logo-web.jpg","width":284,"height":172,"caption":"Serge Beaudette Nature"},"image":{"@id":"https:\/\/www.pitpitpit.com\/blogue\/#\/schema\/logo\/image\/"},"sameAs":["https:\/\/www.facebook.com\/pitpitpitoiseaux"]}]}},"_links":{"self":[{"href":"https:\/\/www.pitpitpit.com\/blogue\/wp-json\/wp\/v2\/pages\/775"}],"collection":[{"href":"https:\/\/www.pitpitpit.com\/blogue\/wp-json\/wp\/v2\/pages"}],"about":[{"href":"https:\/\/www.pitpitpit.com\/blogue\/wp-json\/wp\/v2\/types\/page"}],"author":[{"embeddable":true,"href":"https:\/\/www.pitpitpit.com\/blogue\/wp-json\/wp\/v2\/users\/2"}],"replies":[{"embeddable":true,"href":"https:\/\/www.pitpitpit.com\/blogue\/wp-json\/wp\/v2\/comments?post=775"}],"version-history":[{"count":24,"href":"https:\/\/www.pitpitpit.com\/blogue\/wp-json\/wp\/v2\/pages\/775\/revisions"}],"predecessor-version":[{"id":777,"href":"https:\/\/www.pitpitpit.com\/blogue\/wp-json\/wp\/v2\/pages\/775\/revisions\/777"}],"wp:attachment":[{"href":"https:\/\/www.pitpitpit.com\/blogue\/wp-json\/wp\/v2\/media?parent=775"}],"curies":[{"name":"wp","href":"https:\/\/api.w.org\/{rel}","templated":true}]}}