{"id":8660,"date":"2016-12-19T15:45:39","date_gmt":"2016-12-19T20:45:39","guid":{"rendered":"http:\/\/www.pitpitpit.com\/blogue\/?page_id=8660"},"modified":"2025-02-09T18:05:17","modified_gmt":"2025-02-09T23:05:17","slug":"pointe-pelee-infos","status":"publish","type":"page","link":"https:\/\/www.pitpitpit.com\/blogue\/pointe-pelee-infos\/","title":{"rendered":"Pointe-Pel\u00e9e &#8211; Informations suppl\u00e9mentaires"},"content":{"rendered":"<p>Voici quelques informations suppl\u00e9mentaires sur le covoiturage et les repas.<\/p>\n<h1>Covoiturage<\/h1>\n<p>Nous avons choisi la formule \u00ab\u00a0covoiturage\u00a0\u00bb pour ce voyage, parce qu&rsquo;elle offre de nombreux avantages par rapport \u00e0 un transport commun pour tous. Parmi ces avantages :<\/p>\n<ul>\n<li>Offre beaucoup de flexibilit\u00e9 et la latitude, qui permet de favoriser le respect du rythme parfois diff\u00e9rent de tous les participants durant le voyage <em>(possibilit\u00e9s de se reposer \u00e0 l&rsquo;h\u00f4tel et de rejoindre le groupe plus tard, ou de quitter plus t\u00f4t),<\/em><\/li>\n<li>R\u00e9duit de fa\u00e7on significative les co\u00fbts du voyage, avec une exp\u00e9rience augment\u00e9e!<\/li>\n<\/ul>\n<p>Et nous encourageons et facilitons la formation des petites \u00e9quipes (3-4 personnes) qui voyageront dans une m\u00eame voiture :<\/p>\n<ul>\n<li>pour accommoder les participants qui n&rsquo;ont pas de voiture,<\/li>\n<li>pour des consid\u00e9rations environnementales. <em>(Nous sommes l\u00e0 pour les oiseaux que nous aimons tant et nous savons que le r\u00e9chauffement climatique leur cause un tort significatif. C&rsquo;est donc la moindre des choses de faire un petit effort pour voyager \u00e0 4 personnes par voiture une fois rendus sur place, alors que nous n&rsquo;avons que de courts d\u00e9placements \u00e0 faire),<\/em><\/li>\n<li>pour permettre la gratuit\u00e9 des d\u00e9penses de transport aux personnes qui proposeront g\u00e9n\u00e9reusement leur voiture,<\/li>\n<li>parce que sur place, nous nous rendront d&rsquo;un site \u00e0 l&rsquo;autre en \u00ab\u00a0cort\u00e8ge\u00a0\u00bb, et que les places de stationnement sont souvent limit\u00e9es, moins nous seront de voitures <em>(sans compromis sur un confort certain)<\/em>, plus ce sera simple et fluide.<\/li>\n<\/ul>\n<p><strong>En tant qu&rsquo;organisateurs, notre r\u00f4le dans le covoiturage est le suivant:<\/strong><\/p>\n<ul>\n<li>recueillir vos pr\u00e9f\u00e9rences et vos offres <em>(vous avez ou non une voiture, vous acceptez ou non de conduire, vous indiquez le nombre possible de passagers, etc.),<\/em><\/li>\n<li>mettre en lien les personnes pouvant voyager ensemble,<\/li>\n<li>voir \u00e0 ce que tout le monde puisse avoir un transport,<\/li>\n<li>nous facilitons les \u00e9changes mais vous demeurez responsable de vos ententes et de trouver un transport.<\/li>\n<\/ul>\n<p>Le co\u00fbt total des d\u00e9placements pour tout le voyage est estim\u00e9 \u00e0 un montant maximum* de <strong>130$<\/strong> par passager :<\/p>\n<ul>\n<li>kilom\u00e9trage calcul\u00e9 pour un voyageur qui part de Montr\u00e9al <em>(montant l\u00e9g\u00e8rement ajust\u00e9 si vous venez de plus loin),<\/em><\/li>\n<li>d\u00e9placement \u00e0 4 personnes par voiture <em>(partage des frais d&rsquo;essence par les 3 passagers. Le propri\u00e9taire de la voiture ne paie pas, ce qui permet de couvrir une partie des co\u00fbts de l&rsquo;utilisation de leur voiture),<\/em><\/li>\n<li>montant calcul\u00e9 pour une voiture moyenne,<\/li>\n<li>\u00e9valuation faite \u00e0 partir d&rsquo;un co\u00fbt d&rsquo;essence \u00e0 1,90$\/litre<\/li>\n<\/ul>\n<p>C&rsquo;est un montant \u00ab\u00a0maximum\u00a0\u00bb car nous avons volontairement sur-\u00e9valu\u00e9 le nombre de kilom\u00e9trages des d\u00e9placements pour nos calculs <em>(pour \u00e9viter les mauvaises surprises de d\u00e9penses plus hautes que pr\u00e9vues)<\/em><br \/>\n<em>(<span style=\"font-size: 1rem;\">Pour nos calculs, nous avons compt\u00e9 l&rsquo;aller-retour Montr\u00e9al\/Pointe-Pel\u00e9e (1780 km), et ajout\u00e9 90 km\/jour sur place, ce qui est assur\u00e9ment plus que ce que nous ferons).<\/span><\/em><\/p>\n<p><span style=\"color: #ff0000;\">\u00c0 NOTER que la r\u00e9alisation m\u00eame de ce voyage repose sur la possibilit\u00e9 pour tous les voyageurs d&rsquo;avoir du transport.<\/span> Votre <strong>flexibilit\u00e9<\/strong> et votre capacit\u00e9 \u00e0 faire de petits <strong>compromis<\/strong> pour rendre possible votre propre d\u00e9placement <strong>et celui des autres voyageurs<\/strong> seront consid\u00e9r\u00e9es au moment de former le groupe. Merci \u00e0 l&rsquo;avance pour les arrangements que vous serez en mesure de faire pour que cet aspect du voyage se passe bien!<\/p>\n<hr \/>\n<h1>Repas<\/h1>\n<ul>\n<li><span style=\"text-decoration: underline;\">D\u00e9jeuners:<\/span> Tous les d\u00e9jeuners sont inclus \u00e0 l&rsquo;h\u00f4tel<br \/>\n<em><em>(d\u00e9jeuner continental avec beaucoup de vari\u00e9t\u00e9).<\/em><\/em><\/li>\n<li><span style=\"text-decoration: underline;\">D\u00eeners:<\/span> Chaque chambre poss\u00e8de son r\u00e9frig\u00e9rateur et petit cong\u00e9lateur pour y conserver les lunchs que vous pr\u00e9voirez pour les d\u00eeners. Des super march\u00e9s sont situ\u00e9es \u00e0 proximit\u00e9 des h\u00f4tels.<br \/>\n<span style=\"color: #008000;\"><strong><br \/>\nBonne nouvelle!<\/strong><\/span> Votre guide offrira aussi une formule originale et \u00e0 tr\u00e8s bas prix <em>(tr\u00e8s appr\u00e9ci\u00e9e des voyageurs des \u00e9ditions pass\u00e9es!)<\/em> pour les personnes voulant \u00eatre all\u00e9g\u00e9es de cette t\u00e2che d&rsquo;avoir \u00e0 se pr\u00e9voir des lunchs! <em><em>(Informations compl\u00e8tes lors de la rencontre pr\u00e9-d\u00e9part)<\/p>\n<p><\/em><\/em><\/li>\n<li><span style=\"text-decoration: underline;\">Souper:<\/span> Selon la volont\u00e9 de chacun, il est possible de:<br \/>\n-manger au restaurant <em>(de tr\u00e8s nombreuses options, pour tous les go\u00fbts!)<\/em><br \/>\n-ou de manger dans la chambre de l&rsquo;h\u00f4tel, ou en pique-nique en nature<br \/>\n<em>(lunch, take out, livraison,&#8230;)<\/em><\/li>\n<\/ul>\n","protected":false},"excerpt":{"rendered":"<p>Voici quelques informations suppl\u00e9mentaires sur le covoiturage et les repas. Covoiturage Nous avons choisi la formule \u00ab\u00a0covoiturage\u00a0\u00bb pour ce voyage, parce qu&rsquo;elle offre de nombreux avantages par rapport \u00e0 un transport commun pour tous. Parmi ces avantages : Offre beaucoup de flexibilit\u00e9 et la latitude, qui permet de favoriser le respect du rythme parfois diff\u00e9rent [&hellip;]<\/p>\n","protected":false},"author":2,"featured_media":0,"parent":0,"menu_order":0,"comment_status":"closed","ping_status":"closed","template":"page-templates\/full-width.php","meta":[],"yoast_head":"<!-- This site is optimized with the Yoast SEO plugin v19.13 - https:\/\/yoast.com\/wordpress\/plugins\/seo\/ -->\n<title>Pointe-Pel\u00e9e - Informations suppl\u00e9mentaires - Voyages ornithologiques Serge Beaudette<\/title>\n<meta name=\"robots\" content=\"index, follow, max-snippet:-1, max-image-preview:large, max-video-preview:-1\" \/>\n<link rel=\"canonical\" href=\"https:\/\/www.pitpitpit.com\/blogue\/pointe-pelee-infos\/\" \/>\n<meta property=\"og:locale\" content=\"fr_FR\" \/>\n<meta property=\"og:type\" content=\"article\" \/>\n<meta property=\"og:title\" content=\"Pointe-Pel\u00e9e - Informations suppl\u00e9mentaires - Voyages ornithologiques Serge Beaudette\" \/>\n<meta property=\"og:description\" content=\"Voici quelques informations suppl\u00e9mentaires sur le covoiturage et les repas. Covoiturage Nous avons choisi la formule \u00ab\u00a0covoiturage\u00a0\u00bb pour ce voyage, parce qu&rsquo;elle offre de nombreux avantages par rapport \u00e0 un transport commun pour tous. Parmi ces avantages : Offre beaucoup de flexibilit\u00e9 et la latitude, qui permet de favoriser le respect du rythme parfois diff\u00e9rent [&hellip;]\" \/>\n<meta property=\"og:url\" content=\"https:\/\/www.pitpitpit.com\/blogue\/pointe-pelee-infos\/\" \/>\n<meta property=\"og:site_name\" content=\"Voyages ornithologiques Serge Beaudette\" \/>\n<meta property=\"article:publisher\" content=\"https:\/\/www.facebook.com\/pitpitpitoiseaux\" \/>\n<meta property=\"article:modified_time\" content=\"2025-02-09T23:05:17+00:00\" \/>\n<meta name=\"twitter:card\" content=\"summary_large_image\" \/>\n<meta name=\"twitter:label1\" content=\"Dur\u00e9e de lecture estim\u00e9e\" \/>\n\t<meta name=\"twitter:data1\" content=\"4 minutes\" \/>\n<script type=\"application\/ld+json\" class=\"yoast-schema-graph\">{\"@context\":\"https:\/\/schema.org\",\"@graph\":[{\"@type\":\"WebPage\",\"@id\":\"https:\/\/www.pitpitpit.com\/blogue\/pointe-pelee-infos\/\",\"url\":\"https:\/\/www.pitpitpit.com\/blogue\/pointe-pelee-infos\/\",\"name\":\"Pointe-Pel\u00e9e - Informations suppl\u00e9mentaires - Voyages ornithologiques Serge Beaudette\",\"isPartOf\":{\"@id\":\"https:\/\/www.pitpitpit.com\/blogue\/#website\"},\"datePublished\":\"2016-12-19T20:45:39+00:00\",\"dateModified\":\"2025-02-09T23:05:17+00:00\",\"breadcrumb\":{\"@id\":\"https:\/\/www.pitpitpit.com\/blogue\/pointe-pelee-infos\/#breadcrumb\"},\"inLanguage\":\"fr-FR\",\"potentialAction\":[{\"@type\":\"ReadAction\",\"target\":[\"https:\/\/www.pitpitpit.com\/blogue\/pointe-pelee-infos\/\"]}]},{\"@type\":\"BreadcrumbList\",\"@id\":\"https:\/\/www.pitpitpit.com\/blogue\/pointe-pelee-infos\/#breadcrumb\",\"itemListElement\":[{\"@type\":\"ListItem\",\"position\":1,\"name\":\"Accueil\",\"item\":\"https:\/\/www.pitpitpit.com\/blogue\/\"},{\"@type\":\"ListItem\",\"position\":2,\"name\":\"Pointe-Pel\u00e9e &#8211; Informations suppl\u00e9mentaires\"}]},{\"@type\":\"WebSite\",\"@id\":\"https:\/\/www.pitpitpit.com\/blogue\/#website\",\"url\":\"https:\/\/www.pitpitpit.com\/blogue\/\",\"name\":\"Serge Beaudette Nature\",\"description\":\"Explorer, D\u00e9couvrir, Conna\u00eetre, S&#039;\u00e9merveiller!\",\"publisher\":{\"@id\":\"https:\/\/www.pitpitpit.com\/blogue\/#organization\"},\"potentialAction\":[{\"@type\":\"SearchAction\",\"target\":{\"@type\":\"EntryPoint\",\"urlTemplate\":\"https:\/\/www.pitpitpit.com\/blogue\/?s={search_term_string}\"},\"query-input\":\"required name=search_term_string\"}],\"inLanguage\":\"fr-FR\"},{\"@type\":\"Organization\",\"@id\":\"https:\/\/www.pitpitpit.com\/blogue\/#organization\",\"name\":\"Serge Beaudette Nature\",\"url\":\"https:\/\/www.pitpitpit.com\/blogue\/\",\"logo\":{\"@type\":\"ImageObject\",\"inLanguage\":\"fr-FR\",\"@id\":\"https:\/\/www.pitpitpit.com\/blogue\/#\/schema\/logo\/image\/\",\"url\":\"https:\/\/www.pitpitpit.com\/blogue\/wp-content\/uploads\/logo-web.jpg\",\"contentUrl\":\"https:\/\/www.pitpitpit.com\/blogue\/wp-content\/uploads\/logo-web.jpg\",\"width\":284,\"height\":172,\"caption\":\"Serge Beaudette Nature\"},\"image\":{\"@id\":\"https:\/\/www.pitpitpit.com\/blogue\/#\/schema\/logo\/image\/\"},\"sameAs\":[\"https:\/\/www.facebook.com\/pitpitpitoiseaux\"]}]}<\/script>\n<!-- \/ Yoast SEO plugin. -->","yoast_head_json":{"title":"Pointe-Pel\u00e9e - Informations suppl\u00e9mentaires - Voyages ornithologiques Serge Beaudette","robots":{"index":"index","follow":"follow","max-snippet":"max-snippet:-1","max-image-preview":"max-image-preview:large","max-video-preview":"max-video-preview:-1"},"canonical":"https:\/\/www.pitpitpit.com\/blogue\/pointe-pelee-infos\/","og_locale":"fr_FR","og_type":"article","og_title":"Pointe-Pel\u00e9e - Informations suppl\u00e9mentaires - Voyages ornithologiques Serge Beaudette","og_description":"Voici quelques informations suppl\u00e9mentaires sur le covoiturage et les repas. Covoiturage Nous avons choisi la formule \u00ab\u00a0covoiturage\u00a0\u00bb pour ce voyage, parce qu&rsquo;elle offre de nombreux avantages par rapport \u00e0 un transport commun pour tous. Parmi ces avantages : Offre beaucoup de flexibilit\u00e9 et la latitude, qui permet de favoriser le respect du rythme parfois diff\u00e9rent [&hellip;]","og_url":"https:\/\/www.pitpitpit.com\/blogue\/pointe-pelee-infos\/","og_site_name":"Voyages ornithologiques Serge Beaudette","article_publisher":"https:\/\/www.facebook.com\/pitpitpitoiseaux","article_modified_time":"2025-02-09T23:05:17+00:00","twitter_card":"summary_large_image","twitter_misc":{"Dur\u00e9e de lecture estim\u00e9e":"4 minutes"},"schema":{"@context":"https:\/\/schema.org","@graph":[{"@type":"WebPage","@id":"https:\/\/www.pitpitpit.com\/blogue\/pointe-pelee-infos\/","url":"https:\/\/www.pitpitpit.com\/blogue\/pointe-pelee-infos\/","name":"Pointe-Pel\u00e9e - Informations suppl\u00e9mentaires - Voyages ornithologiques Serge Beaudette","isPartOf":{"@id":"https:\/\/www.pitpitpit.com\/blogue\/#website"},"datePublished":"2016-12-19T20:45:39+00:00","dateModified":"2025-02-09T23:05:17+00:00","breadcrumb":{"@id":"https:\/\/www.pitpitpit.com\/blogue\/pointe-pelee-infos\/#breadcrumb"},"inLanguage":"fr-FR","potentialAction":[{"@type":"ReadAction","target":["https:\/\/www.pitpitpit.com\/blogue\/pointe-pelee-infos\/"]}]},{"@type":"BreadcrumbList","@id":"https:\/\/www.pitpitpit.com\/blogue\/pointe-pelee-infos\/#breadcrumb","itemListElement":[{"@type":"ListItem","position":1,"name":"Accueil","item":"https:\/\/www.pitpitpit.com\/blogue\/"},{"@type":"ListItem","position":2,"name":"Pointe-Pel\u00e9e &#8211; Informations suppl\u00e9mentaires"}]},{"@type":"WebSite","@id":"https:\/\/www.pitpitpit.com\/blogue\/#website","url":"https:\/\/www.pitpitpit.com\/blogue\/","name":"Serge Beaudette Nature","description":"Explorer, D\u00e9couvrir, Conna\u00eetre, S&#039;\u00e9merveiller!","publisher":{"@id":"https:\/\/www.pitpitpit.com\/blogue\/#organization"},"potentialAction":[{"@type":"SearchAction","target":{"@type":"EntryPoint","urlTemplate":"https:\/\/www.pitpitpit.com\/blogue\/?s={search_term_string}"},"query-input":"required name=search_term_string"}],"inLanguage":"fr-FR"},{"@type":"Organization","@id":"https:\/\/www.pitpitpit.com\/blogue\/#organization","name":"Serge Beaudette Nature","url":"https:\/\/www.pitpitpit.com\/blogue\/","logo":{"@type":"ImageObject","inLanguage":"fr-FR","@id":"https:\/\/www.pitpitpit.com\/blogue\/#\/schema\/logo\/image\/","url":"https:\/\/www.pitpitpit.com\/blogue\/wp-content\/uploads\/logo-web.jpg","contentUrl":"https:\/\/www.pitpitpit.com\/blogue\/wp-content\/uploads\/logo-web.jpg","width":284,"height":172,"caption":"Serge Beaudette Nature"},"image":{"@id":"https:\/\/www.pitpitpit.com\/blogue\/#\/schema\/logo\/image\/"},"sameAs":["https:\/\/www.facebook.com\/pitpitpitoiseaux"]}]}},"_links":{"self":[{"href":"https:\/\/www.pitpitpit.com\/blogue\/wp-json\/wp\/v2\/pages\/8660"}],"collection":[{"href":"https:\/\/www.pitpitpit.com\/blogue\/wp-json\/wp\/v2\/pages"}],"about":[{"href":"https:\/\/www.pitpitpit.com\/blogue\/wp-json\/wp\/v2\/types\/page"}],"author":[{"embeddable":true,"href":"https:\/\/www.pitpitpit.com\/blogue\/wp-json\/wp\/v2\/users\/2"}],"replies":[{"embeddable":true,"href":"https:\/\/www.pitpitpit.com\/blogue\/wp-json\/wp\/v2\/comments?post=8660"}],"version-history":[{"count":33,"href":"https:\/\/www.pitpitpit.com\/blogue\/wp-json\/wp\/v2\/pages\/8660\/revisions"}],"predecessor-version":[{"id":16087,"href":"https:\/\/www.pitpitpit.com\/blogue\/wp-json\/wp\/v2\/pages\/8660\/revisions\/16087"}],"wp:attachment":[{"href":"https:\/\/www.pitpitpit.com\/blogue\/wp-json\/wp\/v2\/media?parent=8660"}],"curies":[{"name":"wp","href":"https:\/\/api.w.org\/{rel}","templated":true}]}}